{"id":7356,"date":"2026-01-27T16:49:21","date_gmt":"2026-01-27T08:49:21","guid":{"rendered":"https:\/\/www.unimpcb.com\/?page_id=7356"},"modified":"2026-03-09T20:02:53","modified_gmt":"2026-03-09T12:02:53","slug":"more-than-pcb","status":"publish","type":"page","link":"https:\/\/www.unimpcb.com\/pt\/about-us\/more-than-pcb\/","title":{"rendered":"Mais do que PCB"},"content":{"rendered":"<div data-elementor-type=\"wp-page\" data-elementor-id=\"7356\" class=\"elementor elementor-7356\" data-elementor-post-type=\"page\">\n\t\t\t\t\t\t<section class=\"elementor-section elementor-top-section elementor-element elementor-element-270588c elementor-section-full_width elementor-section-height-min-height elementor-section-height-default elementor-section-items-middle\" data-id=\"270588c\" data-element_type=\"section\" data-e-type=\"section\" data-settings=\"{&quot;background_background&quot;:&quot;classic&quot;}\">\n\t\t\t\t\t\t\t<div class=\"elementor-background-overlay\"><\/div>\n\t\t\t\t\t\t\t<div class=\"elementor-container elementor-column-gap-default\">\n\t\t\t\t\t<div class=\"elementor-column elementor-col-100 elementor-top-column elementor-element elementor-element-af6fb2c\" data-id=\"af6fb2c\" data-element_type=\"column\" data-e-type=\"column\" data-settings=\"{&quot;background_background&quot;:&quot;classic&quot;}\">\n\t\t\t<div class=\"elementor-widget-wrap elementor-element-populated\">\n\t\t\t\t\t\t<section class=\"elementor-section elementor-inner-section elementor-element elementor-element-eecd62e elementor-section-boxed elementor-section-height-default elementor-section-height-default\" data-id=\"eecd62e\" data-element_type=\"section\" data-e-type=\"section\" data-settings=\"{&quot;background_background&quot;:&quot;classic&quot;}\">\n\t\t\t\t\t\t<div class=\"elementor-container elementor-column-gap-default\">\n\t\t\t\t\t<div class=\"elementor-column elementor-col-100 elementor-inner-column elementor-element elementor-element-51ad07a\" data-id=\"51ad07a\" data-element_type=\"column\" data-e-type=\"column\">\n\t\t\t<div class=\"elementor-widget-wrap elementor-element-populated\">\n\t\t\t\t\t\t<div class=\"elementor-element elementor-element-932bca1 elementor-widget elementor-widget-heading\" data-id=\"932bca1\" data-element_type=\"widget\" data-e-type=\"widget\" data-widget_type=\"heading.default\">\n\t\t\t\t\t<h1 class=\"elementor-heading-title elementor-size-default\">Um grande fornecedor de PCB da China com melhores engenheiros, gerenciamento, equipamento e d\u00e9cadas de experi\u00eancia.<\/h1>\t\t\t\t<\/div>\n\t\t\t\t\t<\/div>\n\t\t<\/div>\n\t\t\t\t\t<\/div>\n\t\t<\/section>\n\t\t\t\t\t<\/div>\n\t\t<\/div>\n\t\t\t\t\t<\/div>\n\t\t<\/section>\n\t\t\t\t<section class=\"elementor-section elementor-top-section elementor-element elementor-element-dfc247d elementor-section-boxed elementor-section-height-default elementor-section-height-default\" data-id=\"dfc247d\" data-element_type=\"section\" data-e-type=\"section\" data-settings=\"{&quot;background_background&quot;:&quot;classic&quot;}\">\n\t\t\t\t\t\t\t<div class=\"elementor-background-overlay\"><\/div>\n\t\t\t\t\t\t\t<div class=\"elementor-container elementor-column-gap-default\">\n\t\t\t\t\t<div class=\"elementor-column elementor-col-100 elementor-top-column elementor-element elementor-element-8fdd1fa\" data-id=\"8fdd1fa\" data-element_type=\"column\" data-e-type=\"column\">\n\t\t\t<div class=\"elementor-widget-wrap elementor-element-populated\">\n\t\t\t\t\t\t<section class=\"elementor-section elementor-inner-section elementor-element elementor-element-3b8c4aa elementor-section-full_width elementor-section-height-default elementor-section-height-default\" data-id=\"3b8c4aa\" data-element_type=\"section\" data-e-type=\"section\">\n\t\t\t\t\t\t<div class=\"elementor-container elementor-column-gap-default\">\n\t\t\t\t\t<div class=\"elementor-column elementor-col-100 elementor-inner-column elementor-element elementor-element-294a3cf\" data-id=\"294a3cf\" data-element_type=\"column\" data-e-type=\"column\">\n\t\t\t<div class=\"elementor-widget-wrap elementor-element-populated\">\n\t\t\t\t\t\t<div class=\"elementor-element elementor-element-57caa44 elementor-widget elementor-widget-heading\" data-id=\"57caa44\" data-element_type=\"widget\" data-e-type=\"widget\" data-widget_type=\"heading.default\">\n\t\t\t\t\t<h2 class=\"elementor-heading-title elementor-size-default\">Mais do que PCB<\/h2>\t\t\t\t<\/div>\n\t\t\t\t<div class=\"elementor-element elementor-element-3045dbf elementor-widget elementor-widget-text-editor\" data-id=\"3045dbf\" data-element_type=\"widget\" data-e-type=\"widget\" data-widget_type=\"text-editor.default\">\n\t\t\t\t\t\t\t\t\t<p>Parceria real de A-Z<\/p>\t\t\t\t\t\t\t\t<\/div>\n\t\t\t\t<div class=\"elementor-element elementor-element-3419a92 elementor-widget elementor-widget-text-editor\" data-id=\"3419a92\" data-element_type=\"widget\" data-e-type=\"widget\" data-widget_type=\"text-editor.default\">\n\t\t\t\t\t\t\t\t\t<p>Para n\u00f3s, os servi\u00e7os contempor\u00e2neos de fabrica\u00e7\u00e3o de eletr\u00f4nica (EMS) s\u00e3o mais do que apenas cuidar da produ\u00e7\u00e3o de PCB. Trata-se de se tornar uma parte integrada das cadeias de abastecimento de nossos clientes \u2013 um verdadeiro parceiro tecnol\u00f3gico com uma compreens\u00e3o completa e inteligente de seu neg\u00f3cio. Para algumas empresas iniciais, podemos oferecer servi\u00e7os adicionais para satisfazer seus requisitos de design e teste, assegurando que o que elas imaginam \u00e9 fornecido exatamente.<\/p>\t\t\t\t\t\t\t\t<\/div>\n\t\t\t\t<div class=\"elementor-element elementor-element-4494669 elementor-widget elementor-widget-text-editor\" data-id=\"4494669\" data-element_type=\"widget\" data-e-type=\"widget\" data-widget_type=\"text-editor.default\">\n\t\t\t\t\t\t\t\t\t<p>Como se parece um parceiro tecnol\u00f3gico? Veja por si pr\u00f3prio nas p\u00e1ginas seguintes e aprende como nossa experi\u00eancia em engenharia, compromisso com a seguran\u00e7a e qualidade podem ajudar voc\u00ea.<\/p>\t\t\t\t\t\t\t\t<\/div>\n\t\t\t\t\t<\/div>\n\t\t<\/div>\n\t\t\t\t\t<\/div>\n\t\t<\/section>\n\t\t\t\t\t<\/div>\n\t\t<\/div>\n\t\t\t\t\t<\/div>\n\t\t<\/section>\n\t\t\t\t<section class=\"elementor-section elementor-top-section elementor-element elementor-element-fab44c3 elementor-section-boxed elementor-section-height-default elementor-section-height-default\" data-id=\"fab44c3\" data-element_type=\"section\" data-e-type=\"section\" data-settings=\"{&quot;background_background&quot;:&quot;classic&quot;}\">\n\t\t\t\t\t\t\t<div class=\"elementor-background-overlay\"><\/div>\n\t\t\t\t\t\t\t<div class=\"elementor-container elementor-column-gap-default\">\n\t\t\t\t\t<div class=\"elementor-column elementor-col-100 elementor-top-column elementor-element elementor-element-7569641\" data-id=\"7569641\" data-element_type=\"column\" data-e-type=\"column\">\n\t\t\t<div class=\"elementor-widget-wrap elementor-element-populated\">\n\t\t\t\t\t\t<section class=\"elementor-section elementor-inner-section elementor-element elementor-element-5dbb86e elementor-section-full_width elementor-section-height-default elementor-section-height-default\" data-id=\"5dbb86e\" data-element_type=\"section\" data-e-type=\"section\">\n\t\t\t\t\t\t<div class=\"elementor-container elementor-column-gap-default\">\n\t\t\t\t\t<div class=\"elementor-column elementor-col-100 elementor-inner-column elementor-element elementor-element-cb2ceaa\" data-id=\"cb2ceaa\" data-element_type=\"column\" data-e-type=\"column\">\n\t\t\t<div class=\"elementor-widget-wrap elementor-element-populated\">\n\t\t\t\t\t\t<div class=\"elementor-element elementor-element-3dfb9ba elementor-widget elementor-widget-heading\" data-id=\"3dfb9ba\" data-element_type=\"widget\" data-e-type=\"widget\" data-widget_type=\"heading.default\">\n\t\t\t\t\t<h2 class=\"elementor-heading-title elementor-size-default\">Alguns dos benef\u00edcios principais <br>de trabalhar connosco<\/h2>\t\t\t\t<\/div>\n\t\t\t\t<div class=\"elementor-element elementor-element-848a19e elementor-widget elementor-widget-text-editor\" data-id=\"848a19e\" data-element_type=\"widget\" data-e-type=\"widget\" data-widget_type=\"text-editor.default\">\n\t\t\t\t\t\t\t\t\t<p>Com nossa equipe de design, equipe de fabrica\u00e7\u00e3o de PCB, equipe de assembleia de PCB e equipe de aquisi\u00e7\u00e3o de componentes, a UMEC est\u00e1 comprometida a fornecer pesquisa e desenvolvimento personalizados, Solu\u00e7\u00f5es D-provadas e flex\u00edveis para design e fabrica\u00e7\u00e3o de PCB em pequenos e m\u00e9dios lotes. Em 10 anos, a UMEC construiu uma plataforma de inova\u00e7\u00e3o de hardware de um \u00fanico ponto que transforma os clientes&#8217; diagramas esquemas em prot\u00f3tipos e produtos completamente formados.<\/p>\t\t\t\t\t\t\t\t<\/div>\n\t\t\t\t<div class=\"elementor-element elementor-element-6cdc5e9 elementor-widget elementor-widget-image\" data-id=\"6cdc5e9\" data-element_type=\"widget\" data-e-type=\"widget\" data-widget_type=\"image.default\">\n\t\t\t\t\t\t\t\t\t\t\t\t\t\t\t<img fetchpriority=\"high\" decoding=\"async\" width=\"800\" height=\"447\" src=\"https:\/\/www.unimpcb.com\/wp-content\/uploads\/2026\/02\/MORE-THAN-PCB-1024x572.jpg\" class=\"attachment-large size-large wp-image-8231\" alt=\"Mais do que PCB\" srcset=\"https:\/\/www.unimpcb.com\/wp-content\/uploads\/2026\/02\/MORE-THAN-PCB-1024x572.jpg 1024w, https:\/\/www.unimpcb.com\/wp-content\/uploads\/2026\/02\/MORE-THAN-PCB-300x167.jpg 300w, https:\/\/www.unimpcb.com\/wp-content\/uploads\/2026\/02\/MORE-THAN-PCB-768x429.jpg 768w, https:\/\/www.unimpcb.com\/wp-content\/uploads\/2026\/02\/MORE-THAN-PCB-18x10.jpg 18w, https:\/\/www.unimpcb.com\/wp-content\/uploads\/2026\/02\/MORE-THAN-PCB-600x335.jpg 600w, https:\/\/www.unimpcb.com\/wp-content\/uploads\/2026\/02\/MORE-THAN-PCB.jpg 1245w\" sizes=\"(max-width: 800px) 100vw, 800px\" \/>\t\t\t\t\t\t\t\t\t\t\t\t\t\t\t<\/div>\n\t\t\t\t\t<\/div>\n\t\t<\/div>\n\t\t\t\t\t<\/div>\n\t\t<\/section>\n\t\t\t\t<section class=\"elementor-section elementor-inner-section elementor-element elementor-element-17ab3d2 elementor-section-full_width elementor-section-height-default elementor-section-height-default\" data-id=\"17ab3d2\" data-element_type=\"section\" data-e-type=\"section\">\n\t\t\t\t\t\t<div class=\"elementor-container elementor-column-gap-default\">\n\t\t\t\t\t<div class=\"elementor-column elementor-col-100 elementor-inner-column elementor-element elementor-element-eb4371b\" data-id=\"eb4371b\" data-element_type=\"column\" data-e-type=\"column\">\n\t\t\t<div class=\"elementor-widget-wrap elementor-element-populated\">\n\t\t\t\t\t\t<div class=\"elementor-element elementor-element-200782f elementor-widget elementor-widget-heading\" data-id=\"200782f\" data-element_type=\"widget\" data-e-type=\"widget\" data-widget_type=\"heading.default\">\n\t\t\t\t\t<h3 class=\"elementor-heading-title elementor-size-default\">Suas necessidades ser\u00e3o atendidas pela UMEC.<\/h3>\t\t\t\t<\/div>\n\t\t\t\t<div class=\"elementor-element elementor-element-d332fa7 elementor-widget elementor-widget-text-editor\" data-id=\"d332fa7\" data-element_type=\"widget\" data-e-type=\"widget\" data-widget_type=\"text-editor.default\">\n\t\t\t\t\t\t\t\t\t<table class=\"alignleft\" style=\"border-collapse: collapse; width: 100%; height: 171px;\" border=\"0\" width=\"100%\" cellspacing=\"0\" cellpadding=\"0\"><tbody><tr style=\"height: 13.50pt;\"><td class=\"et2\" style=\"height: 13px; width: 220.5pt; text-align: left; vertical-align: middle;\" width=\"294\" height=\"18\"><strong>Os problemas que voc\u00ea pode encontrar.<\/strong><\/td><td class=\"et2\" style=\"width: 220.5pt; height: 13px; text-align: left; vertical-align: middle;\" width=\"294\"><strong>O que fazemos.<\/strong><\/td><\/tr><tr style=\"height: 13.50pt;\"><td class=\"et2\" style=\"height: 13px; text-align: left; vertical-align: middle;\" height=\"18\">Falta de experi\u00eancia de engenharia.<\/td><td class=\"et2\" style=\"height: 13px; text-align: left; vertical-align: middle;\">experi\u00eancia de engenharia rica.<\/td><\/tr><tr style=\"height: 13.50pt;\"><td class=\"et2\" style=\"height: 13px; text-align: left; vertical-align: middle;\" height=\"18\">Diversos problemas inesperados levaram ao projeto&#8217; o fracasso.<\/td><td class=\"et2\" style=\"height: 13px; text-align: left; vertical-align: middle;\">A experi\u00eancia de engenharia rica elimina problemas e armadilhas no est\u00e1gio do design.<\/td><\/tr><tr style=\"height: 13.50pt;\"><td class=\"et2\" style=\"height: 13px; text-align: left; vertical-align: middle;\" height=\"18\">Coordene com m\u00faltiplos fornecedores.<\/td><td class=\"et2\" style=\"height: 13px; text-align: left; vertical-align: middle;\">Equipa profissional de design de PCB, f\u00e1brica de PCB, f\u00e1brica de assemblagem de PCB e equipe de aquisi\u00e7\u00e3o de componentes.<\/td><\/tr><tr style=\"height: 13.50pt;\"><td class=\"et2\" style=\"height: 13px; text-align: left; vertical-align: middle;\" height=\"18\">N\u00e3o h\u00e1 tempo e energia suficientes.<\/td><td class=\"et2\" style=\"height: 13px; text-align: left; vertical-align: middle;\">Fornecer um servi\u00e7o de uma paragem para economizar tempo e preocupar-se.<\/td><\/tr><tr style=\"height: 13.50pt;\"><td class=\"et2\" style=\"height: 13px; text-align: left; vertical-align: middle;\" height=\"18\">Controlo da qualidade do produto.<\/td><td class=\"et2\" style=\"height: 13px; text-align: left; vertical-align: middle;\">Processo rigoroso e forte for\u00e7a.<\/td><\/tr><tr style=\"height: 67.50pt;\"><td class=\"et2\" style=\"height: 67px; text-align: left; vertical-align: middle;\" height=\"90\">Alto custo de ensaio de hardware e erros.<\/td><td class=\"et3\" style=\"width: 220.5pt; height: 67px; text-align: left; vertical-align: middle;\" width=\"294\">Processo rigoroso e forte for\u00e7a.<br \/>Na ind\u00fastria do PCB h\u00e1 20 anos, processos e sistemas padronizados e rigorosos foram estabelecidos para reduzir eficazmente os problemas de qualidade.<\/td><\/tr><tr style=\"height: 13.50pt;\"><td class=\"et2\" style=\"height: 13px; text-align: left; vertical-align: middle;\" height=\"18\">\u00c9 n\u00e3o \u00e9 f\u00e1cil garantir a data de entrega.<\/td><td class=\"et2\" style=\"height: 13px; text-align: left; vertical-align: middle;\">Equipa pr\u00f3pria e f\u00e1brica, tempo de entrega mais control\u00e1vel.<\/td><\/tr><tr style=\"height: 13.50pt;\"><td class=\"et2\" style=\"height: 13px; text-align: left; vertical-align: middle;\" height=\"18\">O mercado pode n\u00e3o se permitem esperar.<\/td><td class=\"et2\" style=\"height: 13px; text-align: left; vertical-align: middle;\">Conceito de design PCB de &#8220; um sucesso de bordo , fabricante de expressos PCBA, para voc\u00ea comprar tempo para o mercado.<\/td><\/tr><\/tbody><\/table>\t\t\t\t\t\t\t\t<\/div>\n\t\t\t\t\t<\/div>\n\t\t<\/div>\n\t\t\t\t\t<\/div>\n\t\t<\/section>\n\t\t\t\t\t<\/div>\n\t\t<\/div>\n\t\t\t\t\t<\/div>\n\t\t<\/section>\n\t\t\t\t<section class=\"elementor-section elementor-top-section elementor-element elementor-element-1c82cbf elementor-section-boxed elementor-section-height-default elementor-section-height-default\" data-id=\"1c82cbf\" data-element_type=\"section\" data-e-type=\"section\" data-settings=\"{&quot;background_background&quot;:&quot;classic&quot;}\">\n\t\t\t\t\t\t\t<div class=\"elementor-background-overlay\"><\/div>\n\t\t\t\t\t\t\t<div class=\"elementor-container elementor-column-gap-default\">\n\t\t\t\t\t<div class=\"elementor-column elementor-col-100 elementor-top-column elementor-element elementor-element-29902e6\" data-id=\"29902e6\" data-element_type=\"column\" data-e-type=\"column\">\n\t\t\t<div class=\"elementor-widget-wrap elementor-element-populated\">\n\t\t\t\t\t\t<div class=\"elementor-element elementor-element-4d62b47 elementor-widget elementor-widget-heading\" data-id=\"4d62b47\" data-element_type=\"widget\" data-e-type=\"widget\" data-widget_type=\"heading.default\">\n\t\t\t\t\t<h2 class=\"elementor-heading-title elementor-size-default\">Contacte-nos, e vamos contar mais<\/h2>\t\t\t\t<\/div>\n\t\t\t\t<div class=\"elementor-element elementor-element-8f1de99 elementor-align-center elementor-widget elementor-widget-button\" data-id=\"8f1de99\" data-element_type=\"widget\" data-e-type=\"widget\" data-widget_type=\"button.default\">\n\t\t\t\t\t\t\t\t\t\t<a class=\"elementor-button elementor-button-link elementor-size-sm\" href=\"https:\/\/www.unimpcb.com\/pt\/contact\/\" target=\"_blank\">\n\t\t\t\t\t\t<span class=\"elementor-button-content-wrapper\">\n\t\t\t\t\t\t<span class=\"elementor-button-icon\">\n\t\t\t\t<svg aria-hidden=\"true\" class=\"e-font-icon-svg e-far-hand-point-up\" viewbox=\"0 0 448 512\" xmlns=\"http:\/\/www.w3.org\/2000\/svg\"><path d=\"M105.6 83.2v86.177a115.52 115.52 0 0 0-22.4-2.176c-47.914 0-83.2 35.072-83.2 92 0 45.314 48.537 57.002 78.784 75.707 12.413 7.735 23.317 16.994 33.253 25.851l.146.131.148.129C129.807 376.338 136 384.236 136 391.2v2.679c-4.952 5.747-8 13.536-8 22.12v64c0 17.673 12.894 32 28.8 32h230.4c15.906 0 28.8-14.327 28.8-32v-64c0-8.584-3.048-16.373-8-22.12V391.2c0-28.688 40-67.137 40-127.2v-21.299c0-62.542-38.658-98.8-91.145-99.94-17.813-12.482-40.785-18.491-62.791-15.985A93.148 93.148 0 0 0 272 118.847V83.2C272 37.765 234.416 0 188.8 0c-45.099 0-83.2 38.101-83.2 83.2zm118.4 0v91.026c14.669-12.837 42.825-14.415 61.05 4.95 19.646-11.227 45.624-1.687 53.625 12.925 39.128-6.524 61.325 10.076 61.325 50.6V264c0 45.491-35.913 77.21-39.676 120H183.571c-2.964-25.239-21.222-42.966-39.596-59.075-12.65-11.275-25.3-21.725-39.875-30.799C80.712 279.645 48 267.994 48 259.2c0-23.375 8.8-44 35.2-44 35.2 0 53.075 26.4 70.4 26.4V83.2c0-18.425 16.5-35.2 35.2-35.2 18.975 0 35.2 16.225 35.2 35.2zM352 424c13.255 0 24 10.745 24 24s-10.745 24-24 24-24-10.745-24-24 10.745-24 24-24z\"><\/path><\/svg>\t\t\t<\/span>\n\t\t\t\t\t\t\t\t\t<span class=\"elementor-button-text\">Contacte-nos <\/span>\n\t\t\t\t\t<\/span>\n\t\t\t\t\t<\/a>\n\t\t\t\t\t\t\t\t<\/div>\n\t\t\t\t\t<\/div>\n\t\t<\/div>\n\t\t\t\t\t<\/div>\n\t\t<\/section>\n\t\t\t\t<\/div>","protected":false},"excerpt":{"rendered":"<p>A great China PCB Supplier with top engineers, management, equipment, and decades of experience. MORE THAN PCB Genuine partnership from A-Z For us, contemporary electronics manufacturing services (EMS) are about more than simply taking care of PCB production. It is about becoming an integrated part of our customers\u2019 supply chains \u2013 a true technology partner [&hellip;]<\/p>\n","protected":false},"author":1,"featured_media":0,"parent":28,"menu_order":17,"comment_status":"closed","ping_status":"closed","template":"elementor_header_footer","meta":{"footnotes":""},"class_list":["post-7356","page","type-page","status-publish","hentry"],"_links":{"self":[{"href":"https:\/\/www.unimpcb.com\/pt\/wp-json\/wp\/v2\/pages\/7356","targetHints":{"allow":["GET"]}}],"collection":[{"href":"https:\/\/www.unimpcb.com\/pt\/wp-json\/wp\/v2\/pages"}],"about":[{"href":"https:\/\/www.unimpcb.com\/pt\/wp-json\/wp\/v2\/types\/page"}],"author":[{"embeddable":true,"href":"https:\/\/www.unimpcb.com\/pt\/wp-json\/wp\/v2\/users\/1"}],"replies":[{"embeddable":true,"href":"https:\/\/www.unimpcb.com\/pt\/wp-json\/wp\/v2\/comments?post=7356"}],"version-history":[{"count":0,"href":"https:\/\/www.unimpcb.com\/pt\/wp-json\/wp\/v2\/pages\/7356\/revisions"}],"up":[{"embeddable":true,"href":"https:\/\/www.unimpcb.com\/pt\/wp-json\/wp\/v2\/pages\/28"}],"wp:attachment":[{"href":"https:\/\/www.unimpcb.com\/pt\/wp-json\/wp\/v2\/media?parent=7356"}],"curies":[{"name":"wp","href":"https:\/\/api.w.org\/{rel}","templated":true}]}}