{"id":5616,"date":"2026-01-07T15:17:56","date_gmt":"2026-01-07T07:17:56","guid":{"rendered":"https:\/\/www.unimpcb.com\/?page_id=5616"},"modified":"2026-03-09T19:36:53","modified_gmt":"2026-03-09T11:36:53","slug":"pcb-assembly","status":"publish","type":"page","link":"https:\/\/www.unimpcb.com\/pt\/technology\/pcb-assembly\/","title":{"rendered":"Assembleia PCB"},"content":{"rendered":"<div data-elementor-type=\"wp-page\" data-elementor-id=\"5616\" class=\"elementor elementor-5616\" data-elementor-post-type=\"page\">\n\t\t\t\t\t\t<section class=\"elementor-section elementor-top-section elementor-element elementor-element-35e919f elementor-section-full_width elementor-section-height-min-height elementor-section-height-default elementor-section-items-middle\" data-id=\"35e919f\" data-element_type=\"section\" data-e-type=\"section\" data-settings=\"{&quot;background_background&quot;:&quot;classic&quot;}\">\n\t\t\t\t\t\t\t<div class=\"elementor-background-overlay\"><\/div>\n\t\t\t\t\t\t\t<div class=\"elementor-container elementor-column-gap-default\">\n\t\t\t\t\t<div class=\"elementor-column elementor-col-100 elementor-top-column elementor-element elementor-element-e4cc0bf\" data-id=\"e4cc0bf\" data-element_type=\"column\" data-e-type=\"column\" data-settings=\"{&quot;background_background&quot;:&quot;classic&quot;}\">\n\t\t\t<div class=\"elementor-widget-wrap elementor-element-populated\">\n\t\t\t\t\t\t<section class=\"elementor-section elementor-inner-section elementor-element elementor-element-53d71f0 elementor-section-boxed elementor-section-height-default elementor-section-height-default\" data-id=\"53d71f0\" data-element_type=\"section\" data-e-type=\"section\" data-settings=\"{&quot;background_background&quot;:&quot;classic&quot;}\">\n\t\t\t\t\t\t<div class=\"elementor-container elementor-column-gap-default\">\n\t\t\t\t\t<div class=\"elementor-column elementor-col-100 elementor-inner-column elementor-element elementor-element-3279fb0\" data-id=\"3279fb0\" data-element_type=\"column\" data-e-type=\"column\">\n\t\t\t<div class=\"elementor-widget-wrap elementor-element-populated\">\n\t\t\t\t\t\t\t<\/div>\n\t\t<\/div>\n\t\t\t\t\t<\/div>\n\t\t<\/section>\n\t\t\t\t\t<\/div>\n\t\t<\/div>\n\t\t\t\t\t<\/div>\n\t\t<\/section>\n\t\t\t\t<section class=\"elementor-section elementor-top-section elementor-element elementor-element-fba3306 elementor-section-boxed elementor-section-height-default elementor-section-height-default\" data-id=\"fba3306\" data-element_type=\"section\" data-e-type=\"section\" data-settings=\"{&quot;background_background&quot;:&quot;classic&quot;}\">\n\t\t\t\t\t\t\t<div class=\"elementor-background-overlay\"><\/div>\n\t\t\t\t\t\t\t<div class=\"elementor-container elementor-column-gap-default\">\n\t\t\t\t\t<div class=\"elementor-column elementor-col-100 elementor-top-column elementor-element elementor-element-bd49e46\" data-id=\"bd49e46\" data-element_type=\"column\" data-e-type=\"column\">\n\t\t\t<div class=\"elementor-widget-wrap elementor-element-populated\">\n\t\t\t\t\t\t<section class=\"elementor-section elementor-inner-section elementor-element elementor-element-8c5eb03 elementor-section-boxed elementor-section-height-default elementor-section-height-default\" data-id=\"8c5eb03\" data-element_type=\"section\" data-e-type=\"section\">\n\t\t\t\t\t\t<div class=\"elementor-container elementor-column-gap-default\">\n\t\t\t\t\t<div class=\"elementor-column elementor-col-100 elementor-inner-column elementor-element elementor-element-dd75e9d\" data-id=\"dd75e9d\" data-element_type=\"column\" data-e-type=\"column\">\n\t\t\t<div class=\"elementor-widget-wrap elementor-element-populated\">\n\t\t\t\t\t\t<div class=\"elementor-element elementor-element-1e6c5a9 elementor-widget elementor-widget-heading\" data-id=\"1e6c5a9\" data-element_type=\"widget\" data-e-type=\"widget\" data-widget_type=\"heading.default\">\n\t\t\t\t\t<h2 class=\"elementor-heading-title elementor-size-default\">Montagem de PCB<\/h2>\t\t\t\t<\/div>\n\t\t\t\t<div class=\"elementor-element elementor-element-d7b0a42 elementor-widget elementor-widget-text-editor\" data-id=\"d7b0a42\" data-element_type=\"widget\" data-e-type=\"widget\" data-widget_type=\"text-editor.default\">\n\t\t\t\t\t\t\t\t\t<p>Temos 60 linhas de produ\u00e7\u00e3o SMT, equipadas com novas m\u00e1quinas de impress\u00e3o Fuji NXTIII, AIMEX, XPF de pasta de soldador autom\u00e1tico completo, fornos de refluxo de nitrog\u00eanio livre de chumbo de 15 temperaturas, soldamento de ondas e outros equipamentos de alto n\u00edvel, AOI, 3D SPI, 3D X-RAY, testes inteligentes de primeiros artigos, separadores de placas autom\u00e1ticos completos, m\u00e1quinas de crimping, esta\u00e7\u00f5es de reestrutura\u00e7\u00e3o da BGA e tinta de tr\u00eas prote\u00e7\u00f5es. Nosso foco \u00e9 na investiga\u00e7\u00e3o e desenvolvimento de alta qualidade D para provas, processamento, montagem e outros servi\u00e7os SMT em pequena, m\u00e9dia e grande escala.<\/p><p>Se voc\u00ea n\u00e3o consegue encontrar a resposta que est\u00e1 procurando ou gostaria de mais detalhes, por favor <a class=\"a-link\" href=\"https:\/\/www.unimpcb.com\/pt\/contact\/\" target=\"_blank\" rel=\"noopener\"><span style=\"color: #ff6600;\"><strong>contato<\/strong><\/span><\/a>\u00a0n\u00f3s, e estar\u00edamos mais do que felizes em assistir.<\/p>\t\t\t\t\t\t\t\t<\/div>\n\t\t\t\t<div class=\"elementor-element elementor-element-ad4f08c elementor-widget elementor-widget-text-editor\" data-id=\"ad4f08c\" data-element_type=\"widget\" data-e-type=\"widget\" data-widget_type=\"text-editor.default\">\n\t\t\t\t\t\t\t\t\t<p>As seguintes listam as capacidades b\u00e1sicas de processamento de SMT de nossos parceiros.<\/p>\t\t\t\t\t\t\t\t<\/div>\n\t\t\t\t\t<\/div>\n\t\t<\/div>\n\t\t\t\t\t<\/div>\n\t\t<\/section>\n\t\t\t\t<section class=\"elementor-section elementor-inner-section elementor-element elementor-element-915839d elementor-section-height-min-height elementor-section-boxed elementor-section-height-default\" data-id=\"915839d\" data-element_type=\"section\" data-e-type=\"section\">\n\t\t\t\t\t\t<div class=\"elementor-container elementor-column-gap-default\">\n\t\t\t\t\t<div class=\"elementor-column elementor-col-100 elementor-inner-column elementor-element elementor-element-6ff6dea\" data-id=\"6ff6dea\" data-element_type=\"column\" data-e-type=\"column\">\n\t\t\t<div class=\"elementor-widget-wrap elementor-element-populated\">\n\t\t\t\t\t\t<div class=\"elementor-element elementor-element-4c4cea9 table elementor-widget elementor-widget-text-editor\" data-id=\"4c4cea9\" data-element_type=\"widget\" data-e-type=\"widget\" data-widget_type=\"text-editor.default\">\n\t\t\t\t\t\t\t\t\t<table style=\"border-collapse: collapse; width: 100%;\" border=\"0\" width=\"100%\" cellspacing=\"0\" cellpadding=\"0\"><tbody><tr style=\"height: 13.50pt;\"><td class=\"et3\" style=\"height: 13px; width: 14.43%; vertical-align: middle;\" width=\"72\" height=\"18\">\u00a0<\/td><td class=\"et4\" style=\"width: 9.9567%; height: 13px; vertical-align: middle;\" colspan=\"2\" width=\"72\"><strong>Projeto<\/strong><\/td><td class=\"et4\" style=\"width: 18.1818%; height: 13px; vertical-align: middle;\" width=\"294\"><strong>Tecnologia convencional<\/strong><\/td><td class=\"et4\" style=\"width: 20.3463%; height: 13px; vertical-align: middle;\" width=\"294\"><strong>Tecnologia n\u00e3o convencional<\/strong><\/td><td class=\"et4\" style=\"width: 23.9538%; height: 13px; vertical-align: middle;\" width=\"294\"><strong>Observa\u00e7\u00f5es<\/strong><\/td><\/tr><tr style=\"height: 54.00pt;\"><td class=\"et4\" style=\"height: 531px; width: 14.43%; vertical-align: middle;\" rowspan=\"8\" width=\"72\" height=\"450\"><strong>Processo SMT<\/strong><\/td><td class=\"et3\" style=\"width: 9.9567%; height: 240px; vertical-align: middle;\" rowspan=\"3\" width=\"72\">PCB<\/td><td class=\"et3\" style=\"width: 13.1313%; height: 96px; vertical-align: middle;\" width=\"72\">Tamanho m\u00ednimo<\/td><td class=\"et3\" style=\"width: 18.1818%; height: 96px; vertical-align: middle;\" width=\"294\">L \u2265 50 mm W \u2265 50 mm<\/td><td class=\"et3\" style=\"width: 20.3463%; height: 96px; vertical-align: middle;\" width=\"294\">L&lt; 50 mm W&lt; 50mm<\/td><td class=\"et3\" style=\"width: 23.9538%; height: 96px; vertical-align: middle;\" width=\"294\">A dist\u00e2ncia entre os componentes de superf\u00edcie BOT, TOP e Markpoints e a borda do painel deve ser de 3 mm;<\/td><\/tr><tr style=\"height: 27.00pt;\"><td class=\"et3\" style=\"width: 13.1313%; height: 48px; vertical-align: middle;\" width=\"72\">Tamanho m\u00e1ximo<\/td><td class=\"et3\" style=\"width: 18.1818%; height: 48px; vertical-align: middle;\" width=\"294\">L \u2265 50 mm W \u2265 50 mm<\/td><td class=\"et3\" style=\"width: 20.3463%; height: 48px; vertical-align: middle;\" width=\"294\">L\u2264600mm W\u2264450mm<\/td><td class=\"et2\" style=\"height: 48px; vertical-align: middle; width: 23.9538%;\">\u00a0<\/td><\/tr><tr style=\"height: 54.00pt;\"><td class=\"et3\" style=\"width: 13.1313%; height: 96px; vertical-align: middle;\" width=\"72\">espessura do componente (t)<\/td><td class=\"et3\" style=\"width: 18.1818%; height: 96px; vertical-align: middle;\" width=\"294\">0,5 mm\u2264T\u22643mm<\/td><td class=\"et3\" style=\"width: 20.3463%; height: 96px; vertical-align: middle;\" width=\"294\">T&lt; 0,5mm, T&gt; 3mm<\/td><td class=\"et3\" style=\"width: 23.9538%; height: 96px; vertical-align: middle;\" width=\"294\">O tamanho do PCB n\u00e3o convencional est\u00e1 dentro do \u00e2mbito do equipamento de impress\u00e3o semiautom\u00e1tica, e a precis\u00e3o m\u00ednima \u00e9 de 0,5 Pitch<\/td><\/tr><tr style=\"height: 27.00pt;\"><td class=\"et3\" style=\"width: 9.9567%; height: 149px; vertical-align: middle;\" rowspan=\"3\" width=\"72\">Tamanho do dispositivo<\/td><td class=\"et3\" style=\"width: 13.1313%; height: 48px; vertical-align: middle;\" width=\"72\">Paquete m\u00ednimo<\/td><td class=\"et3\" style=\"width: 18.1818%; height: 48px; vertical-align: middle;\" width=\"294\">0201(0.6mm*0.3mm)<\/td><td class=\"et3\" style=\"width: 20.3463%; height: 48px; vertical-align: middle;\" width=\"294\">01005(0.3mm*0.2mm)<\/td><td class=\"et3\" style=\"width: 23.9538%; height: 291px; vertical-align: middle;\" rowspan=\"5\" width=\"294\">Altura do dispositivo de processo de dois lados 25 mm.<\/td><\/tr><tr style=\"height: 27.00pt;\"><td class=\"et3\" style=\"width: 13.1313%; height: 48px; vertical-align: middle;\" width=\"72\">Tamanho m\u00e1ximo<\/td><td class=\"et3\" style=\"width: 18.1818%; height: 48px; vertical-align: middle;\" width=\"294\">SMD\u2264200 mm*125mm<\/td><td class=\"et3\" style=\"width: 20.3463%; height: 48px; vertical-align: middle;\" width=\"294\">SMD&gt; 200mm*125mm<\/td><\/tr><tr style=\"height: 40.50pt;\"><td class=\"et3\" style=\"width: 13.1313%; height: 53px; vertical-align: middle;\" width=\"72\">Espessura do dispositivo<\/td><td class=\"et3\" style=\"width: 18.1818%; height: 53px; vertical-align: middle;\" width=\"294\">T\u226415 mm<\/td><td class=\"et3\" style=\"width: 20.3463%; height: 53px; vertical-align: middle;\" width=\"294\">T&gt; 15mm<\/td><\/tr><tr style=\"height: 67.50pt;\"><td class=\"et3\" style=\"width: 9.9567%; height: 89px; vertical-align: middle;\" width=\"72\">QFP, SOP, SOJ e outros pol\u00edpodos.<\/td><td class=\"et3\" style=\"width: 13.1313%; height: 89px; vertical-align: middle;\" width=\"72\">Espa\u00e7o m\u00ednimo de PiN<\/td><td class=\"et3\" style=\"width: 18.1818%; height: 89px; vertical-align: middle;\" width=\"294\">0.35mm<\/td><td class=\"et3\" style=\"width: 20.3463%; height: 89px; vertical-align: middle;\" width=\"294\">0,3 mm\u2264Pitch&lt; 0,35mm<\/td><\/tr><tr style=\"height: 40.50pt;\"><td class=\"et3\" style=\"width: 9.9567%; height: 53px; vertical-align: middle;\" width=\"72\">CSP BGA<\/td><td class=\"et3\" style=\"width: 13.1313%; height: 53px; vertical-align: middle;\" width=\"72\">Espa\u00e7o m\u00ednimo de bola<\/td><td class=\"et3\" style=\"width: 18.1818%; height: 53px; vertical-align: middle;\" width=\"294\">0.35mm<\/td><td class=\"et3\" style=\"width: 20.3463%; height: 53px; vertical-align: middle;\" width=\"294\">0,3 mm\u2264Pitch&lt; 0,35mm<\/td><\/tr><tr style=\"height: 27.00pt;\"><td class=\"et4\" style=\"height: 179px; width: 14.43%; vertical-align: middle;\" rowspan=\"4\" width=\"72\" height=\"144\"><strong>Processo DIP (soldamento de ondas)<\/strong><\/td><td class=\"et3\" style=\"width: 9.9567%; height: 179px; vertical-align: middle;\" rowspan=\"4\" width=\"72\">Tamanho do PCB<\/td><td class=\"et3\" style=\"width: 13.1313%; height: 48px; vertical-align: middle;\" width=\"72\">Tamanho m\u00ednimo<\/td><td class=\"et3\" style=\"width: 18.1818%; height: 48px; vertical-align: middle;\" width=\"294\">L \u2265 50 mm W \u2265 50 mm<\/td><td class=\"et3\" style=\"width: 20.3463%; height: 48px; vertical-align: middle;\" width=\"294\">L&lt; 50mm<\/td><td class=\"et3\" style=\"width: 23.9538%; height: 179px; vertical-align: middle;\" rowspan=\"4\" width=\"294\">1. Elemento de superf\u00edcie BOT &lt; 5 mm;  2. - A dist\u00e2ncia entre a ponta do componente de conex\u00e3o e a parte SMT na superf\u00edcie BOT &gt; A espessura da parte SMT \u00e9 de 2,0 mm.<\/td><\/tr><tr style=\"height: 27.00pt;\"><td class=\"et3\" style=\"width: 13.1313%; height: 48px; vertical-align: middle;\" width=\"72\">Tamanho m\u00e1ximo<\/td><td class=\"et3\" style=\"width: 18.1818%; height: 48px; vertical-align: middle;\" width=\"294\">L\u2264500mm W\u2264400mm<\/td><td class=\"et3\" style=\"width: 20.3463%; height: 48px; vertical-align: middle;\" width=\"294\">L&lt; 800mm W\u2264400mm<\/td><\/tr><tr style=\"height: 27.00pt;\"><td class=\"et3\" style=\"width: 13.1313%; height: 48px; vertical-align: middle;\" width=\"72\">O tamanho mais fino<\/td><td class=\"et3\" style=\"width: 18.1818%; height: 48px; vertical-align: middle;\" width=\"294\">0.5mm<\/td><td class=\"et3\" style=\"width: 20.3463%; height: 48px; vertical-align: middle;\" width=\"294\">T&lt; 0,5 mm<\/td><\/tr><tr style=\"height: 27.00pt;\"><td class=\"et3\" style=\"width: 13.1313%; height: 35px; vertical-align: middle;\" width=\"72\">O tamanho mais grosso<\/td><td class=\"et3\" style=\"width: 18.1818%; height: 35px; vertical-align: middle;\" width=\"294\">5mm<\/td><td class=\"et3\" style=\"width: 20.3463%; height: 35px; vertical-align: middle;\" width=\"294\">T&gt; 5mm<\/td><\/tr><tr style=\"height: 54.00pt;\"><td class=\"et4\" style=\"height: 125px; width: 14.43%; vertical-align: middle;\" rowspan=\"2\" width=\"72\" height=\"126\"><strong>Processo DlP (soldamento de ondas)<\/strong><\/td><td class=\"et3\" style=\"width: 9.9567%; height: 125px; vertical-align: middle;\" rowspan=\"2\" width=\"72\">Par\u00e2metro de processamento<\/td><td class=\"et3\" style=\"width: 13.1313%; height: 72px; vertical-align: middle;\" width=\"72\">Rango de toler\u00e2ncia \u00e0 temperatura<\/td><td class=\"et3\" style=\"width: 18.1818%; height: 72px; vertical-align: middle;\" width=\"294\">-30\u00b0C\u2264T\u2264120\u00b0C<\/td><td class=\"et3\" style=\"width: 20.3463%; height: 72px; vertical-align: middle;\" width=\"294\">-50\u00b0C\u2264T\u2264150\u2103<\/td><td class=\"et3\" style=\"width: 23.9538%; height: 72px; vertical-align: middle;\" width=\"294\">\u00a0<\/td><\/tr><tr style=\"height: 40.50pt;\"><td class=\"et3\" style=\"width: 13.1313%; height: 53px; vertical-align: middle;\" width=\"72\">Espessura de cobertura<\/td><td class=\"et3\" style=\"width: 18.1818%; height: 53px; vertical-align: middle;\" width=\"294\">20um\u2264T\u226450um<\/td><td class=\"et3\" style=\"width: 20.3463%; height: 53px; vertical-align: middle;\" width=\"294\">T&gt; 50um<\/td><td class=\"et3\" style=\"width: 23.9538%; height: 53px; vertical-align: middle;\" width=\"294\">\u00a0<\/td><\/tr><tr style=\"height: 13.50pt;\"><td class=\"et4\" style=\"height: 101px; width: 14.43%; vertical-align: middle;\" rowspan=\"3\" width=\"72\" height=\"90\"><strong>Processo de teste de agulhas voadoras<\/strong><\/td><td class=\"et3\" style=\"width: 9.9567%; height: 48px; vertical-align: middle;\" rowspan=\"2\" width=\"72\">Altura do dispositivo<\/td><td class=\"et3\" style=\"width: 13.1313%; height: 24px; vertical-align: middle;\" width=\"72\">para cima<\/td><td class=\"et3\" style=\"width: 18.1818%; height: 24px; vertical-align: middle;\" width=\"294\">H\u226460 mm<\/td><td class=\"et3\" style=\"width: 20.3463%; height: 24px; vertical-align: middle;\" width=\"294\">H&gt; 60 mm<\/td><td class=\"et3\" style=\"width: 23.9538%; height: 24px; vertical-align: middle;\" width=\"294\">\u00a0<\/td><\/tr><tr style=\"height: 13.50pt;\"><td class=\"et3\" style=\"width: 13.1313%; height: 24px; vertical-align: middle;\" width=\"72\">para baixo<\/td><td class=\"et3\" style=\"width: 18.1818%; height: 24px; vertical-align: middle;\" width=\"294\">H\u2264120mm<\/td><td class=\"et3\" style=\"width: 20.3463%; height: 24px; vertical-align: middle;\" width=\"294\">H&gt; 120mm<\/td><td class=\"et3\" style=\"width: 23.9538%; height: 24px; vertical-align: middle;\" width=\"294\">\u00a0<\/td><\/tr><tr style=\"height: 40.50pt;\"><td class=\"et3\" style=\"width: 9.9567%; height: 53px; vertical-align: middle;\" width=\"72\">espessura de PCB<\/td><td class=\"et3\" style=\"width: 13.1313%; height: 53px; vertical-align: middle;\" width=\"72\">espessura<\/td><td class=\"et3\" style=\"width: 18.1818%; height: 53px; vertical-align: middle;\" width=\"294\">T\u22645mm<\/td><td class=\"et3\" style=\"width: 20.3463%; height: 53px; vertical-align: middle;\" width=\"294\">T&gt; 5mm<\/td><td class=\"et3\" style=\"width: 23.9538%; height: 53px; vertical-align: middle;\" width=\"294\">\u00a0<\/td><\/tr><\/tbody><\/table>\t\t\t\t\t\t\t\t<\/div>\n\t\t\t\t\t<\/div>\n\t\t<\/div>\n\t\t\t\t\t<\/div>\n\t\t<\/section>\n\t\t\t\t\t<\/div>\n\t\t<\/div>\n\t\t\t\t\t<\/div>\n\t\t<\/section>\n\t\t\t\t<section class=\"elementor-section elementor-top-section elementor-element elementor-element-e09adbd elementor-section-boxed elementor-section-height-default elementor-section-height-default\" data-id=\"e09adbd\" data-element_type=\"section\" data-e-type=\"section\" data-settings=\"{&quot;background_background&quot;:&quot;classic&quot;}\">\n\t\t\t\t\t\t\t<div class=\"elementor-background-overlay\"><\/div>\n\t\t\t\t\t\t\t<div class=\"elementor-container elementor-column-gap-default\">\n\t\t\t\t\t<div class=\"elementor-column elementor-col-100 elementor-top-column elementor-element elementor-element-10a6fbf\" data-id=\"10a6fbf\" data-element_type=\"column\" data-e-type=\"column\">\n\t\t\t<div class=\"elementor-widget-wrap elementor-element-populated\">\n\t\t\t\t\t\t<div class=\"elementor-element elementor-element-9400aaf elementor-widget elementor-widget-heading\" data-id=\"9400aaf\" data-element_type=\"widget\" data-e-type=\"widget\" data-widget_type=\"heading.default\">\n\t\t\t\t\t<h2 class=\"elementor-heading-title elementor-size-default\">N\u00e3o encontrar o que voc\u00ea est\u00e1 procurando?<\/h2>\t\t\t\t<\/div>\n\t\t\t\t<div class=\"elementor-element elementor-element-033ca0c elementor-align-center elementor-widget elementor-widget-button\" data-id=\"033ca0c\" data-element_type=\"widget\" data-e-type=\"widget\" data-widget_type=\"button.default\">\n\t\t\t\t\t\t\t\t\t\t<a class=\"elementor-button elementor-button-link elementor-size-sm\" href=\"https:\/\/www.unimpcb.com\/pt\/contact\/\" target=\"_blank\">\n\t\t\t\t\t\t<span class=\"elementor-button-content-wrapper\">\n\t\t\t\t\t\t<span class=\"elementor-button-icon\">\n\t\t\t\t<svg aria-hidden=\"true\" class=\"e-font-icon-svg e-far-hand-point-up\" viewbox=\"0 0 448 512\" xmlns=\"http:\/\/www.w3.org\/2000\/svg\"><path d=\"M105.6 83.2v86.177a115.52 115.52 0 0 0-22.4-2.176c-47.914 0-83.2 35.072-83.2 92 0 45.314 48.537 57.002 78.784 75.707 12.413 7.735 23.317 16.994 33.253 25.851l.146.131.148.129C129.807 376.338 136 384.236 136 391.2v2.679c-4.952 5.747-8 13.536-8 22.12v64c0 17.673 12.894 32 28.8 32h230.4c15.906 0 28.8-14.327 28.8-32v-64c0-8.584-3.048-16.373-8-22.12V391.2c0-28.688 40-67.137 40-127.2v-21.299c0-62.542-38.658-98.8-91.145-99.94-17.813-12.482-40.785-18.491-62.791-15.985A93.148 93.148 0 0 0 272 118.847V83.2C272 37.765 234.416 0 188.8 0c-45.099 0-83.2 38.101-83.2 83.2zm118.4 0v91.026c14.669-12.837 42.825-14.415 61.05 4.95 19.646-11.227 45.624-1.687 53.625 12.925 39.128-6.524 61.325 10.076 61.325 50.6V264c0 45.491-35.913 77.21-39.676 120H183.571c-2.964-25.239-21.222-42.966-39.596-59.075-12.65-11.275-25.3-21.725-39.875-30.799C80.712 279.645 48 267.994 48 259.2c0-23.375 8.8-44 35.2-44 35.2 0 53.075 26.4 70.4 26.4V83.2c0-18.425 16.5-35.2 35.2-35.2 18.975 0 35.2 16.225 35.2 35.2zM352 424c13.255 0 24 10.745 24 24s-10.745 24-24 24-24-10.745-24-24 10.745-24 24-24z\"><\/path><\/svg>\t\t\t<\/span>\n\t\t\t\t\t\t\t\t\t<span class=\"elementor-button-text\">Contacte-nos <\/span>\n\t\t\t\t\t<\/span>\n\t\t\t\t\t<\/a>\n\t\t\t\t\t\t\t\t<\/div>\n\t\t\t\t\t<\/div>\n\t\t<\/div>\n\t\t\t\t\t<\/div>\n\t\t<\/section>\n\t\t\t\t<\/div>","protected":false},"excerpt":{"rendered":"<p>PCB assembly We have 60+ SMT production lines, equipped with new Fuji NXTIII, AIMEX, XPF full-automatic solder paste printing machines, 15-temperature zone lead-free nitrogen reflux furnaces, wave soldering and other high-end equipment, AOI, 3D SPI, 3D X-RAY, intelligent first article testers, full-automatic plate splitters, crimping machines, BGA rework stations, and three-proofing paint. Our focus is [&hellip;]<\/p>\n","protected":false},"author":1,"featured_media":0,"parent":26,"menu_order":19,"comment_status":"closed","ping_status":"closed","template":"elementor_header_footer","meta":{"footnotes":""},"class_list":["post-5616","page","type-page","status-publish","hentry"],"_links":{"self":[{"href":"https:\/\/www.unimpcb.com\/pt\/wp-json\/wp\/v2\/pages\/5616","targetHints":{"allow":["GET"]}}],"collection":[{"href":"https:\/\/www.unimpcb.com\/pt\/wp-json\/wp\/v2\/pages"}],"about":[{"href":"https:\/\/www.unimpcb.com\/pt\/wp-json\/wp\/v2\/types\/page"}],"author":[{"embeddable":true,"href":"https:\/\/www.unimpcb.com\/pt\/wp-json\/wp\/v2\/users\/1"}],"replies":[{"embeddable":true,"href":"https:\/\/www.unimpcb.com\/pt\/wp-json\/wp\/v2\/comments?post=5616"}],"version-history":[{"count":0,"href":"https:\/\/www.unimpcb.com\/pt\/wp-json\/wp\/v2\/pages\/5616\/revisions"}],"up":[{"embeddable":true,"href":"https:\/\/www.unimpcb.com\/pt\/wp-json\/wp\/v2\/pages\/26"}],"wp:attachment":[{"href":"https:\/\/www.unimpcb.com\/pt\/wp-json\/wp\/v2\/media?parent=5616"}],"curies":[{"name":"wp","href":"https:\/\/api.w.org\/{rel}","templated":true}]}}