{"id":5451,"date":"2026-01-07T13:57:42","date_gmt":"2026-01-07T05:57:42","guid":{"rendered":"https:\/\/www.unimpcb.com\/?page_id=5451"},"modified":"2026-03-11T10:28:21","modified_gmt":"2026-03-11T02:28:21","slug":"pcb-design-layout","status":"publish","type":"page","link":"https:\/\/www.unimpcb.com\/pt\/technology\/pcb-design-layout\/","title":{"rendered":"PCB Design &#038; - disposi\u00e7\u00e3o"},"content":{"rendered":"<div data-elementor-type=\"wp-page\" data-elementor-id=\"5451\" class=\"elementor elementor-5451\" data-elementor-post-type=\"page\">\n\t\t\t\t\t\t<section class=\"elementor-section elementor-top-section elementor-element elementor-element-027e4f6 elementor-section-full_width elementor-section-height-min-height elementor-section-height-default elementor-section-items-middle\" data-id=\"027e4f6\" data-element_type=\"section\" data-e-type=\"section\" data-settings=\"{&quot;background_background&quot;:&quot;classic&quot;}\">\n\t\t\t\t\t\t\t<div class=\"elementor-background-overlay\"><\/div>\n\t\t\t\t\t\t\t<div class=\"elementor-container elementor-column-gap-default\">\n\t\t\t\t\t<div class=\"elementor-column elementor-col-100 elementor-top-column elementor-element elementor-element-cb8d354\" data-id=\"cb8d354\" data-element_type=\"column\" data-e-type=\"column\" data-settings=\"{&quot;background_background&quot;:&quot;classic&quot;}\">\n\t\t\t<div class=\"elementor-widget-wrap elementor-element-populated\">\n\t\t\t\t\t\t<section class=\"elementor-section elementor-inner-section elementor-element elementor-element-66d2635 elementor-section-boxed elementor-section-height-default elementor-section-height-default\" data-id=\"66d2635\" data-element_type=\"section\" data-e-type=\"section\" data-settings=\"{&quot;background_background&quot;:&quot;classic&quot;}\">\n\t\t\t\t\t\t<div class=\"elementor-container elementor-column-gap-default\">\n\t\t\t\t\t<div class=\"elementor-column elementor-col-100 elementor-inner-column elementor-element elementor-element-1faa396\" data-id=\"1faa396\" data-element_type=\"column\" data-e-type=\"column\">\n\t\t\t<div class=\"elementor-widget-wrap elementor-element-populated\">\n\t\t\t\t\t\t<div class=\"elementor-element elementor-element-10b6b92 elementor-widget elementor-widget-heading\" data-id=\"10b6b92\" data-element_type=\"widget\" data-e-type=\"widget\" data-widget_type=\"heading.default\">\n\t\t\t\t\t<h1 class=\"elementor-heading-title elementor-size-default\">PCB Design &amp; - Disposi\u00e7\u00e3o<\/h1>\t\t\t\t<\/div>\n\t\t\t\t\t<\/div>\n\t\t<\/div>\n\t\t\t\t\t<\/div>\n\t\t<\/section>\n\t\t\t\t\t<\/div>\n\t\t<\/div>\n\t\t\t\t\t<\/div>\n\t\t<\/section>\n\t\t\t\t<section class=\"elementor-section elementor-top-section elementor-element elementor-element-511d395 elementor-section-boxed elementor-section-height-default elementor-section-height-default\" data-id=\"511d395\" data-element_type=\"section\" data-e-type=\"section\" data-settings=\"{&quot;background_background&quot;:&quot;classic&quot;}\">\n\t\t\t\t\t\t\t<div class=\"elementor-background-overlay\"><\/div>\n\t\t\t\t\t\t\t<div class=\"elementor-container elementor-column-gap-default\">\n\t\t\t\t\t<div class=\"elementor-column elementor-col-100 elementor-top-column elementor-element elementor-element-46127ea\" data-id=\"46127ea\" data-element_type=\"column\" data-e-type=\"column\">\n\t\t\t<div class=\"elementor-widget-wrap elementor-element-populated\">\n\t\t\t\t\t\t<div class=\"elementor-element elementor-element-4c486eb elementor-widget elementor-widget-heading\" data-id=\"4c486eb\" data-element_type=\"widget\" data-e-type=\"widget\" data-widget_type=\"heading.default\">\n\t\t\t\t\t<h2 class=\"elementor-heading-title elementor-size-default\">Design &amp; o desenvolvimento<\/h2>\t\t\t\t<\/div>\n\t\t\t\t<div class=\"elementor-element elementor-element-8e43442 elementor-widget elementor-widget-text-editor\" data-id=\"8e43442\" data-element_type=\"widget\" data-e-type=\"widget\" data-widget_type=\"text-editor.default\">\n\t\t\t\t\t\t\t\t\t<p>Estamos orgulhosos de dizer que nosso parceiro tem a China&#8217; o maior centro de design, com mais de 800 engenheiros experientes fornecendo servi\u00e7os de design eficientes a clientes em todo o mundo. Elas colaboram profundamente com grandes empresas de circuitos integrados, acumulando mais de 20 anos de experi\u00eancia de design da ind\u00fastria. Enfrente aos mercados em constante mudan\u00e7a e aos novos requisitos de clientes, a resposta r\u00e1pida e a adapta\u00e7\u00e3o s\u00e3o capacidades essenciais.<\/p><p>Se voc\u00ea n\u00e3o consegue encontrar a resposta que est\u00e1 procurando ou gostaria de mais detalhes, por favor <a class=\"a-link\" href=\"https:\/\/www.unimpcb.com\/pt\/contact\/\" target=\"_blank\" rel=\"noopener\"><span style=\"color: #ff6600;\"><strong>contato<\/strong><\/span>\u00a0<\/a>n\u00f3s, e estar\u00edamos mais do que felizes em assistir.<\/p>\t\t\t\t\t\t\t\t<\/div>\n\t\t\t\t<div class=\"elementor-element elementor-element-ac7db6e elementor-widget elementor-widget-text-editor\" data-id=\"ac7db6e\" data-element_type=\"widget\" data-e-type=\"widget\" data-widget_type=\"text-editor.default\">\n\t\t\t\t\t\t\t\t\t<p>A seguir est\u00e1 um resumo de nossas capacidades de design e algumas de nossa experi\u00eancia de projeto de design.<\/p>\t\t\t\t\t\t\t\t<\/div>\n\t\t\t\t\t<\/div>\n\t\t<\/div>\n\t\t\t\t\t<\/div>\n\t\t<\/section>\n\t\t\t\t<section class=\"elementor-section elementor-top-section elementor-element elementor-element-c239f50 elementor-section-boxed elementor-section-height-default elementor-section-height-default\" data-id=\"c239f50\" data-element_type=\"section\" data-e-type=\"section\" data-settings=\"{&quot;background_background&quot;:&quot;classic&quot;}\">\n\t\t\t\t\t\t\t<div class=\"elementor-background-overlay\"><\/div>\n\t\t\t\t\t\t\t<div class=\"elementor-container elementor-column-gap-default\">\n\t\t\t\t\t<div class=\"elementor-column elementor-col-100 elementor-top-column elementor-element elementor-element-bc7460b\" data-id=\"bc7460b\" data-element_type=\"column\" data-e-type=\"column\">\n\t\t\t<div class=\"elementor-widget-wrap elementor-element-populated\">\n\t\t\t\t\t\t<div class=\"elementor-element elementor-element-29c2f38 elementor-widget elementor-widget-heading\" data-id=\"29c2f38\" data-element_type=\"widget\" data-e-type=\"widget\" data-widget_type=\"heading.default\">\n\t\t\t\t\t<h2 class=\"elementor-heading-title elementor-size-default\">PCB Design &amp; - disposi\u00e7\u00e3o<\/h2>\t\t\t\t<\/div>\n\t\t\t\t<div class=\"elementor-element elementor-element-4eb8773 table elementor-widget elementor-widget-text-editor\" data-id=\"4eb8773\" data-element_type=\"widget\" data-e-type=\"widget\" data-widget_type=\"text-editor.default\">\n\t\t\t\t\t\t\t\t\t<table style=\"border-collapse: collapse; width: 100%; height: 143px;\" border=\"0\" width=\"100%\" cellspacing=\"0\" cellpadding=\"0\"><tbody><tr style=\"height: 13.50pt;\"><td style=\"height: 13px; width: 54pt; background-color: #dfdfdf;\" width=\"72\" height=\"18\"><strong>Elementos<\/strong><\/td><td style=\"width: 54pt; height: 13px; background-color: #dfdfdf;\" width=\"72\"><strong>Capacidades<\/strong><\/td><\/tr><tr style=\"height: 13.50pt;\"><td style=\"height: 13px;\" height=\"18\"><strong>Capas Max de Design<\/strong><\/td><td style=\"height: 13px;\">78L<\/td><\/tr><tr style=\"height: 13.50pt;\"><td style=\"height: 13px;\" height=\"18\"><strong>N\u00famero m\u00e1ximo de PIN<\/strong><\/td><td style=\"height: 13px;\">150000+<\/td><\/tr><tr style=\"height: 13.50pt;\"><td style=\"height: 13px;\" height=\"18\"><strong>N\u00famero m\u00e1ximo de conex\u00f5es<\/strong><\/td><td style=\"height: 13px;\">33926 Conex\u00f5es<\/td><\/tr><tr style=\"height: 13.50pt;\"><td style=\"height: 13px;\" height=\"18\"><strong>Largura m\u00ednima da tra\u00e7a<\/strong><\/td><td style=\"height: 13px;\">2 milh\u00f5es<\/td><\/tr><tr style=\"height: 13.50pt;\"><td style=\"height: 13px;\" height=\"18\"><strong>Espa\u00e7o m\u00ednimo de rastro<\/strong><\/td><td style=\"height: 13px;\">2 milh\u00f5es<\/td><\/tr><tr style=\"height: 13.50pt;\"><td style=\"height: 13px;\" height=\"18\"><strong>Minimum Via Diameter<\/strong><\/td><td style=\"height: 13px;\">3 milh\u00f5es<\/td><\/tr><tr style=\"height: 13.50pt;\"><td style=\"height: 13px;\" height=\"18\"><strong>N\u00famero m\u00e1ximo de BGA<\/strong><\/td><td style=\"height: 13px;\">120+<\/td><\/tr><tr style=\"height: 13.50pt;\"><td style=\"height: 13px;\" height=\"18\"><strong>Espa\u00e7o m\u00ednimo de PIN BGA<\/strong><\/td><td style=\"height: 13px;\">0.15mm<\/td><\/tr><tr style=\"height: 13.50pt;\"><td style=\"height: 13px;\" height=\"18\"><strong>N\u00famero m\u00e1ximo de PIN BGA<\/strong><\/td><td style=\"height: 13px;\">18865pin<\/td><\/tr><tr style=\"height: 13.50pt;\"><td style=\"height: 13px;\" height=\"18\"><strong>Taxa m\u00e1xima de sinais<\/strong><\/td><td style=\"height: 13px;\">224G-PAM4<\/td><\/tr><\/tbody><\/table>\t\t\t\t\t\t\t\t<\/div>\n\t\t\t\t<div class=\"elementor-element elementor-element-cedf20a elementor-widget elementor-widget-heading\" data-id=\"cedf20a\" data-element_type=\"widget\" data-e-type=\"widget\" data-widget_type=\"heading.default\">\n\t\t\t\t\t<h3 class=\"elementor-heading-title elementor-size-default\">envolvido no esquema de chips<\/h3>\t\t\t\t<\/div>\n\t\t\t\t<div class=\"elementor-element elementor-element-78904f3 table elementor-widget elementor-widget-text-editor\" data-id=\"78904f3\" data-element_type=\"widget\" data-e-type=\"widget\" data-widget_type=\"text-editor.default\">\n\t\t\t\t\t\t\t\t\t<table width=\"144\"><tbody><tr><td style=\"vertical-align: middle;\" rowspan=\"11\" width=\"72\"><strong>Processor<\/strong><\/td><td width=\"72\">F\u00cdTIO: FT-5000\/2500\/ 2000\/ 1500 S\u00e9rie D3000<\/td><\/tr><tr><td>LOONGSON: LOONGSON1\/LOONGSON2\/LOONGSON3 S\u00e9rie<\/td><\/tr><tr><td>Rockchip: Rk35\/33\/32\/31\/30\/18 S\u00e9rie<\/td><\/tr><tr><td>Hi31\/ Hi35\/ Hi37 Series<\/td><\/tr><tr><td>ZhaoXin: KX-5000\/6000\/7000<\/td><\/tr><tr><td>Intel: Purley Ivy Bridge and Sandy Bridge Series Whitley Eagle Stream Shark Bay Mobile Platform Birch_Stream[UNK] Tiger Lake Alder Lake Raptor Lake Meteor Lake Arrow Lake Lunar Lake Panther Lake<\/td><\/tr><tr><td>AMD: Fp7 Fp8 Mil\u00e3o Genoa Bergamo Turin<\/td><\/tr><tr><td>Marvel: PXA920\/920H Serie\/3XX\/27X[UNK] Serie Xelerada[UNK] ARMADA1000\/1500[UNK] 98CX8129\/8297<\/td><\/tr><tr><td>Qualcomm\/SPRD\/MTK Mobile: SC9610\/8810 SC8280\/8380\/8480X Snapdragon X2 Ultra MT8188\/MT8189\u00a0 MT8195\/MT8196<\/td><\/tr><tr><td>Freescale PowerPC Series: MPC8541 \/ 8548 \/ 8555 \/ 8641[UNK] P2020<\/td><\/tr><tr><td>TI: AM35X \/ 38X \/ 335X \/ 437X \/ 5K2EX \/ P3505[UNK] OMAP4430 66AK2EX \/ AK2HX C667X<\/td><\/tr><tr><td style=\"vertical-align: middle;\" rowspan=\"4\"><strong>FPGA\/CPLD<\/strong><\/td><td>AMD Xilinx: Spartan-6[UNK] Spartan-7 FPGA[UNK] Artix-7[UNK] Kintex-7[UNK] Virtex-7[UNK] Virtex5[UNK] Zynq-7[UNK] Virtex-ultrascale XCVU7P\/XCVU9P\/XCVU11P\/ XCVU13P\/XCVU15P\/XCVU19P Versal[UNK] AMD Versal Series<\/td><\/tr><tr><td>Intel\/Altera: Stratix Series ;S10\uff09[UNK] Arria Series ( A10 )[UNK][UNK] Cyclone series[UNK] MAX Series[UNK] 1SG280 Nf43<\/td><\/tr><tr><td>C\u00e1vio: CN106XXX[UNK] CN9XXX CN8XXX[UNK] CN7XXX[UNK] CN6XXX[UNK] CN50XX NITROX III NITROX PX\u00a0\u00a0<\/td><\/tr><tr><td>Lattice: MachX03 Series<\/td><\/tr><tr><td style=\"vertical-align: middle;\" rowspan=\"7\"><strong>M\u00f3dulo de energia e chip<\/strong><\/td><td>TI: TPS62XXX\/65XXX[UNK] TPS75XXX\/82XXX[UNK] TPS54XXX\/40XXX[UNK] LM51XXX\/50XXX[UNK] PTH0XXX[UNK] BQ25XXX\/24XXX<\/td><\/tr><tr><td>Linear: LTM46XX\/80XX<\/td><\/tr><tr><td>Maxim: MAX8698\/8903A<\/td><\/tr><tr><td>Intel: EM2140P01QI EM2260xQI EM2280xQI<\/td><\/tr><tr><td>Renesas: ISL91302B, ISL91301A, ISL91301B, ISL99140, ISL99227<\/td><\/tr><tr><td>MPS: MPM26XX\/35XX[UNK] MPM36XX\/38XX[UNK] MPM54XX[UNK] MEZD41XXX[UNK] MPQ86XXX<\/td><\/tr><tr><td>Infineon: TDA21XXX[UNK] TDA38XXX[UNK] TDM22545D[UNK] TLF12505<\/td><\/tr><tr><td style=\"vertical-align: middle;\" rowspan=\"7\"><strong>Chip de interface de convers\u00e3o<\/strong><\/td><td>Broadcom: BCM78900\/78910 BCM56334\/56331\/56960\/56980\/56990\u00a0\u00a0 BCM84793\/8129\/88370\/88470\u2026\u2026<\/td><\/tr><tr><td>ADI: AD5767\/4001\/9776\/9779<\/td><\/tr><tr><td>TI: ADS8860\/8861\/54J60<\/td><\/tr><tr><td>Marvel: 88E6083\/1111\/8070\/8059<\/td><\/tr><tr><td>PMC: PM5440\/5990\/80XX<\/td><\/tr><tr><td>ClariPhy: Cl20010<\/td><\/tr><tr><td>Nephos: Np8579\/NP8369\/NPS400<\/td><\/tr><tr><td style=\"vertical-align: middle;\" rowspan=\"4\"><strong>Chip de mem\u00f3ria<\/strong><\/td><td>Samsung: DDR5[UNK] DDR4[UNK] DDR3 GDDR5\/6\/7 LPDDR4\/4X[UNK] LPDDR5\/5X<\/td><\/tr><tr><td>Hynix: DDR5 DDR4[UNK] DDR3[UNK] DDR2[UNK] GDDR5\/6\/7 LPDDR4\/4X[UNK] LPDDR5\/5X<\/td><\/tr><tr><td>Mircon: DDR5[UNK] DDR4[UNK] DDR3[UNK] GDDR5\/6\/7 LPDDR4\/4X[UNK] LPDDR5\/5X<\/td><\/tr><tr><td>CXMT: DDR5 DDR4 DDR3 LPDDR4\/4X LPDDR5<\/td><\/tr><\/tbody><\/table>\t\t\t\t\t\t\t\t<\/div>\n\t\t\t\t\t<\/div>\n\t\t<\/div>\n\t\t\t\t\t<\/div>\n\t\t<\/section>\n\t\t\t\t<section class=\"elementor-section elementor-top-section elementor-element elementor-element-5521196 elementor-section-boxed elementor-section-height-default elementor-section-height-default\" data-id=\"5521196\" data-element_type=\"section\" data-e-type=\"section\" data-settings=\"{&quot;background_background&quot;:&quot;classic&quot;}\">\n\t\t\t\t\t\t\t<div class=\"elementor-background-overlay\"><\/div>\n\t\t\t\t\t\t\t<div class=\"elementor-container elementor-column-gap-default\">\n\t\t\t\t\t<div class=\"elementor-column elementor-col-100 elementor-top-column elementor-element elementor-element-68102ba\" data-id=\"68102ba\" data-element_type=\"column\" data-e-type=\"column\">\n\t\t\t<div class=\"elementor-widget-wrap elementor-element-populated\">\n\t\t\t\t\t\t<div class=\"elementor-element elementor-element-07ee4fb elementor-widget elementor-widget-heading\" data-id=\"07ee4fb\" data-element_type=\"widget\" data-e-type=\"widget\" data-widget_type=\"heading.default\">\n\t\t\t\t\t<h2 class=\"elementor-heading-title elementor-size-default\">N\u00e3o encontrar o que voc\u00ea est\u00e1 procurando?<\/h2>\t\t\t\t<\/div>\n\t\t\t\t<div class=\"elementor-element elementor-element-92b7571 elementor-align-center elementor-widget elementor-widget-button\" data-id=\"92b7571\" data-element_type=\"widget\" data-e-type=\"widget\" data-widget_type=\"button.default\">\n\t\t\t\t\t\t\t\t\t\t<a class=\"elementor-button elementor-button-link elementor-size-sm\" href=\"https:\/\/www.unimpcb.com\/pt\/contact\/\" target=\"_blank\">\n\t\t\t\t\t\t<span class=\"elementor-button-content-wrapper\">\n\t\t\t\t\t\t<span class=\"elementor-button-icon\">\n\t\t\t\t<svg aria-hidden=\"true\" class=\"e-font-icon-svg e-far-hand-point-up\" viewbox=\"0 0 448 512\" xmlns=\"http:\/\/www.w3.org\/2000\/svg\"><path d=\"M105.6 83.2v86.177a115.52 115.52 0 0 0-22.4-2.176c-47.914 0-83.2 35.072-83.2 92 0 45.314 48.537 57.002 78.784 75.707 12.413 7.735 23.317 16.994 33.253 25.851l.146.131.148.129C129.807 376.338 136 384.236 136 391.2v2.679c-4.952 5.747-8 13.536-8 22.12v64c0 17.673 12.894 32 28.8 32h230.4c15.906 0 28.8-14.327 28.8-32v-64c0-8.584-3.048-16.373-8-22.12V391.2c0-28.688 40-67.137 40-127.2v-21.299c0-62.542-38.658-98.8-91.145-99.94-17.813-12.482-40.785-18.491-62.791-15.985A93.148 93.148 0 0 0 272 118.847V83.2C272 37.765 234.416 0 188.8 0c-45.099 0-83.2 38.101-83.2 83.2zm118.4 0v91.026c14.669-12.837 42.825-14.415 61.05 4.95 19.646-11.227 45.624-1.687 53.625 12.925 39.128-6.524 61.325 10.076 61.325 50.6V264c0 45.491-35.913 77.21-39.676 120H183.571c-2.964-25.239-21.222-42.966-39.596-59.075-12.65-11.275-25.3-21.725-39.875-30.799C80.712 279.645 48 267.994 48 259.2c0-23.375 8.8-44 35.2-44 35.2 0 53.075 26.4 70.4 26.4V83.2c0-18.425 16.5-35.2 35.2-35.2 18.975 0 35.2 16.225 35.2 35.2zM352 424c13.255 0 24 10.745 24 24s-10.745 24-24 24-24-10.745-24-24 10.745-24 24-24z\"><\/path><\/svg>\t\t\t<\/span>\n\t\t\t\t\t\t\t\t\t<span class=\"elementor-button-text\">Contacte-nos <\/span>\n\t\t\t\t\t<\/span>\n\t\t\t\t\t<\/a>\n\t\t\t\t\t\t\t\t<\/div>\n\t\t\t\t\t<\/div>\n\t\t<\/div>\n\t\t\t\t\t<\/div>\n\t\t<\/section>\n\t\t\t\t<\/div>","protected":false},"excerpt":{"rendered":"<p>PCB Design &amp; Layout Design &amp; development We are proud to say that our partner has China&#8217;s largest design center, with over 800 experienced engineers providing efficient design services to clients worldwide. They collaborate deeply with major integrated circuit companies, accumulating over 20 years of industry design experience. In the face of ever-changing markets and [&hellip;]<\/p>\n","protected":false},"author":1,"featured_media":0,"parent":26,"menu_order":20,"comment_status":"closed","ping_status":"closed","template":"elementor_header_footer","meta":{"footnotes":""},"class_list":["post-5451","page","type-page","status-publish","hentry"],"_links":{"self":[{"href":"https:\/\/www.unimpcb.com\/pt\/wp-json\/wp\/v2\/pages\/5451","targetHints":{"allow":["GET"]}}],"collection":[{"href":"https:\/\/www.unimpcb.com\/pt\/wp-json\/wp\/v2\/pages"}],"about":[{"href":"https:\/\/www.unimpcb.com\/pt\/wp-json\/wp\/v2\/types\/page"}],"author":[{"embeddable":true,"href":"https:\/\/www.unimpcb.com\/pt\/wp-json\/wp\/v2\/users\/1"}],"replies":[{"embeddable":true,"href":"https:\/\/www.unimpcb.com\/pt\/wp-json\/wp\/v2\/comments?post=5451"}],"version-history":[{"count":0,"href":"https:\/\/www.unimpcb.com\/pt\/wp-json\/wp\/v2\/pages\/5451\/revisions"}],"up":[{"embeddable":true,"href":"https:\/\/www.unimpcb.com\/pt\/wp-json\/wp\/v2\/pages\/26"}],"wp:attachment":[{"href":"https:\/\/www.unimpcb.com\/pt\/wp-json\/wp\/v2\/media?parent=5451"}],"curies":[{"name":"wp","href":"https:\/\/api.w.org\/{rel}","templated":true}]}}