{"id":7240,"date":"2026-01-27T15:52:17","date_gmt":"2026-01-27T07:52:17","guid":{"rendered":"https:\/\/www.unimpcb.com\/?page_id=7240"},"modified":"2026-03-09T19:57:20","modified_gmt":"2026-03-09T11:57:20","slug":"mission-vision","status":"publish","type":"page","link":"https:\/\/www.unimpcb.com\/it\/about-us\/mission-vision\/","title":{"rendered":"Missione &#038; Visione"},"content":{"rendered":"<div data-elementor-type=\"wp-page\" data-elementor-id=\"7240\" class=\"elementor elementor-7240\" data-elementor-post-type=\"page\">\n\t\t\t\t\t\t<section class=\"elementor-section elementor-top-section elementor-element elementor-element-5c676d0 elementor-section-full_width elementor-section-height-min-height elementor-section-height-default elementor-section-items-middle\" data-id=\"5c676d0\" data-element_type=\"section\" data-e-type=\"section\" data-settings=\"{&quot;background_background&quot;:&quot;classic&quot;}\">\n\t\t\t\t\t\t\t<div class=\"elementor-background-overlay\"><\/div>\n\t\t\t\t\t\t\t<div class=\"elementor-container elementor-column-gap-default\">\n\t\t\t\t\t<div class=\"elementor-column elementor-col-100 elementor-top-column elementor-element elementor-element-9e9d56d\" data-id=\"9e9d56d\" data-element_type=\"column\" data-e-type=\"column\" data-settings=\"{&quot;background_background&quot;:&quot;classic&quot;}\">\n\t\t\t<div class=\"elementor-widget-wrap elementor-element-populated\">\n\t\t\t\t\t\t<section class=\"elementor-section elementor-inner-section elementor-element elementor-element-d73cf52 elementor-section-boxed elementor-section-height-default elementor-section-height-default\" data-id=\"d73cf52\" data-element_type=\"section\" data-e-type=\"section\" data-settings=\"{&quot;background_background&quot;:&quot;classic&quot;}\">\n\t\t\t\t\t\t<div class=\"elementor-container elementor-column-gap-default\">\n\t\t\t\t\t<div class=\"elementor-column elementor-col-100 elementor-inner-column elementor-element elementor-element-af172d6\" data-id=\"af172d6\" data-element_type=\"column\" data-e-type=\"column\">\n\t\t\t<div class=\"elementor-widget-wrap elementor-element-populated\">\n\t\t\t\t\t\t<div class=\"elementor-element elementor-element-d716593 elementor-widget elementor-widget-heading\" data-id=\"d716593\" data-element_type=\"widget\" data-e-type=\"widget\" data-widget_type=\"heading.default\">\n\t\t\t\t\t<h4 class=\"elementor-heading-title elementor-size-default\">Un grande fornitore di PCB della Cina con i migliori ingegneri, gestione, attrezzature e decenni di esperienza.<\/h4>\t\t\t\t<\/div>\n\t\t\t\t\t<\/div>\n\t\t<\/div>\n\t\t\t\t\t<\/div>\n\t\t<\/section>\n\t\t\t\t\t<\/div>\n\t\t<\/div>\n\t\t\t\t\t<\/div>\n\t\t<\/section>\n\t\t\t\t<section class=\"elementor-section elementor-top-section elementor-element elementor-element-7da324c elementor-section-boxed elementor-section-height-default elementor-section-height-default\" data-id=\"7da324c\" data-element_type=\"section\" data-e-type=\"section\" data-settings=\"{&quot;background_background&quot;:&quot;classic&quot;}\">\n\t\t\t\t\t\t\t<div class=\"elementor-background-overlay\"><\/div>\n\t\t\t\t\t\t\t<div class=\"elementor-container elementor-column-gap-default\">\n\t\t\t\t\t<div class=\"elementor-column elementor-col-100 elementor-top-column elementor-element elementor-element-a908ce9\" data-id=\"a908ce9\" data-element_type=\"column\" data-e-type=\"column\">\n\t\t\t<div class=\"elementor-widget-wrap elementor-element-populated\">\n\t\t\t\t\t\t<section class=\"elementor-section elementor-inner-section elementor-element elementor-element-42ab752 elementor-section-full_width elementor-section-height-default elementor-section-height-default\" data-id=\"42ab752\" data-element_type=\"section\" data-e-type=\"section\" data-settings=\"{&quot;background_background&quot;:&quot;classic&quot;}\">\n\t\t\t\t\t\t<div class=\"elementor-container elementor-column-gap-default\">\n\t\t\t\t\t<div class=\"elementor-column elementor-col-100 elementor-inner-column elementor-element elementor-element-aabc4bd\" data-id=\"aabc4bd\" data-element_type=\"column\" data-e-type=\"column\">\n\t\t\t<div class=\"elementor-widget-wrap elementor-element-populated\">\n\t\t\t\t\t\t<div class=\"elementor-element elementor-element-71cabfc elementor-widget elementor-widget-heading\" data-id=\"71cabfc\" data-element_type=\"widget\" data-e-type=\"widget\" data-widget_type=\"heading.default\">\n\t\t\t\t\t<h2 class=\"elementor-heading-title elementor-size-default\">MISSIONE &amp; VISIONE<\/h2>\t\t\t\t<\/div>\n\t\t\t\t\t<\/div>\n\t\t<\/div>\n\t\t\t\t\t<\/div>\n\t\t<\/section>\n\t\t\t\t<section class=\"elementor-section elementor-inner-section elementor-element elementor-element-8df7867 elementor-section-height-min-height elementor-section-boxed elementor-section-height-default\" data-id=\"8df7867\" data-element_type=\"section\" data-e-type=\"section\">\n\t\t\t\t\t\t<div class=\"elementor-container elementor-column-gap-default\">\n\t\t\t\t\t<div class=\"elementor-column elementor-col-100 elementor-inner-column elementor-element elementor-element-a22b5f0\" data-id=\"a22b5f0\" data-element_type=\"column\" data-e-type=\"column\">\n\t\t\t<div class=\"elementor-widget-wrap elementor-element-populated\">\n\t\t\t\t\t\t<section class=\"elementor-section elementor-inner-section elementor-element elementor-element-8beb451 elementor-section-height-min-height elementor-section-boxed elementor-section-height-default\" data-id=\"8beb451\" data-element_type=\"section\" data-e-type=\"section\">\n\t\t\t\t\t\t<div class=\"elementor-container elementor-column-gap-default\">\n\t\t\t\t\t<div class=\"elementor-column elementor-col-50 elementor-inner-column elementor-element elementor-element-a8ab868\" data-id=\"a8ab868\" data-element_type=\"column\" data-e-type=\"column\" data-settings=\"{&quot;background_background&quot;:&quot;classic&quot;}\">\n\t\t\t<div class=\"elementor-widget-wrap elementor-element-populated\">\n\t\t\t\t\t<div class=\"elementor-background-overlay\"><\/div>\n\t\t\t\t\t\t<div class=\"elementor-element elementor-element-7061082 elementor-widget elementor-widget-heading\" data-id=\"7061082\" data-element_type=\"widget\" data-e-type=\"widget\" data-widget_type=\"heading.default\">\n\t\t\t\t\t<h2 class=\"elementor-heading-title elementor-size-default\">missione<\/h2>\t\t\t\t<\/div>\n\t\t\t\t<div class=\"elementor-element elementor-element-c148b80 elementor-widget elementor-widget-heading\" data-id=\"c148b80\" data-element_type=\"widget\" data-e-type=\"widget\" data-widget_type=\"heading.default\">\n\t\t\t\t\t<h4 class=\"elementor-heading-title elementor-size-default\">Colmare il divario tra progettazione e produzione<\/h4>\t\t\t\t<\/div>\n\t\t\t\t<div class=\"elementor-element elementor-element-bcf28b2 elementor-widget elementor-widget-text-editor\" data-id=\"bcf28b2\" data-element_type=\"widget\" data-e-type=\"widget\" data-widget_type=\"text-editor.default\">\n\t\t\t\t\t\t\t\t\t<article class=\"4ever-article\"><p>Creare una rete di produzione collaborativa guidata dalla tecnologia che risponda alle diverse esigenze dei nostri clienti, colmando al contempo il divario tra progettazione e produzione attraverso partnership con fornitori.<\/p><\/article>\t\t\t\t\t\t\t\t<\/div>\n\t\t\t\t\t<\/div>\n\t\t<\/div>\n\t\t\t\t<div class=\"elementor-column elementor-col-50 elementor-inner-column elementor-element elementor-element-97fafab\" data-id=\"97fafab\" data-element_type=\"column\" data-e-type=\"column\" data-settings=\"{&quot;background_background&quot;:&quot;classic&quot;}\">\n\t\t\t<div class=\"elementor-widget-wrap elementor-element-populated\">\n\t\t\t\t\t<div class=\"elementor-background-overlay\"><\/div>\n\t\t\t\t\t\t<div class=\"elementor-element elementor-element-dba6b1f elementor-widget elementor-widget-heading\" data-id=\"dba6b1f\" data-element_type=\"widget\" data-e-type=\"widget\" data-widget_type=\"heading.default\">\n\t\t\t\t\t<h2 class=\"elementor-heading-title elementor-size-default\">Visione<\/h2>\t\t\t\t<\/div>\n\t\t\t\t<div class=\"elementor-element elementor-element-7edcc48 elementor-widget elementor-widget-heading\" data-id=\"7edcc48\" data-element_type=\"widget\" data-e-type=\"widget\" data-widget_type=\"heading.default\">\n\t\t\t\t\t<h4 class=\"elementor-heading-title elementor-size-default\">Per essere il principale fornitore EMS del mondo<\/h4>\t\t\t\t<\/div>\n\t\t\t\t<div class=\"elementor-element elementor-element-fd11993 elementor-widget elementor-widget-text-editor\" data-id=\"fd11993\" data-element_type=\"widget\" data-e-type=\"widget\" data-widget_type=\"text-editor.default\">\n\t\t\t\t\t\t\t\t\t<article class=\"4ever-article\"><p>Adottando tecnologie innovative e miglioramenti di capacit\u00e0, UMEC diventer\u00e0 un partner chiave per ingegneri e produttori tradizionali, contribuendo a trasformare le loro idee in realt\u00e0 in modo efficiente e di alta qualit\u00e0.<\/p><\/article>\t\t\t\t\t\t\t\t<\/div>\n\t\t\t\t\t<\/div>\n\t\t<\/div>\n\t\t\t\t\t<\/div>\n\t\t<\/section>\n\t\t\t\t\t<\/div>\n\t\t<\/div>\n\t\t\t\t\t<\/div>\n\t\t<\/section>\n\t\t\t\t\t<\/div>\n\t\t<\/div>\n\t\t\t\t\t<\/div>\n\t\t<\/section>\n\t\t\t\t<section class=\"elementor-section elementor-top-section elementor-element elementor-element-ba17cab elementor-section-boxed elementor-section-height-default elementor-section-height-default\" data-id=\"ba17cab\" data-element_type=\"section\" data-e-type=\"section\" data-settings=\"{&quot;background_background&quot;:&quot;classic&quot;}\">\n\t\t\t\t\t\t\t<div class=\"elementor-background-overlay\"><\/div>\n\t\t\t\t\t\t\t<div class=\"elementor-container elementor-column-gap-default\">\n\t\t\t\t\t<div class=\"elementor-column elementor-col-100 elementor-top-column elementor-element elementor-element-13f0a69\" data-id=\"13f0a69\" data-element_type=\"column\" data-e-type=\"column\">\n\t\t\t<div class=\"elementor-widget-wrap elementor-element-populated\">\n\t\t\t\t\t\t<section class=\"elementor-section elementor-inner-section elementor-element elementor-element-b941e13 elementor-section-full_width elementor-section-height-default elementor-section-height-default\" data-id=\"b941e13\" data-element_type=\"section\" data-e-type=\"section\">\n\t\t\t\t\t\t<div class=\"elementor-container elementor-column-gap-default\">\n\t\t\t\t\t<div class=\"elementor-column elementor-col-100 elementor-inner-column elementor-element elementor-element-8950b13\" data-id=\"8950b13\" data-element_type=\"column\" data-e-type=\"column\">\n\t\t\t<div class=\"elementor-widget-wrap elementor-element-populated\">\n\t\t\t\t\t\t<div class=\"elementor-element elementor-element-600dd91 elementor-widget elementor-widget-heading\" data-id=\"600dd91\" data-element_type=\"widget\" data-e-type=\"widget\" data-widget_type=\"heading.default\">\n\t\t\t\t\t<h2 class=\"elementor-heading-title elementor-size-default\">VALORI<\/h2>\t\t\t\t<\/div>\n\t\t\t\t<div class=\"elementor-element elementor-element-d5322c0 elementor-widget elementor-widget-text-editor\" data-id=\"d5322c0\" data-element_type=\"widget\" data-e-type=\"widget\" data-widget_type=\"text-editor.default\">\n\t\t\t\t\t\t\t\t\t<p>Tutto il personale ha sviluppato insieme i valori UMEC e ci impegniamo ad integrarli nelle nostre operazioni quotidiane. Per noi questo significa mantenere un dialogo aperto, fornire la base per un buon rapporto tra i nostri colleghi, e un luogo di lavoro in cui tutti si sviluppano, sono impegnati e sono orgogliosi del loro lavoro. Vogliamo anche che i nostri valori vivano in ogni contatto esterno. Crediamo che i nostri forti valori comuni e la cultura aziendale siano fondamentali per allineare il nostro business globale e integrare una mentalit\u00e0 sostenibile nelle nostre decisioni quotidiane.<\/p>\t\t\t\t\t\t\t\t<\/div>\n\t\t\t\t\t<\/div>\n\t\t<\/div>\n\t\t\t\t\t<\/div>\n\t\t<\/section>\n\t\t\t\t<section class=\"elementor-section elementor-inner-section elementor-element elementor-element-d7b2844 elementor-section-boxed elementor-section-height-default elementor-section-height-default\" data-id=\"d7b2844\" data-element_type=\"section\" data-e-type=\"section\" data-settings=\"{&quot;background_background&quot;:&quot;classic&quot;}\">\n\t\t\t\t\t\t<div class=\"elementor-container elementor-column-gap-default\">\n\t\t\t\t\t<div class=\"elementor-column elementor-col-100 elementor-inner-column elementor-element elementor-element-28f8b3d\" data-id=\"28f8b3d\" data-element_type=\"column\" data-e-type=\"column\">\n\t\t\t<div class=\"elementor-widget-wrap elementor-element-populated\">\n\t\t\t\t\t\t<div class=\"elementor-element elementor-element-46a0ebb elementor-icon-list--layout-traditional elementor-list-item-link-full_width elementor-widget elementor-widget-icon-list\" data-id=\"46a0ebb\" data-element_type=\"widget\" data-e-type=\"widget\" data-widget_type=\"icon-list.default\">\n\t\t\t\t\t\t\t<ul class=\"elementor-icon-list-items\">\n\t\t\t\t\t\t\t<li class=\"elementor-icon-list-item\">\n\t\t\t\t\t\t\t\t\t\t\t<span class=\"elementor-icon-list-icon\">\n\t\t\t\t\t\t\t<i aria-hidden=\"true\" class=\"icon icon-contact-phone-talking-svgrepo-com\"><\/i>\t\t\t\t\t\t<\/span>\n\t\t\t\t\t\t\t\t\t\t<span class=\"elementor-icon-list-text\">QUALIT\u00c0 PRIMA<\/span>\n\t\t\t\t\t\t\t\t\t<\/li>\n\t\t\t\t\t\t<\/ul>\n\t\t\t\t\t\t<\/div>\n\t\t\t\t<div class=\"elementor-element elementor-element-9409962 elementor-widget elementor-widget-text-editor\" data-id=\"9409962\" data-element_type=\"widget\" data-e-type=\"widget\" data-widget_type=\"text-editor.default\">\n\t\t\t\t\t\t\t\t\t<p>Sappiamo che la consegna puntuale con zero difetti \u00e8 quello che i nostri clienti apprezzano di pi\u00f9. Il nostro approccio include il pensiero a lungo termine e mostra come le questioni di costo, qualit\u00e0 e ambiente vanno di pari passo. Inoltre lavoriamo continuamente per migliorare le nostre prestazioni, con l\u2019aiuto di obiettivi chiari e definiti e attraverso il follow-up di tutte le nostre azioni e decisioni. Tutto il duro lavoro che mettiamo in questo si traduce in un alto livello di qualit\u00e0 che finalmente consegniamo.<\/p>\t\t\t\t\t\t\t\t<\/div>\n\t\t\t\t\t<\/div>\n\t\t<\/div>\n\t\t\t\t\t<\/div>\n\t\t<\/section>\n\t\t\t\t<section class=\"elementor-section elementor-inner-section elementor-element elementor-element-18ba428 elementor-section-boxed elementor-section-height-default elementor-section-height-default\" data-id=\"18ba428\" data-element_type=\"section\" data-e-type=\"section\" data-settings=\"{&quot;background_background&quot;:&quot;classic&quot;}\">\n\t\t\t\t\t\t<div class=\"elementor-container elementor-column-gap-default\">\n\t\t\t\t\t<div class=\"elementor-column elementor-col-100 elementor-inner-column elementor-element elementor-element-4ca4de8\" data-id=\"4ca4de8\" data-element_type=\"column\" data-e-type=\"column\">\n\t\t\t<div class=\"elementor-widget-wrap elementor-element-populated\">\n\t\t\t\t\t\t<div class=\"elementor-element elementor-element-d0457cb elementor-icon-list--layout-traditional elementor-list-item-link-full_width elementor-widget elementor-widget-icon-list\" data-id=\"d0457cb\" data-element_type=\"widget\" data-e-type=\"widget\" data-widget_type=\"icon-list.default\">\n\t\t\t\t\t\t\t<ul class=\"elementor-icon-list-items\">\n\t\t\t\t\t\t\t<li class=\"elementor-icon-list-item\">\n\t\t\t\t\t\t\t\t\t\t\t<span class=\"elementor-icon-list-icon\">\n\t\t\t\t\t\t\t<i aria-hidden=\"true\" class=\"icon icon-menu1-x\"><\/i>\t\t\t\t\t\t<\/span>\n\t\t\t\t\t\t\t\t\t\t<span class=\"elementor-icon-list-text\">INNOVAZIONE<\/span>\n\t\t\t\t\t\t\t\t\t<\/li>\n\t\t\t\t\t\t<\/ul>\n\t\t\t\t\t\t<\/div>\n\t\t\t\t<div class=\"elementor-element elementor-element-a5d8fc3 elementor-widget elementor-widget-text-editor\" data-id=\"a5d8fc3\" data-element_type=\"widget\" data-e-type=\"widget\" data-widget_type=\"text-editor.default\">\n\t\t\t\t\t\t\t\t\t<p>L\u2019innovazione \u00e8 il motore dello sviluppo e della leadership. Oggi&#8217; Nel mondo del cambiamento tecnologico accelerante e della concorrenza globalizzata, la stagnazione significa obsolescenza. L\u2019innovazione \u00e8 la forza motrice fondamentale per le aziende per superare i colli di bottiglia della crescita, far fronte all\u2019incertezza, costruire vantaggi differenziati e, in ultima analisi, guidare o adattarsi al mercato. Assicurare che le aziende non solo sopravvivano nel presente, ma anche prosperano nel futuro.<\/p>\t\t\t\t\t\t\t\t<\/div>\n\t\t\t\t\t<\/div>\n\t\t<\/div>\n\t\t\t\t\t<\/div>\n\t\t<\/section>\n\t\t\t\t<section class=\"elementor-section elementor-inner-section elementor-element elementor-element-d7a0f20 elementor-section-boxed elementor-section-height-default elementor-section-height-default\" data-id=\"d7a0f20\" data-element_type=\"section\" data-e-type=\"section\" data-settings=\"{&quot;background_background&quot;:&quot;classic&quot;}\">\n\t\t\t\t\t\t<div class=\"elementor-container elementor-column-gap-default\">\n\t\t\t\t\t<div class=\"elementor-column elementor-col-100 elementor-inner-column elementor-element elementor-element-d3ee4f3\" data-id=\"d3ee4f3\" data-element_type=\"column\" data-e-type=\"column\">\n\t\t\t<div class=\"elementor-widget-wrap elementor-element-populated\">\n\t\t\t\t\t\t<div class=\"elementor-element elementor-element-b1ea618 elementor-icon-list--layout-traditional elementor-list-item-link-full_width elementor-widget elementor-widget-icon-list\" data-id=\"b1ea618\" data-element_type=\"widget\" data-e-type=\"widget\" data-widget_type=\"icon-list.default\">\n\t\t\t\t\t\t\t<ul class=\"elementor-icon-list-items\">\n\t\t\t\t\t\t\t<li class=\"elementor-icon-list-item\">\n\t\t\t\t\t\t\t\t\t\t\t<span class=\"elementor-icon-list-icon\">\n\t\t\t\t\t\t\t<i aria-hidden=\"true\" class=\"icon icon-craft-stationary-pencil-svgrepo-com\"><\/i>\t\t\t\t\t\t<\/span>\n\t\t\t\t\t\t\t\t\t\t<span class=\"elementor-icon-list-text\">ORIENTATO AL PERSONO<\/span>\n\t\t\t\t\t\t\t\t\t<\/li>\n\t\t\t\t\t\t<\/ul>\n\t\t\t\t\t\t<\/div>\n\t\t\t\t<div class=\"elementor-element elementor-element-6ceeff2 elementor-widget elementor-widget-text-editor\" data-id=\"6ceeff2\" data-element_type=\"widget\" data-e-type=\"widget\" data-widget_type=\"text-editor.default\">\n\t\t\t\t\t\t\t\t\t<p>I risultati sono creati dalle persone e guidati dai valori. Siamo guidati dai nostri valori in tutto ci\u00f2 che facciamo. Crediamo che gli affari siano condotti tra persone, non tra aziende o divisioni o funzioni. Pertanto, riteniamo importante conoscere effettivamente i clienti, i colleghi e le fabbriche con cui lavoriamo e interagiamo. Crediamo che lavorare in questo modo sia fondamentale per raggiungere una produzione di alta qualit\u00e0 e sostenibile. Siamo convinti che un approccio trasparente e aperto costruisca una relazione forte, che a sua volta costruisce onest\u00e0, lealt\u00e0 e fiducia.<\/p>\t\t\t\t\t\t\t\t<\/div>\n\t\t\t\t\t<\/div>\n\t\t<\/div>\n\t\t\t\t\t<\/div>\n\t\t<\/section>\n\t\t\t\t<section class=\"elementor-section elementor-inner-section elementor-element elementor-element-986f819 elementor-section-boxed elementor-section-height-default elementor-section-height-default\" data-id=\"986f819\" data-element_type=\"section\" data-e-type=\"section\" data-settings=\"{&quot;background_background&quot;:&quot;classic&quot;}\">\n\t\t\t\t\t\t<div class=\"elementor-container elementor-column-gap-default\">\n\t\t\t\t\t<div class=\"elementor-column elementor-col-100 elementor-inner-column elementor-element elementor-element-4a596db\" data-id=\"4a596db\" data-element_type=\"column\" data-e-type=\"column\">\n\t\t\t<div class=\"elementor-widget-wrap elementor-element-populated\">\n\t\t\t\t\t\t<div class=\"elementor-element elementor-element-86c0276 elementor-icon-list--layout-traditional elementor-list-item-link-full_width elementor-widget elementor-widget-icon-list\" data-id=\"86c0276\" data-element_type=\"widget\" data-e-type=\"widget\" data-widget_type=\"icon-list.default\">\n\t\t\t\t\t\t\t<ul class=\"elementor-icon-list-items\">\n\t\t\t\t\t\t\t<li class=\"elementor-icon-list-item\">\n\t\t\t\t\t\t\t\t\t\t\t<span class=\"elementor-icon-list-icon\">\n\t\t\t\t\t\t\t<i aria-hidden=\"true\" class=\"icon icon-light-bulb-idea-people-svgrepo-com\"><\/i>\t\t\t\t\t\t<\/span>\n\t\t\t\t\t\t\t\t\t\t<span class=\"elementor-icon-list-text\">Sviluppo verde<\/span>\n\t\t\t\t\t\t\t\t\t<\/li>\n\t\t\t\t\t\t<\/ul>\n\t\t\t\t\t\t<\/div>\n\t\t\t\t<div class=\"elementor-element elementor-element-3d08c5f elementor-widget elementor-widget-text-editor\" data-id=\"3d08c5f\" data-element_type=\"widget\" data-e-type=\"widget\" data-widget_type=\"text-editor.default\">\n\t\t\t\t\t\t\t\t\t<p>&#8220; Sviluppo verde&#8221; \u00e8 un imperativo contemporaneo per affrontare le sfide ambientali globali, rispondere alle strategie nazionali e soddisfare le aspettative della societ\u00e0. Migliorando l'efficienza e riducendo i costi, promuove nuovi prodotti, tecnologie e opportunit\u00e0 di mercato verdi. Si dimostra una societ\u00e0&#8217; visione a lungo termine e cittadinanza aziendale responsabile, guadagnando profondo riconoscimento da parte dei dipendenti, dei clienti e della societ\u00e0.<\/p>\t\t\t\t\t\t\t\t<\/div>\n\t\t\t\t\t<\/div>\n\t\t<\/div>\n\t\t\t\t\t<\/div>\n\t\t<\/section>\n\t\t\t\t\t<\/div>\n\t\t<\/div>\n\t\t\t\t\t<\/div>\n\t\t<\/section>\n\t\t\t\t<section class=\"elementor-section elementor-top-section elementor-element elementor-element-c1b91ab elementor-section-boxed elementor-section-height-default elementor-section-height-default\" data-id=\"c1b91ab\" data-element_type=\"section\" data-e-type=\"section\" data-settings=\"{&quot;background_background&quot;:&quot;classic&quot;}\">\n\t\t\t\t\t\t\t<div class=\"elementor-background-overlay\"><\/div>\n\t\t\t\t\t\t\t<div class=\"elementor-container elementor-column-gap-default\">\n\t\t\t\t\t<div class=\"elementor-column elementor-col-100 elementor-top-column elementor-element elementor-element-143ac80\" data-id=\"143ac80\" data-element_type=\"column\" data-e-type=\"column\">\n\t\t\t<div class=\"elementor-widget-wrap elementor-element-populated\">\n\t\t\t\t\t\t<div class=\"elementor-element elementor-element-6606422 elementor-widget elementor-widget-heading\" data-id=\"6606422\" data-element_type=\"widget\" data-e-type=\"widget\" data-widget_type=\"heading.default\">\n\t\t\t\t\t<h2 class=\"elementor-heading-title elementor-size-default\">Contattaci e vi diremo di pi\u00f9<\/h2>\t\t\t\t<\/div>\n\t\t\t\t<div class=\"elementor-element elementor-element-cd43d30 elementor-align-center elementor-widget elementor-widget-button\" data-id=\"cd43d30\" data-element_type=\"widget\" data-e-type=\"widget\" data-widget_type=\"button.default\">\n\t\t\t\t\t\t\t\t\t\t<a class=\"elementor-button elementor-button-link elementor-size-sm\" href=\"https:\/\/www.unimpcb.com\/it\/contact\/\" target=\"_blank\">\n\t\t\t\t\t\t<span class=\"elementor-button-content-wrapper\">\n\t\t\t\t\t\t<span class=\"elementor-button-icon\">\n\t\t\t\t<svg aria-hidden=\"true\" class=\"e-font-icon-svg e-far-hand-point-up\" viewbox=\"0 0 448 512\" xmlns=\"http:\/\/www.w3.org\/2000\/svg\"><path d=\"M105.6 83.2v86.177a115.52 115.52 0 0 0-22.4-2.176c-47.914 0-83.2 35.072-83.2 92 0 45.314 48.537 57.002 78.784 75.707 12.413 7.735 23.317 16.994 33.253 25.851l.146.131.148.129C129.807 376.338 136 384.236 136 391.2v2.679c-4.952 5.747-8 13.536-8 22.12v64c0 17.673 12.894 32 28.8 32h230.4c15.906 0 28.8-14.327 28.8-32v-64c0-8.584-3.048-16.373-8-22.12V391.2c0-28.688 40-67.137 40-127.2v-21.299c0-62.542-38.658-98.8-91.145-99.94-17.813-12.482-40.785-18.491-62.791-15.985A93.148 93.148 0 0 0 272 118.847V83.2C272 37.765 234.416 0 188.8 0c-45.099 0-83.2 38.101-83.2 83.2zm118.4 0v91.026c14.669-12.837 42.825-14.415 61.05 4.95 19.646-11.227 45.624-1.687 53.625 12.925 39.128-6.524 61.325 10.076 61.325 50.6V264c0 45.491-35.913 77.21-39.676 120H183.571c-2.964-25.239-21.222-42.966-39.596-59.075-12.65-11.275-25.3-21.725-39.875-30.799C80.712 279.645 48 267.994 48 259.2c0-23.375 8.8-44 35.2-44 35.2 0 53.075 26.4 70.4 26.4V83.2c0-18.425 16.5-35.2 35.2-35.2 18.975 0 35.2 16.225 35.2 35.2zM352 424c13.255 0 24 10.745 24 24s-10.745 24-24 24-24-10.745-24-24 10.745-24 24-24z\"><\/path><\/svg>\t\t\t<\/span>\n\t\t\t\t\t\t\t\t\t<span class=\"elementor-button-text\">Contattaci <\/span>\n\t\t\t\t\t<\/span>\n\t\t\t\t\t<\/a>\n\t\t\t\t\t\t\t\t<\/div>\n\t\t\t\t\t<\/div>\n\t\t<\/div>\n\t\t\t\t\t<\/div>\n\t\t<\/section>\n\t\t\t\t<\/div>","protected":false},"excerpt":{"rendered":"<p>A great China PCB Supplier with top engineers, management, equipment, and decades of experience. MISSION &amp; VISION Mission Bridge the gap between design and production To create a technology-driven collaborative manufacturing network that addresses the diverse needs of our customers while bridging the gap between design and manufacturing through partnerships with suppliers. Vision T\u043e b\u0435 [&hellip;]<\/p>\n","protected":false},"author":1,"featured_media":0,"parent":28,"menu_order":16,"comment_status":"closed","ping_status":"closed","template":"elementor_header_footer","meta":{"footnotes":""},"class_list":["post-7240","page","type-page","status-publish","hentry"],"_links":{"self":[{"href":"https:\/\/www.unimpcb.com\/it\/wp-json\/wp\/v2\/pages\/7240","targetHints":{"allow":["GET"]}}],"collection":[{"href":"https:\/\/www.unimpcb.com\/it\/wp-json\/wp\/v2\/pages"}],"about":[{"href":"https:\/\/www.unimpcb.com\/it\/wp-json\/wp\/v2\/types\/page"}],"author":[{"embeddable":true,"href":"https:\/\/www.unimpcb.com\/it\/wp-json\/wp\/v2\/users\/1"}],"replies":[{"embeddable":true,"href":"https:\/\/www.unimpcb.com\/it\/wp-json\/wp\/v2\/comments?post=7240"}],"version-history":[{"count":0,"href":"https:\/\/www.unimpcb.com\/it\/wp-json\/wp\/v2\/pages\/7240\/revisions"}],"up":[{"embeddable":true,"href":"https:\/\/www.unimpcb.com\/it\/wp-json\/wp\/v2\/pages\/28"}],"wp:attachment":[{"href":"https:\/\/www.unimpcb.com\/it\/wp-json\/wp\/v2\/media?parent=7240"}],"curies":[{"name":"WP","href":"https:\/\/api.w.org\/{rel}","templated":true}]}}