{"id":4034,"date":"2026-01-05T18:56:57","date_gmt":"2026-01-05T10:56:57","guid":{"rendered":"https:\/\/www.unimpcb.com\/?post_type=product&#038;p=4034"},"modified":"2026-03-09T14:32:02","modified_gmt":"2026-03-09T06:32:02","slug":"hdi-pcbs-high-density-interconnect-pcbs","status":"publish","type":"product","link":"https:\/\/www.unimpcb.com\/fr\/pcb-matrix\/hdi-pcbs-high-density-interconnect-pcbs\/","title":{"rendered":"PCB HDI \u2013 PCB interconnect\u00e9s \u00e0 haute densit\u00e9"},"content":{"rendered":"","protected":false},"excerpt":{"rendered":"","protected":false},"featured_media":9756,"comment_status":"closed","ping_status":"closed","template":"","meta":[],"product_brand":[],"product_cat":[15],"product_tag":[],"class_list":{"0":"post-4034","1":"product","2":"type-product","3":"status-publish","4":"has-post-thumbnail","6":"product_cat-hdi-pcb","8":"first","9":"instock","10":"shipping-taxable","11":"product-type-simple"},"_links":{"self":[{"href":"https:\/\/www.unimpcb.com\/fr\/wp-json\/wp\/v2\/product\/4034","targetHints":{"allow":["GET"]}}],"collection":[{"href":"https:\/\/www.unimpcb.com\/fr\/wp-json\/wp\/v2\/product"}],"about":[{"href":"https:\/\/www.unimpcb.com\/fr\/wp-json\/wp\/v2\/types\/product"}],"replies":[{"embeddable":true,"href":"https:\/\/www.unimpcb.com\/fr\/wp-json\/wp\/v2\/comments?post=4034"}],"wp:featuredmedia":[{"embeddable":true,"href":"https:\/\/www.unimpcb.com\/fr\/wp-json\/wp\/v2\/media\/9756"}],"wp:attachment":[{"href":"https:\/\/www.unimpcb.com\/fr\/wp-json\/wp\/v2\/media?parent=4034"}],"wp:term":[{"taxonomy":"product_brand","embeddable":true,"href":"https:\/\/www.unimpcb.com\/fr\/wp-json\/wp\/v2\/product_brand?post=4034"},{"taxonomy":"product_cat","embeddable":true,"href":"https:\/\/www.unimpcb.com\/fr\/wp-json\/wp\/v2\/product_cat?post=4034"},{"taxonomy":"product_tag","embeddable":true,"href":"https:\/\/www.unimpcb.com\/fr\/wp-json\/wp\/v2\/product_tag?post=4034"}],"curies":[{"name":"WP","href":"https:\/\/api.w.org\/{rel}","templated":true}]}}