{"id":7356,"date":"2026-01-27T16:49:21","date_gmt":"2026-01-27T08:49:21","guid":{"rendered":"https:\/\/www.unimpcb.com\/?page_id=7356"},"modified":"2026-03-09T20:02:53","modified_gmt":"2026-03-09T12:02:53","slug":"more-than-pcb","status":"publish","type":"page","link":"https:\/\/www.unimpcb.com\/es\/about-us\/more-than-pcb\/","title":{"rendered":"M\u00e1s que PCB"},"content":{"rendered":"<div data-elementor-type=\"wp-page\" data-elementor-id=\"7356\" class=\"elementor elementor-7356\" data-elementor-post-type=\"page\">\n\t\t\t\t\t\t<section class=\"elementor-section elementor-top-section elementor-element elementor-element-270588c elementor-section-full_width elementor-section-height-min-height elementor-section-height-default elementor-section-items-middle\" data-id=\"270588c\" data-element_type=\"section\" data-e-type=\"section\" data-settings=\"{&quot;background_background&quot;:&quot;classic&quot;}\">\n\t\t\t\t\t\t\t<div class=\"elementor-background-overlay\"><\/div>\n\t\t\t\t\t\t\t<div class=\"elementor-container elementor-column-gap-default\">\n\t\t\t\t\t<div class=\"elementor-column elementor-col-100 elementor-top-column elementor-element elementor-element-af6fb2c\" data-id=\"af6fb2c\" data-element_type=\"column\" data-e-type=\"column\" data-settings=\"{&quot;background_background&quot;:&quot;classic&quot;}\">\n\t\t\t<div class=\"elementor-widget-wrap elementor-element-populated\">\n\t\t\t\t\t\t<section class=\"elementor-section elementor-inner-section elementor-element elementor-element-eecd62e elementor-section-boxed elementor-section-height-default elementor-section-height-default\" data-id=\"eecd62e\" data-element_type=\"section\" data-e-type=\"section\" data-settings=\"{&quot;background_background&quot;:&quot;classic&quot;}\">\n\t\t\t\t\t\t<div class=\"elementor-container elementor-column-gap-default\">\n\t\t\t\t\t<div class=\"elementor-column elementor-col-100 elementor-inner-column elementor-element elementor-element-51ad07a\" data-id=\"51ad07a\" data-element_type=\"column\" data-e-type=\"column\">\n\t\t\t<div class=\"elementor-widget-wrap elementor-element-populated\">\n\t\t\t\t\t\t<div class=\"elementor-element elementor-element-932bca1 elementor-widget elementor-widget-heading\" data-id=\"932bca1\" data-element_type=\"widget\" data-e-type=\"widget\" data-widget_type=\"heading.default\">\n\t\t\t\t\t<h1 class=\"elementor-heading-title elementor-size-default\">Un gran proveedor de PCB de China con los mejores ingenieros, gesti\u00f3n, equipos y d\u00e9cadas de experiencia.<\/h1>\t\t\t\t<\/div>\n\t\t\t\t\t<\/div>\n\t\t<\/div>\n\t\t\t\t\t<\/div>\n\t\t<\/section>\n\t\t\t\t\t<\/div>\n\t\t<\/div>\n\t\t\t\t\t<\/div>\n\t\t<\/section>\n\t\t\t\t<section class=\"elementor-section elementor-top-section elementor-element elementor-element-dfc247d elementor-section-boxed elementor-section-height-default elementor-section-height-default\" data-id=\"dfc247d\" data-element_type=\"section\" data-e-type=\"section\" data-settings=\"{&quot;background_background&quot;:&quot;classic&quot;}\">\n\t\t\t\t\t\t\t<div class=\"elementor-background-overlay\"><\/div>\n\t\t\t\t\t\t\t<div class=\"elementor-container elementor-column-gap-default\">\n\t\t\t\t\t<div class=\"elementor-column elementor-col-100 elementor-top-column elementor-element elementor-element-8fdd1fa\" data-id=\"8fdd1fa\" data-element_type=\"column\" data-e-type=\"column\">\n\t\t\t<div class=\"elementor-widget-wrap elementor-element-populated\">\n\t\t\t\t\t\t<section class=\"elementor-section elementor-inner-section elementor-element elementor-element-3b8c4aa elementor-section-full_width elementor-section-height-default elementor-section-height-default\" data-id=\"3b8c4aa\" data-element_type=\"section\" data-e-type=\"section\">\n\t\t\t\t\t\t<div class=\"elementor-container elementor-column-gap-default\">\n\t\t\t\t\t<div class=\"elementor-column elementor-col-100 elementor-inner-column elementor-element elementor-element-294a3cf\" data-id=\"294a3cf\" data-element_type=\"column\" data-e-type=\"column\">\n\t\t\t<div class=\"elementor-widget-wrap elementor-element-populated\">\n\t\t\t\t\t\t<div class=\"elementor-element elementor-element-57caa44 elementor-widget elementor-widget-heading\" data-id=\"57caa44\" data-element_type=\"widget\" data-e-type=\"widget\" data-widget_type=\"heading.default\">\n\t\t\t\t\t<h2 class=\"elementor-heading-title elementor-size-default\">M\u00e1s que PCB<\/h2>\t\t\t\t<\/div>\n\t\t\t\t<div class=\"elementor-element elementor-element-3045dbf elementor-widget elementor-widget-text-editor\" data-id=\"3045dbf\" data-element_type=\"widget\" data-e-type=\"widget\" data-widget_type=\"text-editor.default\">\n\t\t\t\t\t\t\t\t\t<p>Asociaci\u00f3n aut\u00e9ntica de A a Z<\/p>\t\t\t\t\t\t\t\t<\/div>\n\t\t\t\t<div class=\"elementor-element elementor-element-3419a92 elementor-widget elementor-widget-text-editor\" data-id=\"3419a92\" data-element_type=\"widget\" data-e-type=\"widget\" data-widget_type=\"text-editor.default\">\n\t\t\t\t\t\t\t\t\t<p>Para nosotros, los servicios de fabricaci\u00f3n de electr\u00f3nica contempor\u00e1nea (EMS) son m\u00e1s que simplemente cuidar de la producci\u00f3n de PCB. Se trata de convertirse en una parte integrada de las cadenas de suministro de nuestros clientes, un verdadero socio tecnol\u00f3gico con una comprensi\u00f3n completa y perspicaz de su negocio. Para algunas startups, podemos ofrecer servicios adicionales para cumplir con sus requisitos de dise\u00f1o y prueba, asegurando que lo que imaginan se entrega con precisi\u00f3n.<\/p>\t\t\t\t\t\t\t\t<\/div>\n\t\t\t\t<div class=\"elementor-element elementor-element-4494669 elementor-widget elementor-widget-text-editor\" data-id=\"4494669\" data-element_type=\"widget\" data-e-type=\"widget\" data-widget_type=\"text-editor.default\">\n\t\t\t\t\t\t\t\t\t<p>\u00bfC\u00f3mo se ve un socio tecnol\u00f3gico? Vea por s\u00ed mismo en las siguientes p\u00e1ginas y descubra c\u00f3mo nuestra experiencia en ingenier\u00eda, nuestro compromiso con la seguridad y la calidad pueden ayudarlo.<\/p>\t\t\t\t\t\t\t\t<\/div>\n\t\t\t\t\t<\/div>\n\t\t<\/div>\n\t\t\t\t\t<\/div>\n\t\t<\/section>\n\t\t\t\t\t<\/div>\n\t\t<\/div>\n\t\t\t\t\t<\/div>\n\t\t<\/section>\n\t\t\t\t<section class=\"elementor-section elementor-top-section elementor-element elementor-element-fab44c3 elementor-section-boxed elementor-section-height-default elementor-section-height-default\" data-id=\"fab44c3\" data-element_type=\"section\" data-e-type=\"section\" data-settings=\"{&quot;background_background&quot;:&quot;classic&quot;}\">\n\t\t\t\t\t\t\t<div class=\"elementor-background-overlay\"><\/div>\n\t\t\t\t\t\t\t<div class=\"elementor-container elementor-column-gap-default\">\n\t\t\t\t\t<div class=\"elementor-column elementor-col-100 elementor-top-column elementor-element elementor-element-7569641\" data-id=\"7569641\" data-element_type=\"column\" data-e-type=\"column\">\n\t\t\t<div class=\"elementor-widget-wrap elementor-element-populated\">\n\t\t\t\t\t\t<section class=\"elementor-section elementor-inner-section elementor-element elementor-element-5dbb86e elementor-section-full_width elementor-section-height-default elementor-section-height-default\" data-id=\"5dbb86e\" data-element_type=\"section\" data-e-type=\"section\">\n\t\t\t\t\t\t<div class=\"elementor-container elementor-column-gap-default\">\n\t\t\t\t\t<div class=\"elementor-column elementor-col-100 elementor-inner-column elementor-element elementor-element-cb2ceaa\" data-id=\"cb2ceaa\" data-element_type=\"column\" data-e-type=\"column\">\n\t\t\t<div class=\"elementor-widget-wrap elementor-element-populated\">\n\t\t\t\t\t\t<div class=\"elementor-element elementor-element-3dfb9ba elementor-widget elementor-widget-heading\" data-id=\"3dfb9ba\" data-element_type=\"widget\" data-e-type=\"widget\" data-widget_type=\"heading.default\">\n\t\t\t\t\t<h2 class=\"elementor-heading-title elementor-size-default\">Algunos de los principales beneficios <br>de trabajar con nosotros<\/h2>\t\t\t\t<\/div>\n\t\t\t\t<div class=\"elementor-element elementor-element-848a19e elementor-widget elementor-widget-text-editor\" data-id=\"848a19e\" data-element_type=\"widget\" data-e-type=\"widget\" data-widget_type=\"text-editor.default\">\n\t\t\t\t\t\t\t\t\t<p>Con nuestro equipo de dise\u00f1o, equipo de fabricaci\u00f3n de PCB, equipo de ensamblaje de PCB y equipo de adquisici\u00f3n de componentes, UMEC se compromete a proporcionar personalizado, I &amp; amp; Soluciones probadas y flexibles para el dise\u00f1o y la fabricaci\u00f3n de PCB de lotes peque\u00f1os y medianos. En 10 a\u00f1os, UMEC ha construido una plataforma de innovaci\u00f3n de hardware de una sola parada que convierte a los clientes &#8217; diagramas esquem\u00e1ticos en prototipos y productos totalmente formados.<\/p>\t\t\t\t\t\t\t\t<\/div>\n\t\t\t\t<div class=\"elementor-element elementor-element-6cdc5e9 elementor-widget elementor-widget-image\" data-id=\"6cdc5e9\" data-element_type=\"widget\" data-e-type=\"widget\" data-widget_type=\"image.default\">\n\t\t\t\t\t\t\t\t\t\t\t\t\t\t\t<img fetchpriority=\"high\" decoding=\"async\" width=\"800\" height=\"447\" src=\"https:\/\/www.unimpcb.com\/wp-content\/uploads\/2026\/02\/MORE-THAN-PCB-1024x572.jpg\" class=\"attachment-large size-large wp-image-8231\" alt=\"M\u00e1s que PCB\" srcset=\"https:\/\/www.unimpcb.com\/wp-content\/uploads\/2026\/02\/MORE-THAN-PCB-1024x572.jpg 1024w, https:\/\/www.unimpcb.com\/wp-content\/uploads\/2026\/02\/MORE-THAN-PCB-300x167.jpg 300w, https:\/\/www.unimpcb.com\/wp-content\/uploads\/2026\/02\/MORE-THAN-PCB-768x429.jpg 768w, https:\/\/www.unimpcb.com\/wp-content\/uploads\/2026\/02\/MORE-THAN-PCB-18x10.jpg 18w, https:\/\/www.unimpcb.com\/wp-content\/uploads\/2026\/02\/MORE-THAN-PCB-600x335.jpg 600w, https:\/\/www.unimpcb.com\/wp-content\/uploads\/2026\/02\/MORE-THAN-PCB.jpg 1245w\" sizes=\"(max-width: 800px) 100vw, 800px\" \/>\t\t\t\t\t\t\t\t\t\t\t\t\t\t\t<\/div>\n\t\t\t\t\t<\/div>\n\t\t<\/div>\n\t\t\t\t\t<\/div>\n\t\t<\/section>\n\t\t\t\t<section class=\"elementor-section elementor-inner-section elementor-element elementor-element-17ab3d2 elementor-section-full_width elementor-section-height-default elementor-section-height-default\" data-id=\"17ab3d2\" data-element_type=\"section\" data-e-type=\"section\">\n\t\t\t\t\t\t<div class=\"elementor-container elementor-column-gap-default\">\n\t\t\t\t\t<div class=\"elementor-column elementor-col-100 elementor-inner-column elementor-element elementor-element-eb4371b\" data-id=\"eb4371b\" data-element_type=\"column\" data-e-type=\"column\">\n\t\t\t<div class=\"elementor-widget-wrap elementor-element-populated\">\n\t\t\t\t\t\t<div class=\"elementor-element elementor-element-200782f elementor-widget elementor-widget-heading\" data-id=\"200782f\" data-element_type=\"widget\" data-e-type=\"widget\" data-widget_type=\"heading.default\">\n\t\t\t\t\t<h3 class=\"elementor-heading-title elementor-size-default\">Sus necesidades ser\u00e1n atendidas por UMEC.<\/h3>\t\t\t\t<\/div>\n\t\t\t\t<div class=\"elementor-element elementor-element-d332fa7 elementor-widget elementor-widget-text-editor\" data-id=\"d332fa7\" data-element_type=\"widget\" data-e-type=\"widget\" data-widget_type=\"text-editor.default\">\n\t\t\t\t\t\t\t\t\t<table class=\"alignleft\" style=\"border-collapse: collapse; width: 100%; height: 171px;\" border=\"0\" width=\"100%\" cellspacing=\"0\" cellpadding=\"0\"><tbody><tr style=\"height: 13.50pt;\"><td class=\"et2\" style=\"height: 13px; width: 220.5pt; text-align: left; vertical-align: middle;\" width=\"294\" height=\"18\"><strong>Los problemas que puede encontrar.<\/strong><\/td><td class=\"et2\" style=\"width: 220.5pt; height: 13px; text-align: left; vertical-align: middle;\" width=\"294\"><strong>Lo que hacemos.<\/strong><\/td><\/tr><tr style=\"height: 13.50pt;\"><td class=\"et2\" style=\"height: 13px; text-align: left; vertical-align: middle;\" height=\"18\">Falta de experiencia en ingenier\u00eda.<\/td><td class=\"et2\" style=\"height: 13px; text-align: left; vertical-align: middle;\">Rica experiencia en ingenier\u00eda.<\/td><\/tr><tr style=\"height: 13.50pt;\"><td class=\"et2\" style=\"height: 13px; text-align: left; vertical-align: middle;\" height=\"18\">Varios problemas inesperados llevaron al proyecto&#8217; El fracaso.<\/td><td class=\"et2\" style=\"height: 13px; text-align: left; vertical-align: middle;\">La rica experiencia en ingenier\u00eda elimina problemas y trampas en la etapa de dise\u00f1o.<\/td><\/tr><tr style=\"height: 13.50pt;\"><td class=\"et2\" style=\"height: 13px; text-align: left; vertical-align: middle;\" height=\"18\">Coordinaci\u00f3n con varios proveedores.<\/td><td class=\"et2\" style=\"height: 13px; text-align: left; vertical-align: middle;\">Equipo profesional de dise\u00f1o de PCB, f\u00e1brica de PCB, f\u00e1brica de ensamblaje de PCB y equipo de adquisici\u00f3n de componentes.<\/td><\/tr><tr style=\"height: 13.50pt;\"><td class=\"et2\" style=\"height: 13px; text-align: left; vertical-align: middle;\" height=\"18\">No hay suficiente tiempo y energ\u00eda.<\/td><td class=\"et2\" style=\"height: 13px; text-align: left; vertical-align: middle;\">Proporcionar un servicio \u00fanico para ahorrar tiempo y preocupaci\u00f3n.<\/td><\/tr><tr style=\"height: 13.50pt;\"><td class=\"et2\" style=\"height: 13px; text-align: left; vertical-align: middle;\" height=\"18\">Control de calidad del producto.<\/td><td class=\"et2\" style=\"height: 13px; text-align: left; vertical-align: middle;\">Proceso riguroso y fuerte fuerza.<\/td><\/tr><tr style=\"height: 67.50pt;\"><td class=\"et2\" style=\"height: 67px; text-align: left; vertical-align: middle;\" height=\"90\">Alto costo de prueba y error de hardware.<\/td><td class=\"et3\" style=\"width: 220.5pt; height: 67px; text-align: left; vertical-align: middle;\" width=\"294\">Proceso riguroso y fuerte fuerza.<br \/>En la industria de PCB durante 20 a\u00f1os, se han establecido procesos y sistemas estandarizados y rigurosos para reducir efectivamente los problemas de calidad.<\/td><\/tr><tr style=\"height: 13.50pt;\"><td class=\"et2\" style=\"height: 13px; text-align: left; vertical-align: middle;\" height=\"18\">Es&#8217; t f\u00e1cil para garantizar la fecha de entrega.<\/td><td class=\"et2\" style=\"height: 13px; text-align: left; vertical-align: middle;\">Equipo propio y f\u00e1brica, tiempo de entrega m\u00e1s controlable.<\/td><\/tr><tr style=\"height: 13.50pt;\"><td class=\"et2\" style=\"height: 13px; text-align: left; vertical-align: middle;\" height=\"18\">El mercado puede&#8217; t permitirse esperar.<\/td><td class=\"et2\" style=\"height: 13px; text-align: left; vertical-align: middle;\">Concepto de dise\u00f1o de PCB de &#8220; \u00e9xito de un tablero&#8221;  , fabricante expreso de PCBA, para que usted pueda comprar tiempo al mercado.<\/td><\/tr><\/tbody><\/table>\t\t\t\t\t\t\t\t<\/div>\n\t\t\t\t\t<\/div>\n\t\t<\/div>\n\t\t\t\t\t<\/div>\n\t\t<\/section>\n\t\t\t\t\t<\/div>\n\t\t<\/div>\n\t\t\t\t\t<\/div>\n\t\t<\/section>\n\t\t\t\t<section class=\"elementor-section elementor-top-section elementor-element elementor-element-1c82cbf elementor-section-boxed elementor-section-height-default elementor-section-height-default\" data-id=\"1c82cbf\" data-element_type=\"section\" data-e-type=\"section\" data-settings=\"{&quot;background_background&quot;:&quot;classic&quot;}\">\n\t\t\t\t\t\t\t<div class=\"elementor-background-overlay\"><\/div>\n\t\t\t\t\t\t\t<div class=\"elementor-container elementor-column-gap-default\">\n\t\t\t\t\t<div class=\"elementor-column elementor-col-100 elementor-top-column elementor-element elementor-element-29902e6\" data-id=\"29902e6\" data-element_type=\"column\" data-e-type=\"column\">\n\t\t\t<div class=\"elementor-widget-wrap elementor-element-populated\">\n\t\t\t\t\t\t<div class=\"elementor-element elementor-element-4d62b47 elementor-widget elementor-widget-heading\" data-id=\"4d62b47\" data-element_type=\"widget\" data-e-type=\"widget\" data-widget_type=\"heading.default\">\n\t\t\t\t\t<h2 class=\"elementor-heading-title elementor-size-default\">Contacta con nosotros y te contaremos m\u00e1s<\/h2>\t\t\t\t<\/div>\n\t\t\t\t<div class=\"elementor-element elementor-element-8f1de99 elementor-align-center elementor-widget elementor-widget-button\" data-id=\"8f1de99\" data-element_type=\"widget\" data-e-type=\"widget\" data-widget_type=\"button.default\">\n\t\t\t\t\t\t\t\t\t\t<a class=\"elementor-button elementor-button-link elementor-size-sm\" href=\"https:\/\/www.unimpcb.com\/es\/contact\/\" target=\"_blank\">\n\t\t\t\t\t\t<span class=\"elementor-button-content-wrapper\">\n\t\t\t\t\t\t<span class=\"elementor-button-icon\">\n\t\t\t\t<svg aria-hidden=\"true\" class=\"e-font-icon-svg e-far-hand-point-up\" viewbox=\"0 0 448 512\" xmlns=\"http:\/\/www.w3.org\/2000\/svg\"><path d=\"M105.6 83.2v86.177a115.52 115.52 0 0 0-22.4-2.176c-47.914 0-83.2 35.072-83.2 92 0 45.314 48.537 57.002 78.784 75.707 12.413 7.735 23.317 16.994 33.253 25.851l.146.131.148.129C129.807 376.338 136 384.236 136 391.2v2.679c-4.952 5.747-8 13.536-8 22.12v64c0 17.673 12.894 32 28.8 32h230.4c15.906 0 28.8-14.327 28.8-32v-64c0-8.584-3.048-16.373-8-22.12V391.2c0-28.688 40-67.137 40-127.2v-21.299c0-62.542-38.658-98.8-91.145-99.94-17.813-12.482-40.785-18.491-62.791-15.985A93.148 93.148 0 0 0 272 118.847V83.2C272 37.765 234.416 0 188.8 0c-45.099 0-83.2 38.101-83.2 83.2zm118.4 0v91.026c14.669-12.837 42.825-14.415 61.05 4.95 19.646-11.227 45.624-1.687 53.625 12.925 39.128-6.524 61.325 10.076 61.325 50.6V264c0 45.491-35.913 77.21-39.676 120H183.571c-2.964-25.239-21.222-42.966-39.596-59.075-12.65-11.275-25.3-21.725-39.875-30.799C80.712 279.645 48 267.994 48 259.2c0-23.375 8.8-44 35.2-44 35.2 0 53.075 26.4 70.4 26.4V83.2c0-18.425 16.5-35.2 35.2-35.2 18.975 0 35.2 16.225 35.2 35.2zM352 424c13.255 0 24 10.745 24 24s-10.745 24-24 24-24-10.745-24-24 10.745-24 24-24z\"><\/path><\/svg>\t\t\t<\/span>\n\t\t\t\t\t\t\t\t\t<span class=\"elementor-button-text\">Contacta con nosotros <\/span>\n\t\t\t\t\t<\/span>\n\t\t\t\t\t<\/a>\n\t\t\t\t\t\t\t\t<\/div>\n\t\t\t\t\t<\/div>\n\t\t<\/div>\n\t\t\t\t\t<\/div>\n\t\t<\/section>\n\t\t\t\t<\/div>","protected":false},"excerpt":{"rendered":"<p>A great China PCB Supplier with top engineers, management, equipment, and decades of experience. MORE THAN PCB Genuine partnership from A-Z For us, contemporary electronics manufacturing services (EMS) are about more than simply taking care of PCB production. It is about becoming an integrated part of our customers\u2019 supply chains \u2013 a true technology partner [&hellip;]<\/p>\n","protected":false},"author":1,"featured_media":0,"parent":28,"menu_order":17,"comment_status":"closed","ping_status":"closed","template":"elementor_header_footer","meta":{"footnotes":""},"class_list":["post-7356","page","type-page","status-publish","hentry"],"_links":{"self":[{"href":"https:\/\/www.unimpcb.com\/es\/wp-json\/wp\/v2\/pages\/7356","targetHints":{"allow":["GET"]}}],"collection":[{"href":"https:\/\/www.unimpcb.com\/es\/wp-json\/wp\/v2\/pages"}],"about":[{"href":"https:\/\/www.unimpcb.com\/es\/wp-json\/wp\/v2\/types\/page"}],"author":[{"embeddable":true,"href":"https:\/\/www.unimpcb.com\/es\/wp-json\/wp\/v2\/users\/1"}],"replies":[{"embeddable":true,"href":"https:\/\/www.unimpcb.com\/es\/wp-json\/wp\/v2\/comments?post=7356"}],"version-history":[{"count":0,"href":"https:\/\/www.unimpcb.com\/es\/wp-json\/wp\/v2\/pages\/7356\/revisions"}],"up":[{"embeddable":true,"href":"https:\/\/www.unimpcb.com\/es\/wp-json\/wp\/v2\/pages\/28"}],"wp:attachment":[{"href":"https:\/\/www.unimpcb.com\/es\/wp-json\/wp\/v2\/media?parent=7356"}],"curies":[{"name":"WP","href":"https:\/\/api.w.org\/{rel}","templated":true}]}}