{"id":5616,"date":"2026-01-07T15:17:56","date_gmt":"2026-01-07T07:17:56","guid":{"rendered":"https:\/\/www.unimpcb.com\/?page_id=5616"},"modified":"2026-03-09T19:36:53","modified_gmt":"2026-03-09T11:36:53","slug":"pcb-assembly","status":"publish","type":"page","link":"https:\/\/www.unimpcb.com\/es\/technology\/pcb-assembly\/","title":{"rendered":"Asamblea de PCB"},"content":{"rendered":"<div data-elementor-type=\"wp-page\" data-elementor-id=\"5616\" class=\"elementor elementor-5616\" data-elementor-post-type=\"page\">\n\t\t\t\t\t\t<section class=\"elementor-section elementor-top-section elementor-element elementor-element-35e919f elementor-section-full_width elementor-section-height-min-height elementor-section-height-default elementor-section-items-middle\" data-id=\"35e919f\" data-element_type=\"section\" data-e-type=\"section\" data-settings=\"{&quot;background_background&quot;:&quot;classic&quot;}\">\n\t\t\t\t\t\t\t<div class=\"elementor-background-overlay\"><\/div>\n\t\t\t\t\t\t\t<div class=\"elementor-container elementor-column-gap-default\">\n\t\t\t\t\t<div class=\"elementor-column elementor-col-100 elementor-top-column elementor-element elementor-element-e4cc0bf\" data-id=\"e4cc0bf\" data-element_type=\"column\" data-e-type=\"column\" data-settings=\"{&quot;background_background&quot;:&quot;classic&quot;}\">\n\t\t\t<div class=\"elementor-widget-wrap elementor-element-populated\">\n\t\t\t\t\t\t<section class=\"elementor-section elementor-inner-section elementor-element elementor-element-53d71f0 elementor-section-boxed elementor-section-height-default elementor-section-height-default\" data-id=\"53d71f0\" data-element_type=\"section\" data-e-type=\"section\" data-settings=\"{&quot;background_background&quot;:&quot;classic&quot;}\">\n\t\t\t\t\t\t<div class=\"elementor-container elementor-column-gap-default\">\n\t\t\t\t\t<div class=\"elementor-column elementor-col-100 elementor-inner-column elementor-element elementor-element-3279fb0\" data-id=\"3279fb0\" data-element_type=\"column\" data-e-type=\"column\">\n\t\t\t<div class=\"elementor-widget-wrap elementor-element-populated\">\n\t\t\t\t\t\t\t<\/div>\n\t\t<\/div>\n\t\t\t\t\t<\/div>\n\t\t<\/section>\n\t\t\t\t\t<\/div>\n\t\t<\/div>\n\t\t\t\t\t<\/div>\n\t\t<\/section>\n\t\t\t\t<section class=\"elementor-section elementor-top-section elementor-element elementor-element-fba3306 elementor-section-boxed elementor-section-height-default elementor-section-height-default\" data-id=\"fba3306\" data-element_type=\"section\" data-e-type=\"section\" data-settings=\"{&quot;background_background&quot;:&quot;classic&quot;}\">\n\t\t\t\t\t\t\t<div class=\"elementor-background-overlay\"><\/div>\n\t\t\t\t\t\t\t<div class=\"elementor-container elementor-column-gap-default\">\n\t\t\t\t\t<div class=\"elementor-column elementor-col-100 elementor-top-column elementor-element elementor-element-bd49e46\" data-id=\"bd49e46\" data-element_type=\"column\" data-e-type=\"column\">\n\t\t\t<div class=\"elementor-widget-wrap elementor-element-populated\">\n\t\t\t\t\t\t<section class=\"elementor-section elementor-inner-section elementor-element elementor-element-8c5eb03 elementor-section-boxed elementor-section-height-default elementor-section-height-default\" data-id=\"8c5eb03\" data-element_type=\"section\" data-e-type=\"section\">\n\t\t\t\t\t\t<div class=\"elementor-container elementor-column-gap-default\">\n\t\t\t\t\t<div class=\"elementor-column elementor-col-100 elementor-inner-column elementor-element elementor-element-dd75e9d\" data-id=\"dd75e9d\" data-element_type=\"column\" data-e-type=\"column\">\n\t\t\t<div class=\"elementor-widget-wrap elementor-element-populated\">\n\t\t\t\t\t\t<div class=\"elementor-element elementor-element-1e6c5a9 elementor-widget elementor-widget-heading\" data-id=\"1e6c5a9\" data-element_type=\"widget\" data-e-type=\"widget\" data-widget_type=\"heading.default\">\n\t\t\t\t\t<h2 class=\"elementor-heading-title elementor-size-default\">Montaje de PCB<\/h2>\t\t\t\t<\/div>\n\t\t\t\t<div class=\"elementor-element elementor-element-d7b0a42 elementor-widget elementor-widget-text-editor\" data-id=\"d7b0a42\" data-element_type=\"widget\" data-e-type=\"widget\" data-widget_type=\"text-editor.default\">\n\t\t\t\t\t\t\t\t\t<p>Contamos con 60 l\u00edneas de producci\u00f3n SMT, equipadas con nuevas m\u00e1quinas de impresi\u00f3n de pasta de soldadura totalmente autom\u00e1ticas Fuji NXTIII, AIMEX, XPF, hornos de reflujo de nitr\u00f3geno sin plomo de zona de 15 temperaturas, soldadura por ondas y otros equipos de alta gama, AOI, 3D SPI, 3D X-RAY, probadores de primer art\u00edculo inteligentes, divisores de placas totalmente autom\u00e1ticos, m\u00e1quinas de prensado, estaciones de reelaboramiento BGA y pintura a prueba de tres. Nuestro enfoque est\u00e1 en R &amp; amp; D para pruebas, procesamiento SMT a peque\u00f1a, mediana y gran escala, montaje y otros servicios.<\/p><p>Si no puede encontrar la respuesta que est\u00e1 buscando o desea m\u00e1s detalles, por favor <a class=\"a-link\" href=\"https:\/\/www.unimpcb.com\/es\/contact\/\" target=\"_blank\" rel=\"noopener\"><span style=\"color: #ff6600;\"><strong>contacto<\/strong><\/span><\/a>\u00a0nosotros, y estar\u00edamos m\u00e1s que encantados de ayudar.<\/p>\t\t\t\t\t\t\t\t<\/div>\n\t\t\t\t<div class=\"elementor-element elementor-element-ad4f08c elementor-widget elementor-widget-text-editor\" data-id=\"ad4f08c\" data-element_type=\"widget\" data-e-type=\"widget\" data-widget_type=\"text-editor.default\">\n\t\t\t\t\t\t\t\t\t<p>A continuaci\u00f3n se enumeran las capacidades b\u00e1sicas de procesamiento SMT de nuestros socios.<\/p>\t\t\t\t\t\t\t\t<\/div>\n\t\t\t\t\t<\/div>\n\t\t<\/div>\n\t\t\t\t\t<\/div>\n\t\t<\/section>\n\t\t\t\t<section class=\"elementor-section elementor-inner-section elementor-element elementor-element-915839d elementor-section-height-min-height elementor-section-boxed elementor-section-height-default\" data-id=\"915839d\" data-element_type=\"section\" data-e-type=\"section\">\n\t\t\t\t\t\t<div class=\"elementor-container elementor-column-gap-default\">\n\t\t\t\t\t<div class=\"elementor-column elementor-col-100 elementor-inner-column elementor-element elementor-element-6ff6dea\" data-id=\"6ff6dea\" data-element_type=\"column\" data-e-type=\"column\">\n\t\t\t<div class=\"elementor-widget-wrap elementor-element-populated\">\n\t\t\t\t\t\t<div class=\"elementor-element elementor-element-4c4cea9 table elementor-widget elementor-widget-text-editor\" data-id=\"4c4cea9\" data-element_type=\"widget\" data-e-type=\"widget\" data-widget_type=\"text-editor.default\">\n\t\t\t\t\t\t\t\t\t<table style=\"border-collapse: collapse; width: 100%;\" border=\"0\" width=\"100%\" cellspacing=\"0\" cellpadding=\"0\"><tbody><tr style=\"height: 13.50pt;\"><td class=\"et3\" style=\"height: 13px; width: 14.43%; vertical-align: middle;\" width=\"72\" height=\"18\">\u00a0<\/td><td class=\"et4\" style=\"width: 9.9567%; height: 13px; vertical-align: middle;\" colspan=\"2\" width=\"72\"><strong>Proyecto<\/strong><\/td><td class=\"et4\" style=\"width: 18.1818%; height: 13px; vertical-align: middle;\" width=\"294\"><strong>Tecnolog\u00eda convencional<\/strong><\/td><td class=\"et4\" style=\"width: 20.3463%; height: 13px; vertical-align: middle;\" width=\"294\"><strong>Tecnolog\u00eda no convencional<\/strong><\/td><td class=\"et4\" style=\"width: 23.9538%; height: 13px; vertical-align: middle;\" width=\"294\"><strong>Observaciones<\/strong><\/td><\/tr><tr style=\"height: 54.00pt;\"><td class=\"et4\" style=\"height: 531px; width: 14.43%; vertical-align: middle;\" rowspan=\"8\" width=\"72\" height=\"450\"><strong>Proceso SMT<\/strong><\/td><td class=\"et3\" style=\"width: 9.9567%; height: 240px; vertical-align: middle;\" rowspan=\"3\" width=\"72\">PCB<\/td><td class=\"et3\" style=\"width: 13.1313%; height: 96px; vertical-align: middle;\" width=\"72\">Tama\u00f1o m\u00ednimo<\/td><td class=\"et3\" style=\"width: 18.1818%; height: 96px; vertical-align: middle;\" width=\"294\">L\u226550mm W\u226550mm<\/td><td class=\"et3\" style=\"width: 20.3463%; height: 96px; vertical-align: middle;\" width=\"294\">L&lt; 50 mm W&lt; 50 mm<\/td><td class=\"et3\" style=\"width: 23.9538%; height: 96px; vertical-align: middle;\" width=\"294\">La distancia entre los componentes de superficie BOT, TOP y Markpoints y el borde de la tabla ser\u00e1 de 3 mm;<\/td><\/tr><tr style=\"height: 27.00pt;\"><td class=\"et3\" style=\"width: 13.1313%; height: 48px; vertical-align: middle;\" width=\"72\">Tama\u00f1o m\u00e1ximo<\/td><td class=\"et3\" style=\"width: 18.1818%; height: 48px; vertical-align: middle;\" width=\"294\">L\u226550mm W\u226550mm<\/td><td class=\"et3\" style=\"width: 20.3463%; height: 48px; vertical-align: middle;\" width=\"294\">L\u2264600mm W\u2264450mm<\/td><td class=\"et2\" style=\"height: 48px; vertical-align: middle; width: 23.9538%;\">\u00a0<\/td><\/tr><tr style=\"height: 54.00pt;\"><td class=\"et3\" style=\"width: 13.1313%; height: 96px; vertical-align: middle;\" width=\"72\">Espesor del componente (t)<\/td><td class=\"et3\" style=\"width: 18.1818%; height: 96px; vertical-align: middle;\" width=\"294\">0.5mm\u2264T\u22643mm<\/td><td class=\"et3\" style=\"width: 20.3463%; height: 96px; vertical-align: middle;\" width=\"294\">T&lt; 0,5 mm, T&gt; 3 mm<\/td><td class=\"et3\" style=\"width: 23.9538%; height: 96px; vertical-align: middle;\" width=\"294\">El tama\u00f1o de la PCB no convencional est\u00e1 dentro del alcance del equipo de impresi\u00f3n semiautom\u00e1tica, y la precisi\u00f3n m\u00ednima es de 0,5 Pitch<\/td><\/tr><tr style=\"height: 27.00pt;\"><td class=\"et3\" style=\"width: 9.9567%; height: 149px; vertical-align: middle;\" rowspan=\"3\" width=\"72\">Tama\u00f1o del dispositivo<\/td><td class=\"et3\" style=\"width: 13.1313%; height: 48px; vertical-align: middle;\" width=\"72\">Paquete m\u00ednimo<\/td><td class=\"et3\" style=\"width: 18.1818%; height: 48px; vertical-align: middle;\" width=\"294\">0201(0.6mm*0.3mm)<\/td><td class=\"et3\" style=\"width: 20.3463%; height: 48px; vertical-align: middle;\" width=\"294\">01005(0.3mm*0.2mm)<\/td><td class=\"et3\" style=\"width: 23.9538%; height: 291px; vertical-align: middle;\" rowspan=\"5\" width=\"294\">Altura del dispositivo de proceso de doble cara 25mm.<\/td><\/tr><tr style=\"height: 27.00pt;\"><td class=\"et3\" style=\"width: 13.1313%; height: 48px; vertical-align: middle;\" width=\"72\">Tama\u00f1o m\u00e1ximo<\/td><td class=\"et3\" style=\"width: 18.1818%; height: 48px; vertical-align: middle;\" width=\"294\">SMD\u2264200mm * 125mm<\/td><td class=\"et3\" style=\"width: 20.3463%; height: 48px; vertical-align: middle;\" width=\"294\">SMD&gt; 200 mm * 125 mm<\/td><\/tr><tr style=\"height: 40.50pt;\"><td class=\"et3\" style=\"width: 13.1313%; height: 53px; vertical-align: middle;\" width=\"72\">Espesor del dispositivo<\/td><td class=\"et3\" style=\"width: 18.1818%; height: 53px; vertical-align: middle;\" width=\"294\">T\u226415mm<\/td><td class=\"et3\" style=\"width: 20.3463%; height: 53px; vertical-align: middle;\" width=\"294\">T&gt; 15 mm<\/td><\/tr><tr style=\"height: 67.50pt;\"><td class=\"et3\" style=\"width: 9.9567%; height: 89px; vertical-align: middle;\" width=\"72\">QFP, SOP, SOJ y otros pol\u00edpodos.<\/td><td class=\"et3\" style=\"width: 13.1313%; height: 89px; vertical-align: middle;\" width=\"72\">Espaciamiento m\u00ednimo de PiN<\/td><td class=\"et3\" style=\"width: 18.1818%; height: 89px; vertical-align: middle;\" width=\"294\">0.35mm<\/td><td class=\"et3\" style=\"width: 20.3463%; height: 89px; vertical-align: middle;\" width=\"294\">0.3mm\u2264Pitch&lt; 0,35 mm<\/td><\/tr><tr style=\"height: 40.50pt;\"><td class=\"et3\" style=\"width: 9.9567%; height: 53px; vertical-align: middle;\" width=\"72\">CSP BGA<\/td><td class=\"et3\" style=\"width: 13.1313%; height: 53px; vertical-align: middle;\" width=\"72\">Espaciamiento m\u00ednimo de bola<\/td><td class=\"et3\" style=\"width: 18.1818%; height: 53px; vertical-align: middle;\" width=\"294\">0.35mm<\/td><td class=\"et3\" style=\"width: 20.3463%; height: 53px; vertical-align: middle;\" width=\"294\">0.3mm\u2264Pitch&lt; 0,35 mm<\/td><\/tr><tr style=\"height: 27.00pt;\"><td class=\"et4\" style=\"height: 179px; width: 14.43%; vertical-align: middle;\" rowspan=\"4\" width=\"72\" height=\"144\"><strong>Proceso DIP (soldadura por ondas)<\/strong><\/td><td class=\"et3\" style=\"width: 9.9567%; height: 179px; vertical-align: middle;\" rowspan=\"4\" width=\"72\">Tama\u00f1o de la PCB<\/td><td class=\"et3\" style=\"width: 13.1313%; height: 48px; vertical-align: middle;\" width=\"72\">Tama\u00f1o m\u00ednimo<\/td><td class=\"et3\" style=\"width: 18.1818%; height: 48px; vertical-align: middle;\" width=\"294\">L\u226550mm W\u226550mm<\/td><td class=\"et3\" style=\"width: 20.3463%; height: 48px; vertical-align: middle;\" width=\"294\">L&lt; 50 mm<\/td><td class=\"et3\" style=\"width: 23.9538%; height: 179px; vertical-align: middle;\" rowspan=\"4\" width=\"294\">1. Elemento de superficie BOT &lt; 5 mm;  2. La distancia entre el pasador del componente de enchufe y la parte SMT en la superficie del BOT &gt; el grosor de la parte SMT 2.0mm.<\/td><\/tr><tr style=\"height: 27.00pt;\"><td class=\"et3\" style=\"width: 13.1313%; height: 48px; vertical-align: middle;\" width=\"72\">Tama\u00f1o m\u00e1ximo<\/td><td class=\"et3\" style=\"width: 18.1818%; height: 48px; vertical-align: middle;\" width=\"294\">L\u2264500mm W\u2264400mm<\/td><td class=\"et3\" style=\"width: 20.3463%; height: 48px; vertical-align: middle;\" width=\"294\">L&lt; 800mm W\u2264400mm<\/td><\/tr><tr style=\"height: 27.00pt;\"><td class=\"et3\" style=\"width: 13.1313%; height: 48px; vertical-align: middle;\" width=\"72\">Tama\u00f1o m\u00e1s delgado<\/td><td class=\"et3\" style=\"width: 18.1818%; height: 48px; vertical-align: middle;\" width=\"294\">0.5mm<\/td><td class=\"et3\" style=\"width: 20.3463%; height: 48px; vertical-align: middle;\" width=\"294\">T&lt; 0,5 mm<\/td><\/tr><tr style=\"height: 27.00pt;\"><td class=\"et3\" style=\"width: 13.1313%; height: 35px; vertical-align: middle;\" width=\"72\">Tama\u00f1o m\u00e1s grueso<\/td><td class=\"et3\" style=\"width: 18.1818%; height: 35px; vertical-align: middle;\" width=\"294\">5 mm<\/td><td class=\"et3\" style=\"width: 20.3463%; height: 35px; vertical-align: middle;\" width=\"294\">T&gt; 5 mm<\/td><\/tr><tr style=\"height: 54.00pt;\"><td class=\"et4\" style=\"height: 125px; width: 14.43%; vertical-align: middle;\" rowspan=\"2\" width=\"72\" height=\"126\"><strong>Proceso DlP (soldadura por ondas)<\/strong><\/td><td class=\"et3\" style=\"width: 9.9567%; height: 125px; vertical-align: middle;\" rowspan=\"2\" width=\"72\">Par\u00e1metro de procesamiento<\/td><td class=\"et3\" style=\"width: 13.1313%; height: 72px; vertical-align: middle;\" width=\"72\">Rango de tolerancia de temperatura<\/td><td class=\"et3\" style=\"width: 18.1818%; height: 72px; vertical-align: middle;\" width=\"294\">-30\u00b0C\u2264T\u2264120\u00b0C<\/td><td class=\"et3\" style=\"width: 20.3463%; height: 72px; vertical-align: middle;\" width=\"294\">-50\u00b0C\u2264T\u2264150\u2103<\/td><td class=\"et3\" style=\"width: 23.9538%; height: 72px; vertical-align: middle;\" width=\"294\">\u00a0<\/td><\/tr><tr style=\"height: 40.50pt;\"><td class=\"et3\" style=\"width: 13.1313%; height: 53px; vertical-align: middle;\" width=\"72\">Espesor del recubrimiento<\/td><td class=\"et3\" style=\"width: 18.1818%; height: 53px; vertical-align: middle;\" width=\"294\">20um\u2264T\u226450um<\/td><td class=\"et3\" style=\"width: 20.3463%; height: 53px; vertical-align: middle;\" width=\"294\">T&gt; 50um<\/td><td class=\"et3\" style=\"width: 23.9538%; height: 53px; vertical-align: middle;\" width=\"294\">\u00a0<\/td><\/tr><tr style=\"height: 13.50pt;\"><td class=\"et4\" style=\"height: 101px; width: 14.43%; vertical-align: middle;\" rowspan=\"3\" width=\"72\" height=\"90\"><strong>Proceso de prueba de aguja volante<\/strong><\/td><td class=\"et3\" style=\"width: 9.9567%; height: 48px; vertical-align: middle;\" rowspan=\"2\" width=\"72\">Altura del dispositivo<\/td><td class=\"et3\" style=\"width: 13.1313%; height: 24px; vertical-align: middle;\" width=\"72\">hacia arriba<\/td><td class=\"et3\" style=\"width: 18.1818%; height: 24px; vertical-align: middle;\" width=\"294\">H\u226460mm<\/td><td class=\"et3\" style=\"width: 20.3463%; height: 24px; vertical-align: middle;\" width=\"294\">H&gt; 60 mm<\/td><td class=\"et3\" style=\"width: 23.9538%; height: 24px; vertical-align: middle;\" width=\"294\">\u00a0<\/td><\/tr><tr style=\"height: 13.50pt;\"><td class=\"et3\" style=\"width: 13.1313%; height: 24px; vertical-align: middle;\" width=\"72\">desventaja<\/td><td class=\"et3\" style=\"width: 18.1818%; height: 24px; vertical-align: middle;\" width=\"294\">H\u2264120mm<\/td><td class=\"et3\" style=\"width: 20.3463%; height: 24px; vertical-align: middle;\" width=\"294\">H&gt; 120 mm<\/td><td class=\"et3\" style=\"width: 23.9538%; height: 24px; vertical-align: middle;\" width=\"294\">\u00a0<\/td><\/tr><tr style=\"height: 40.50pt;\"><td class=\"et3\" style=\"width: 9.9567%; height: 53px; vertical-align: middle;\" width=\"72\">Espesor de la PCB<\/td><td class=\"et3\" style=\"width: 13.1313%; height: 53px; vertical-align: middle;\" width=\"72\">grosor<\/td><td class=\"et3\" style=\"width: 18.1818%; height: 53px; vertical-align: middle;\" width=\"294\">T\u22645mm<\/td><td class=\"et3\" style=\"width: 20.3463%; height: 53px; vertical-align: middle;\" width=\"294\">T&gt; 5 mm<\/td><td class=\"et3\" style=\"width: 23.9538%; height: 53px; vertical-align: middle;\" width=\"294\">\u00a0<\/td><\/tr><\/tbody><\/table>\t\t\t\t\t\t\t\t<\/div>\n\t\t\t\t\t<\/div>\n\t\t<\/div>\n\t\t\t\t\t<\/div>\n\t\t<\/section>\n\t\t\t\t\t<\/div>\n\t\t<\/div>\n\t\t\t\t\t<\/div>\n\t\t<\/section>\n\t\t\t\t<section class=\"elementor-section elementor-top-section elementor-element elementor-element-e09adbd elementor-section-boxed elementor-section-height-default elementor-section-height-default\" data-id=\"e09adbd\" data-element_type=\"section\" data-e-type=\"section\" data-settings=\"{&quot;background_background&quot;:&quot;classic&quot;}\">\n\t\t\t\t\t\t\t<div class=\"elementor-background-overlay\"><\/div>\n\t\t\t\t\t\t\t<div class=\"elementor-container elementor-column-gap-default\">\n\t\t\t\t\t<div class=\"elementor-column elementor-col-100 elementor-top-column elementor-element elementor-element-10a6fbf\" data-id=\"10a6fbf\" data-element_type=\"column\" data-e-type=\"column\">\n\t\t\t<div class=\"elementor-widget-wrap elementor-element-populated\">\n\t\t\t\t\t\t<div class=\"elementor-element elementor-element-9400aaf elementor-widget elementor-widget-heading\" data-id=\"9400aaf\" data-element_type=\"widget\" data-e-type=\"widget\" data-widget_type=\"heading.default\">\n\t\t\t\t\t<h2 class=\"elementor-heading-title elementor-size-default\">\u00bfNo encuentra lo que est\u00e1 buscando?<\/h2>\t\t\t\t<\/div>\n\t\t\t\t<div class=\"elementor-element elementor-element-033ca0c elementor-align-center elementor-widget elementor-widget-button\" data-id=\"033ca0c\" data-element_type=\"widget\" data-e-type=\"widget\" data-widget_type=\"button.default\">\n\t\t\t\t\t\t\t\t\t\t<a class=\"elementor-button elementor-button-link elementor-size-sm\" href=\"https:\/\/www.unimpcb.com\/es\/contact\/\" target=\"_blank\">\n\t\t\t\t\t\t<span class=\"elementor-button-content-wrapper\">\n\t\t\t\t\t\t<span class=\"elementor-button-icon\">\n\t\t\t\t<svg aria-hidden=\"true\" class=\"e-font-icon-svg e-far-hand-point-up\" viewbox=\"0 0 448 512\" xmlns=\"http:\/\/www.w3.org\/2000\/svg\"><path d=\"M105.6 83.2v86.177a115.52 115.52 0 0 0-22.4-2.176c-47.914 0-83.2 35.072-83.2 92 0 45.314 48.537 57.002 78.784 75.707 12.413 7.735 23.317 16.994 33.253 25.851l.146.131.148.129C129.807 376.338 136 384.236 136 391.2v2.679c-4.952 5.747-8 13.536-8 22.12v64c0 17.673 12.894 32 28.8 32h230.4c15.906 0 28.8-14.327 28.8-32v-64c0-8.584-3.048-16.373-8-22.12V391.2c0-28.688 40-67.137 40-127.2v-21.299c0-62.542-38.658-98.8-91.145-99.94-17.813-12.482-40.785-18.491-62.791-15.985A93.148 93.148 0 0 0 272 118.847V83.2C272 37.765 234.416 0 188.8 0c-45.099 0-83.2 38.101-83.2 83.2zm118.4 0v91.026c14.669-12.837 42.825-14.415 61.05 4.95 19.646-11.227 45.624-1.687 53.625 12.925 39.128-6.524 61.325 10.076 61.325 50.6V264c0 45.491-35.913 77.21-39.676 120H183.571c-2.964-25.239-21.222-42.966-39.596-59.075-12.65-11.275-25.3-21.725-39.875-30.799C80.712 279.645 48 267.994 48 259.2c0-23.375 8.8-44 35.2-44 35.2 0 53.075 26.4 70.4 26.4V83.2c0-18.425 16.5-35.2 35.2-35.2 18.975 0 35.2 16.225 35.2 35.2zM352 424c13.255 0 24 10.745 24 24s-10.745 24-24 24-24-10.745-24-24 10.745-24 24-24z\"><\/path><\/svg>\t\t\t<\/span>\n\t\t\t\t\t\t\t\t\t<span class=\"elementor-button-text\">Contacta con nosotros <\/span>\n\t\t\t\t\t<\/span>\n\t\t\t\t\t<\/a>\n\t\t\t\t\t\t\t\t<\/div>\n\t\t\t\t\t<\/div>\n\t\t<\/div>\n\t\t\t\t\t<\/div>\n\t\t<\/section>\n\t\t\t\t<\/div>","protected":false},"excerpt":{"rendered":"<p>PCB assembly We have 60+ SMT production lines, equipped with new Fuji NXTIII, AIMEX, XPF full-automatic solder paste printing machines, 15-temperature zone lead-free nitrogen reflux furnaces, wave soldering and other high-end equipment, AOI, 3D SPI, 3D X-RAY, intelligent first article testers, full-automatic plate splitters, crimping machines, BGA rework stations, and three-proofing paint. Our focus is [&hellip;]<\/p>\n","protected":false},"author":1,"featured_media":0,"parent":26,"menu_order":19,"comment_status":"closed","ping_status":"closed","template":"elementor_header_footer","meta":{"footnotes":""},"class_list":["post-5616","page","type-page","status-publish","hentry"],"_links":{"self":[{"href":"https:\/\/www.unimpcb.com\/es\/wp-json\/wp\/v2\/pages\/5616","targetHints":{"allow":["GET"]}}],"collection":[{"href":"https:\/\/www.unimpcb.com\/es\/wp-json\/wp\/v2\/pages"}],"about":[{"href":"https:\/\/www.unimpcb.com\/es\/wp-json\/wp\/v2\/types\/page"}],"author":[{"embeddable":true,"href":"https:\/\/www.unimpcb.com\/es\/wp-json\/wp\/v2\/users\/1"}],"replies":[{"embeddable":true,"href":"https:\/\/www.unimpcb.com\/es\/wp-json\/wp\/v2\/comments?post=5616"}],"version-history":[{"count":0,"href":"https:\/\/www.unimpcb.com\/es\/wp-json\/wp\/v2\/pages\/5616\/revisions"}],"up":[{"embeddable":true,"href":"https:\/\/www.unimpcb.com\/es\/wp-json\/wp\/v2\/pages\/26"}],"wp:attachment":[{"href":"https:\/\/www.unimpcb.com\/es\/wp-json\/wp\/v2\/media?parent=5616"}],"curies":[{"name":"WP","href":"https:\/\/api.w.org\/{rel}","templated":true}]}}