{"id":5544,"date":"2026-01-07T14:37:59","date_gmt":"2026-01-07T06:37:59","guid":{"rendered":"https:\/\/www.unimpcb.com\/?page_id=5544"},"modified":"2026-03-09T19:34:51","modified_gmt":"2026-03-09T11:34:51","slug":"base-materials","status":"publish","type":"page","link":"https:\/\/www.unimpcb.com\/es\/technology\/base-materials\/","title":{"rendered":"Materiales de base"},"content":{"rendered":"<div data-elementor-type=\"wp-page\" data-elementor-id=\"5544\" class=\"elementor elementor-5544\" data-elementor-post-type=\"page\">\n\t\t\t\t\t\t<section class=\"elementor-section elementor-top-section elementor-element elementor-element-555794d elementor-section-full_width elementor-section-height-min-height elementor-section-height-default elementor-section-items-middle\" data-id=\"555794d\" data-element_type=\"section\" data-e-type=\"section\" data-settings=\"{&quot;background_background&quot;:&quot;classic&quot;}\">\n\t\t\t\t\t\t\t<div class=\"elementor-background-overlay\"><\/div>\n\t\t\t\t\t\t\t<div class=\"elementor-container elementor-column-gap-default\">\n\t\t\t\t\t<div class=\"elementor-column elementor-col-100 elementor-top-column elementor-element elementor-element-3ca2d53\" data-id=\"3ca2d53\" data-element_type=\"column\" data-e-type=\"column\" data-settings=\"{&quot;background_background&quot;:&quot;classic&quot;}\">\n\t\t\t<div class=\"elementor-widget-wrap elementor-element-populated\">\n\t\t\t\t\t\t<section class=\"elementor-section elementor-inner-section elementor-element elementor-element-870d0fd elementor-section-boxed elementor-section-height-default elementor-section-height-default\" data-id=\"870d0fd\" data-element_type=\"section\" data-e-type=\"section\" data-settings=\"{&quot;background_background&quot;:&quot;classic&quot;}\">\n\t\t\t\t\t\t<div class=\"elementor-container elementor-column-gap-default\">\n\t\t\t\t\t<div class=\"elementor-column elementor-col-100 elementor-inner-column elementor-element elementor-element-3b7e6d0\" data-id=\"3b7e6d0\" data-element_type=\"column\" data-e-type=\"column\">\n\t\t\t<div class=\"elementor-widget-wrap elementor-element-populated\">\n\t\t\t\t\t\t\t<\/div>\n\t\t<\/div>\n\t\t\t\t\t<\/div>\n\t\t<\/section>\n\t\t\t\t\t<\/div>\n\t\t<\/div>\n\t\t\t\t\t<\/div>\n\t\t<\/section>\n\t\t\t\t<section class=\"elementor-section elementor-top-section elementor-element elementor-element-7110a46 elementor-section-boxed elementor-section-height-default elementor-section-height-default\" data-id=\"7110a46\" data-element_type=\"section\" data-e-type=\"section\" data-settings=\"{&quot;background_background&quot;:&quot;classic&quot;}\">\n\t\t\t\t\t\t\t<div class=\"elementor-background-overlay\"><\/div>\n\t\t\t\t\t\t\t<div class=\"elementor-container elementor-column-gap-default\">\n\t\t\t\t\t<div class=\"elementor-column elementor-col-100 elementor-top-column elementor-element elementor-element-8494b1d\" data-id=\"8494b1d\" data-element_type=\"column\" data-e-type=\"column\">\n\t\t\t<div class=\"elementor-widget-wrap elementor-element-populated\">\n\t\t\t\t\t\t<section class=\"elementor-section elementor-inner-section elementor-element elementor-element-63c4712 elementor-section-full_width elementor-section-height-default elementor-section-height-default\" data-id=\"63c4712\" data-element_type=\"section\" data-e-type=\"section\">\n\t\t\t\t\t\t<div class=\"elementor-container elementor-column-gap-default\">\n\t\t\t\t\t<div class=\"elementor-column elementor-col-100 elementor-inner-column elementor-element elementor-element-7f9ddd3\" data-id=\"7f9ddd3\" data-element_type=\"column\" data-e-type=\"column\">\n\t\t\t<div class=\"elementor-widget-wrap elementor-element-populated\">\n\t\t\t\t\t\t<div class=\"elementor-element elementor-element-1aeea20 elementor-widget elementor-widget-heading\" data-id=\"1aeea20\" data-element_type=\"widget\" data-e-type=\"widget\" data-widget_type=\"heading.default\">\n\t\t\t\t\t<h2 class=\"elementor-heading-title elementor-size-default\">Materiales<\/h2>\t\t\t\t<\/div>\n\t\t\t\t<div class=\"elementor-element elementor-element-d701576 elementor-widget elementor-widget-text-editor\" data-id=\"d701576\" data-element_type=\"widget\" data-e-type=\"widget\" data-widget_type=\"text-editor.default\">\n\t\t\t\t\t\t\t\t\t<p>Estamos orgullosos de decir que solo utilizamos materiales reconocidos a nivel mundial. A\u00fan as\u00ed, debido a las nuevas tecnolog\u00edas en la producci\u00f3n de PCB y los requisitos de nuestros clientes&#8217; desarrollo de aplicaciones, vemos la necesidad de cualificar materiales m\u00e1s sofisticados y desarrollar nuevos materiales. Para ello, tenemos un procedimiento de cualificaci\u00f3n documentado y podemos ofrecer una gama de materiales cualificados. Todos los materiales est\u00e1n adem\u00e1s aprobados y calificados por nuestras f\u00e1bricas clasificadas PSL (Lista de Proveedores Preferidos).<\/p><p>Si desea m\u00e1s informaci\u00f3n sobre los m\u00e9todos de especificaci\u00f3n de materiales, por favor <a class=\"a-link\" href=\"https:\/\/www.unimpcb.com\/es\/contact\/\" target=\"_blank\" rel=\"noopener\"><span style=\"color: #ff6600;\"><strong>contacto<\/strong><\/span>\u00a0<\/a>nosotros y estaremos encantados de ayudar.<\/p>\t\t\t\t\t\t\t\t<\/div>\n\t\t\t\t<div class=\"elementor-element elementor-element-7c31096 elementor-widget elementor-widget-text-editor\" data-id=\"7c31096\" data-element_type=\"widget\" data-e-type=\"widget\" data-widget_type=\"text-editor.default\">\n\t\t\t\t\t\t\t\t\t<p>Dentro de nuestra lista de materiales aprobados, encontramos todos los tipos de tecnolog\u00edas de materiales que se enumeran a continuaci\u00f3n.<\/p>\t\t\t\t\t\t\t\t<\/div>\n\t\t\t\t\t<\/div>\n\t\t<\/div>\n\t\t\t\t\t<\/div>\n\t\t<\/section>\n\t\t\t\t\t<\/div>\n\t\t<\/div>\n\t\t\t\t\t<\/div>\n\t\t<\/section>\n\t\t\t\t<section class=\"elementor-section elementor-top-section elementor-element elementor-element-369daaf elementor-section-boxed elementor-section-height-default elementor-section-height-default\" data-id=\"369daaf\" data-element_type=\"section\" data-e-type=\"section\" data-settings=\"{&quot;background_background&quot;:&quot;classic&quot;}\">\n\t\t\t\t\t\t\t<div class=\"elementor-background-overlay\"><\/div>\n\t\t\t\t\t\t\t<div class=\"elementor-container elementor-column-gap-default\">\n\t\t\t\t\t<div class=\"elementor-column elementor-col-100 elementor-top-column elementor-element elementor-element-fbe7895\" data-id=\"fbe7895\" data-element_type=\"column\" data-e-type=\"column\">\n\t\t\t<div class=\"elementor-widget-wrap elementor-element-populated\">\n\t\t\t\t\t\t<section class=\"elementor-section elementor-inner-section elementor-element elementor-element-46d0a1f elementor-section-height-min-height elementor-section-boxed elementor-section-height-default\" data-id=\"46d0a1f\" data-element_type=\"section\" data-e-type=\"section\">\n\t\t\t\t\t\t<div class=\"elementor-container elementor-column-gap-default\">\n\t\t\t\t\t<div class=\"elementor-column elementor-col-100 elementor-inner-column elementor-element elementor-element-a7c70ad\" data-id=\"a7c70ad\" data-element_type=\"column\" data-e-type=\"column\">\n\t\t\t<div class=\"elementor-widget-wrap elementor-element-populated\">\n\t\t\t\t\t\t<div class=\"elementor-element elementor-element-9205c81 elementor-widget elementor-widget-heading\" data-id=\"9205c81\" data-element_type=\"widget\" data-e-type=\"widget\" data-widget_type=\"heading.default\">\n\t\t\t\t\t<h2 class=\"elementor-heading-title elementor-size-default\">Materiales est\u00e1ndar<\/h2>\t\t\t\t<\/div>\n\t\t\t\t<div class=\"elementor-element elementor-element-6ce6aaf table elementor-widget elementor-widget-text-editor\" data-id=\"6ce6aaf\" data-element_type=\"widget\" data-e-type=\"widget\" data-widget_type=\"text-editor.default\">\n\t\t\t\t\t\t\t\t\t<table><tbody><tr><th style=\"width: 66.7188px; text-align: left; vertical-align: middle;\"><p>Tipo de material<\/p><\/th><th style=\"width: 57.6094px; text-align: left; vertical-align: middle;\"><p>TG<\/p><p>(Grado C)<\/p><\/th><th style=\"width: 124.234px; text-align: left; vertical-align: middle;\"><p>P\u00e9rdida est\u00e1ndar<\/p><p>(Dk &gt; 4,0 Df &gt; 0,015)<\/p><\/th><th style=\"width: 92.75px; text-align: left; vertical-align: middle;\"><p>Medio Dk\/P\u00e9rdida<\/p><p>(Dk 3.5~4.0 Df 0.010~0.015)<\/p><\/th><th style=\"width: 365.906px; text-align: left; vertical-align: middle;\"><p>Baja p\u00e9rdida<\/p><p>(Dk 3.4~3.8 Df 0.005~0.010)<\/p><\/th><\/tr><tr><td style=\"width: 66.7188px; text-align: left; vertical-align: middle;\" rowspan=\"3\"><p><strong>FR-4<\/strong><\/p><\/td><td style=\"width: 57.6094px; text-align: left; vertical-align: middle;\"><p>Bajo TG (130-140)<\/p><\/td><td style=\"width: 124.234px; text-align: left; vertical-align: middle;\"><p>KB: KB-6160, KB-6160C (CTI600V), KB6164<\/p><p>SYST: S1141, S1600 (CTI&gt;=600)<\/p><p>N\u00famero ITEQ: IT-140TC<\/p><p>NANYA: NP-140, NY-1140<\/p><\/td><td style=\"width: 464.656px; text-align: left; vertical-align: middle;\" colspan=\"2\">\u00a0<\/td><\/tr><tr><td style=\"width: 57.6094px; text-align: left; vertical-align: middle;\"><p>Medio Tg (150-170)<\/p><\/td><td style=\"width: 124.234px; text-align: left; vertical-align: middle;\"><p>KB: KB6165F<\/p><p>SYST: S1000H, S1151G (CTI600V), IT-158TC, S1600L (CTI&gt;=600)<\/p><p>TUC: TU668<\/p><p>WAZAM: H150 (LF)<\/p><p>EMC: EM825<\/p><p>ISOLA: IS400<\/p><p>Nanya: NP-155<\/p><p>Nueva York: NY-1150<\/p><p>GW: GW1500<\/p><\/td><td style=\"width: 464.656px; text-align: left; vertical-align: middle;\" colspan=\"2\">\u00a0<\/td><\/tr><tr><td style=\"width: 57.6094px; text-align: left; vertical-align: middle;\"><p>Alto Tg (\u2265170)<\/p><\/td><td style=\"width: 124.234px; text-align: left; vertical-align: middle;\"><p>KB: KB6167F<\/p><p>Sistema: S1000-2M<\/p><p>Inform\u00e1tica: IT180, IT180ATC<\/p><p>EMC: EM827<\/p><p>ISOLA: 370HR, 185HR<\/p><p>Nanya: NP-170<\/p><p>NUYA: NY-2170<\/p><p>TUC: TU768<\/p><\/td><td style=\"width: 92.75px; text-align: left; vertical-align: middle;\"><p>Panasonic: Megtron-2, serie RF775\/RF777, serie IF-2LD, Shengyi SF, S7038, Synamic2, Taiflex 2UP, LCP, TK<\/p><p>Nanya: NPG-171<\/p><p>Isola: IS415, FR-408<\/p><\/td><td style=\"width: 365.906px; text-align: left; vertical-align: middle;\"><p>AGC: N4000-13 (serie), N4800-20 (serie), MW1000, N6800-22 (serie), MW4000, LW990G, LW900G, MW8000<\/p><p>ISOLA: FR408HR, I-Speed, I-Tera MT40, ASTRA<\/p><p>Panasonic: Megtron-4, Megtron-4S, R1755V\/M2\/M4\/M4S, Megtron-6<\/p><p>SYST: S7038, S7439, MM\/M6\/M6G\/M6N\/M7GE\/M7N\/M7GN\/M8U\/M8N, DS-7409DJL2 HSD8\/S9NH\/S9N2H\/S9GN2H<\/p><p>TUC: TU872SLK (serie), TU883, TU768, TU862S, TU863, TU883, TU933 (Z) \/ TU933, TU943R, M8U \/ M8N TU943R, TU933, TU-943SN<\/p><p>EMC: EM828, EM888, EM891, EM528, EM888S \/ EM526, EM891 \/ EM528, EM890K, EM892K \/ EM892K2, EM828G, EM890K, EM892K \/ EM892K2<\/p><p>ITEQ: IT968, IT968G, IT150DA, IT998 S9N\/S9N2<\/p><p>NANYA: NPG186<\/p><p>NUYA: NY6300 (serie) NY-P2\/NY-P3, NY-P4 \/NY-P5<\/p><p>WAZAM: H360, H360C, MCL-990GDZ<\/p><\/td><\/tr><tr><td style=\"width: 66.7188px; text-align: left; vertical-align: middle;\" rowspan=\"3\"><p><strong>FR-4 (sin hal\u00f3genos)<\/strong><\/p><\/td><td style=\"width: 57.6094px; text-align: left; vertical-align: middle;\"><p>Low TG, (130-140)<\/p><\/td><td style=\"width: 124.234px; text-align: left; vertical-align: middle;\"><p>N\u00famero ITEQ: IT-140G<\/p><\/td><td style=\"width: 92.75px; text-align: left; vertical-align: middle;\">\u00a0<\/td><td style=\"width: 365.906px; text-align: left; vertical-align: middle;\">\u00a0<\/td><\/tr><tr><td style=\"width: 57.6094px; text-align: left; vertical-align: middle;\"><p>Medio Tg (150-170)<\/p><\/td><td style=\"width: 124.234px; text-align: left; vertical-align: middle;\"><p>KB-6165G (sin UL)<\/p><p>Nanya: NPG-151, NPG-170DR, NPG-170DTL, NPG-171, NPGN-150LKHD, NPG-150N, NPG-170N, NPG-151S \/ NPG-B<\/p><p>SYST: S1150G y amp; S1151G,<\/p><p>ITEQ: IT-258GAITC, IT-155G, TU862HF<\/p><p>Panasonic: R-1566W<\/p><p>EMC: EM285<\/p><\/td><td style=\"width: 92.75px; text-align: left; vertical-align: middle;\"><p>N\u00famero ITEQ: IT150G<\/p><\/td><td style=\"width: 365.906px; text-align: left; vertical-align: middle;\">\u00a0<\/td><\/tr><tr><td style=\"width: 57.6094px; text-align: left; vertical-align: middle;\"><p>Alto Tg (\u2265170)<\/p><\/td><td style=\"width: 124.234px; text-align: left; vertical-align: middle;\"><p>EM-370, S1170G, IT-170G<\/p><\/td><td style=\"width: 92.75px; text-align: left; vertical-align: middle;\"><p>TUC: TU862HF,<\/p><p>EMC: EM370D, EM828G<\/p><p>C\u00f3digo ITEQ: IT-170GRA1,<\/p><p>Cero: ny3170m,<\/p><p>Sistema: S7040G<\/p><\/td><td style=\"width: 365.906px; text-align: left; vertical-align: middle;\"><p>ITEQ: IT-958G, S7439G, IT-170GRA2, IT-968G<\/p><p>EMC: EM-526 EM-888\/S\/(S)(A), EM-888K EM-528<\/p><p>TUC: TU863, TU-883, TU-883C<\/p><p>NUYA: NY3170M2\/LK NY6300SL NY6300S<\/p><p>Nanya: NPG-170D<\/p><p>Sistema: S7439G S6GX<\/p><\/td><\/tr><\/tbody><\/table>\t\t\t\t\t\t\t\t<\/div>\n\t\t\t\t<div class=\"elementor-element elementor-element-355b209 elementor-widget elementor-widget-heading\" data-id=\"355b209\" data-element_type=\"widget\" data-e-type=\"widget\" data-widget_type=\"heading.default\">\n\t\t\t\t\t<h2 class=\"elementor-heading-title elementor-size-default\">Materiales avanzados<\/h2>\t\t\t\t<\/div>\n\t\t\t\t<div class=\"elementor-element elementor-element-a1a98ab table elementor-widget elementor-widget-text-editor\" data-id=\"a1a98ab\" data-element_type=\"widget\" data-e-type=\"widget\" data-widget_type=\"text-editor.default\">\n\t\t\t\t\t\t\t\t\t<table style=\"width: 100%;\"><tbody><tr><th style=\"vertical-align: middle; width: 18.2777%; text-align: left;\" width=\"9.9400%\"><p>Tipo de material<\/p><\/th><th style=\"vertical-align: middle; width: 35.0423%; text-align: left;\" width=\"43.3800%\"><p>Ejemplos materiales<\/p><\/th><th style=\"vertical-align: middle; width: 46.68%; text-align: left;\" width=\"46.6800%\"><p>Informaci\u00f3n<\/p><\/th><\/tr><tr><td style=\"text-align: left; vertical-align: middle; width: 18.2777%;\" width=\"9.9400%\"><p><strong>Materiales de alta frecuencia<\/strong><\/p><\/td><td style=\"text-align: left; vertical-align: middle; width: 35.0423%;\" width=\"43.3800%\"><p>Rogers: RO4350B, RO4003C, RO4835 (serie RO4000) &amp; RO3003, RO3006, RO3010 (serie RO3000), AD250, AD255, AD300, AD350 (serie AD), serie CLTE, Cuclad 217, Cuclad 233, Cuclad 250 (serie Cuclad), Diclad 527, Diclad 870, Diclad880 (serie Diclad), RT5280, RT5880, RT6002, RT6006, RT6010, RT6035HTC (serie RT-duroid), TMM10i, TMM13i, TMM3, TMM4, TMM6 (serie TMM), TC350, TC600 (serie TC), serie Anteo, serie IM, IsoClad917, IsoClad933 (serie IsoClad), serie Kappa438, serie MAGTREX 555, serie XtremeSpeed RO1200.<\/p><p>AGC: RF-35 (serie RF-35), RF-60TC, RF-10, TLX (serie), TLY (serie), TSM-DS3. etc.<\/p><p>Wangling: serie F4BM, serie F4BTM, serie TP \/ TF, serie F4BTMS, serie TFA, serie WL-CT.<\/p><\/td><td style=\"text-align: left; vertical-align: middle; width: 46.68%;\" width=\"46.6800%\"><p>Algunos materiales de alta frecuencia incluyen PFAS.<\/p><p>UMEC ha desarrollado una lista de reemplazo con materiales no PFAS basados en par\u00e1metros clave. Algunos materiales son de fuente \u00fanica.<\/p><\/td><\/tr><tr><td style=\"text-align: left; vertical-align: middle; width: 18.2777%;\" width=\"9.9400%\"><p><strong>Materiales de sustrato de IC<\/strong><\/p><\/td><td style=\"text-align: left; vertical-align: middle; width: 35.0423%;\" width=\"43.3800%\"><p>MGC: HL832NX, HL832NS, HL832NS (LC), HL832NS (LCA).<\/p><p>Hitachi MCL-E-679FGB(S). MCL-E-700G, MCL-E-705G. Panasonic R-1515E, R-G515.<\/p><p>Doosan DS7409HGB, DS7409ZLE, DS7409HDB.<\/p><p>El SYC SI10U<\/p><\/td><td style=\"text-align: left; vertical-align: middle; width: 46.68%;\" width=\"46.6800%\"><p>Cada material tiene propiedades \u00fanicas para ciclos de uni\u00f3n simples o m\u00faltiples.<\/p><p>Integridad de la se\u00f1al. Algunas construcciones y materiales son de una sola fuente.<\/p><\/td><\/tr><tr><td style=\"text-align: left; vertical-align: middle; width: 18.2777%;\" width=\"9.9400%\"><p><strong>Materiales flexibles<\/strong><\/p><\/td><td style=\"text-align: left; vertical-align: middle; width: 35.0423%;\" width=\"43.3800%\"><p>Taiflex, Dupont FR y AP, Panasonic, ShengYi, Doosan, Thinflex, Hanwha, pel\u00edcula EMI<\/p><\/td><td style=\"text-align: left; vertical-align: middle; width: 46.68%;\" width=\"46.6800%\"><p>PI, PET, PSA, SUS, LPISM, tinta de plata y tinta de carbono, c\u00fapula de metal.<\/p><p>Pegamento de relleno<\/p><\/td><\/tr><tr><td style=\"text-align: left; vertical-align: middle; width: 18.2777%;\" width=\"9.9400%\"><p><strong>IMS<\/strong><\/p><\/td><td style=\"text-align: left; vertical-align: middle; width: 35.0423%;\" width=\"43.3800%\"><p>Bergquist MP, HT y CML<\/p><p>ITEQ T-Lam, Laird TLAM SS<\/p><p>Bergquist HPL, Ventec VT, Polytronics TCB.<\/p><p>Horario de verano de Doosan, Denka, Arlon, Chin-Shi<\/p><\/td><td style=\"text-align: left; vertical-align: middle; width: 46.68%;\" width=\"46.6800%\"><p>Una variedad de grosores, gama de conductividad t\u00e9rmica y diferentes<\/p><p>Tipos de bases met\u00e1licas como Aluminio y Cobre.<\/p><\/td><\/tr><\/tbody><\/table>\t\t\t\t\t\t\t\t<\/div>\n\t\t\t\t\t<\/div>\n\t\t<\/div>\n\t\t\t\t\t<\/div>\n\t\t<\/section>\n\t\t\t\t\t<\/div>\n\t\t<\/div>\n\t\t\t\t\t<\/div>\n\t\t<\/section>\n\t\t\t\t<section class=\"elementor-section elementor-top-section elementor-element elementor-element-2cbee0a elementor-section-boxed elementor-section-height-default elementor-section-height-default\" data-id=\"2cbee0a\" data-element_type=\"section\" data-e-type=\"section\" data-settings=\"{&quot;background_background&quot;:&quot;classic&quot;}\">\n\t\t\t\t\t\t\t<div class=\"elementor-background-overlay\"><\/div>\n\t\t\t\t\t\t\t<div class=\"elementor-container elementor-column-gap-default\">\n\t\t\t\t\t<div class=\"elementor-column elementor-col-100 elementor-top-column elementor-element elementor-element-5de4942\" data-id=\"5de4942\" data-element_type=\"column\" data-e-type=\"column\">\n\t\t\t<div class=\"elementor-widget-wrap elementor-element-populated\">\n\t\t\t\t\t\t<div class=\"elementor-element elementor-element-9980a6a elementor-widget elementor-widget-heading\" data-id=\"9980a6a\" data-element_type=\"widget\" data-e-type=\"widget\" data-widget_type=\"heading.default\">\n\t\t\t\t\t<h2 class=\"elementor-heading-title elementor-size-default\">\u00bfNo encuentra lo que est\u00e1 buscando?<\/h2>\t\t\t\t<\/div>\n\t\t\t\t<div class=\"elementor-element elementor-element-6e68e41 elementor-align-center elementor-widget elementor-widget-button\" data-id=\"6e68e41\" data-element_type=\"widget\" data-e-type=\"widget\" data-widget_type=\"button.default\">\n\t\t\t\t\t\t\t\t\t\t<a class=\"elementor-button elementor-button-link elementor-size-sm\" href=\"https:\/\/www.unimpcb.com\/es\/contact\/\" target=\"_blank\">\n\t\t\t\t\t\t<span class=\"elementor-button-content-wrapper\">\n\t\t\t\t\t\t<span class=\"elementor-button-icon\">\n\t\t\t\t<svg aria-hidden=\"true\" class=\"e-font-icon-svg e-far-hand-point-up\" viewbox=\"0 0 448 512\" xmlns=\"http:\/\/www.w3.org\/2000\/svg\"><path d=\"M105.6 83.2v86.177a115.52 115.52 0 0 0-22.4-2.176c-47.914 0-83.2 35.072-83.2 92 0 45.314 48.537 57.002 78.784 75.707 12.413 7.735 23.317 16.994 33.253 25.851l.146.131.148.129C129.807 376.338 136 384.236 136 391.2v2.679c-4.952 5.747-8 13.536-8 22.12v64c0 17.673 12.894 32 28.8 32h230.4c15.906 0 28.8-14.327 28.8-32v-64c0-8.584-3.048-16.373-8-22.12V391.2c0-28.688 40-67.137 40-127.2v-21.299c0-62.542-38.658-98.8-91.145-99.94-17.813-12.482-40.785-18.491-62.791-15.985A93.148 93.148 0 0 0 272 118.847V83.2C272 37.765 234.416 0 188.8 0c-45.099 0-83.2 38.101-83.2 83.2zm118.4 0v91.026c14.669-12.837 42.825-14.415 61.05 4.95 19.646-11.227 45.624-1.687 53.625 12.925 39.128-6.524 61.325 10.076 61.325 50.6V264c0 45.491-35.913 77.21-39.676 120H183.571c-2.964-25.239-21.222-42.966-39.596-59.075-12.65-11.275-25.3-21.725-39.875-30.799C80.712 279.645 48 267.994 48 259.2c0-23.375 8.8-44 35.2-44 35.2 0 53.075 26.4 70.4 26.4V83.2c0-18.425 16.5-35.2 35.2-35.2 18.975 0 35.2 16.225 35.2 35.2zM352 424c13.255 0 24 10.745 24 24s-10.745 24-24 24-24-10.745-24-24 10.745-24 24-24z\"><\/path><\/svg>\t\t\t<\/span>\n\t\t\t\t\t\t\t\t\t<span class=\"elementor-button-text\">Contacta con nosotros <\/span>\n\t\t\t\t\t<\/span>\n\t\t\t\t\t<\/a>\n\t\t\t\t\t\t\t\t<\/div>\n\t\t\t\t\t<\/div>\n\t\t<\/div>\n\t\t\t\t\t<\/div>\n\t\t<\/section>\n\t\t\t\t<\/div>","protected":false},"excerpt":{"rendered":"<p>Materials We are proud to say we only use globally recognized materials. Still, due to new technologies in PCB production and requirements from our customers&#8217; application development, we see the need to qualify more sophisticated materials and to develop new materials. For this, we have a documented qualification procedure and can offer a range of [&hellip;]<\/p>\n","protected":false},"author":1,"featured_media":0,"parent":26,"menu_order":4,"comment_status":"closed","ping_status":"closed","template":"elementor_header_footer","meta":{"footnotes":""},"class_list":["post-5544","page","type-page","status-publish","hentry"],"_links":{"self":[{"href":"https:\/\/www.unimpcb.com\/es\/wp-json\/wp\/v2\/pages\/5544","targetHints":{"allow":["GET"]}}],"collection":[{"href":"https:\/\/www.unimpcb.com\/es\/wp-json\/wp\/v2\/pages"}],"about":[{"href":"https:\/\/www.unimpcb.com\/es\/wp-json\/wp\/v2\/types\/page"}],"author":[{"embeddable":true,"href":"https:\/\/www.unimpcb.com\/es\/wp-json\/wp\/v2\/users\/1"}],"replies":[{"embeddable":true,"href":"https:\/\/www.unimpcb.com\/es\/wp-json\/wp\/v2\/comments?post=5544"}],"version-history":[{"count":0,"href":"https:\/\/www.unimpcb.com\/es\/wp-json\/wp\/v2\/pages\/5544\/revisions"}],"up":[{"embeddable":true,"href":"https:\/\/www.unimpcb.com\/es\/wp-json\/wp\/v2\/pages\/26"}],"wp:attachment":[{"href":"https:\/\/www.unimpcb.com\/es\/wp-json\/wp\/v2\/media?parent=5544"}],"curies":[{"name":"WP","href":"https:\/\/api.w.org\/{rel}","templated":true}]}}