{"id":7956,"date":"2026-02-04T11:02:49","date_gmt":"2026-02-04T03:02:49","guid":{"rendered":"https:\/\/www.unimpcb.com\/?page_id=7956"},"modified":"2026-03-09T19:58:51","modified_gmt":"2026-03-09T11:58:51","slug":"quality-assurance","status":"publish","type":"page","link":"https:\/\/www.unimpcb.com\/de\/quality-assurance\/","title":{"rendered":"Qualit\u00e4tssicherung"},"content":{"rendered":"<div data-elementor-type=\"wp-page\" data-elementor-id=\"7956\" class=\"elementor elementor-7956\" data-elementor-post-type=\"page\">\n\t\t\t\t\t\t<section class=\"elementor-section elementor-top-section elementor-element elementor-element-b4e05de elementor-section-full_width elementor-section-height-min-height elementor-section-height-default elementor-section-items-middle\" data-id=\"b4e05de\" data-element_type=\"section\" data-e-type=\"section\" data-settings=\"{&quot;background_background&quot;:&quot;classic&quot;}\">\n\t\t\t\t\t\t\t<div class=\"elementor-background-overlay\"><\/div>\n\t\t\t\t\t\t\t<div class=\"elementor-container elementor-column-gap-default\">\n\t\t\t\t\t<div class=\"elementor-column elementor-col-100 elementor-top-column elementor-element elementor-element-12e6524\" data-id=\"12e6524\" data-element_type=\"column\" data-e-type=\"column\" data-settings=\"{&quot;background_background&quot;:&quot;classic&quot;}\">\n\t\t\t<div class=\"elementor-widget-wrap elementor-element-populated\">\n\t\t\t\t\t\t<section class=\"elementor-section elementor-inner-section elementor-element elementor-element-d2f85ce elementor-section-boxed elementor-section-height-default elementor-section-height-default\" data-id=\"d2f85ce\" data-element_type=\"section\" data-e-type=\"section\" data-settings=\"{&quot;background_background&quot;:&quot;classic&quot;}\">\n\t\t\t\t\t\t<div class=\"elementor-container elementor-column-gap-default\">\n\t\t\t\t\t<div class=\"elementor-column elementor-col-100 elementor-inner-column elementor-element elementor-element-37a5ace\" data-id=\"37a5ace\" data-element_type=\"column\" data-e-type=\"column\">\n\t\t\t<div class=\"elementor-widget-wrap elementor-element-populated\">\n\t\t\t\t\t\t<div class=\"elementor-element elementor-element-7f63768 elementor-widget elementor-widget-heading\" data-id=\"7f63768\" data-element_type=\"widget\" data-e-type=\"widget\" data-widget_type=\"heading.default\">\n\t\t\t\t\t<h4 class=\"elementor-heading-title elementor-size-default\">Ein gro\u00dfartiger China PCB-Lieferant mit Top-Ingenieuren, Management, Ausr\u00fcstung und jahrzehntelanger Erfahrung.<\/h4>\t\t\t\t<\/div>\n\t\t\t\t\t<\/div>\n\t\t<\/div>\n\t\t\t\t\t<\/div>\n\t\t<\/section>\n\t\t\t\t\t<\/div>\n\t\t<\/div>\n\t\t\t\t\t<\/div>\n\t\t<\/section>\n\t\t\t\t<section class=\"elementor-section elementor-top-section elementor-element elementor-element-ab5700e elementor-section-boxed elementor-section-height-default elementor-section-height-default\" data-id=\"ab5700e\" data-element_type=\"section\" data-e-type=\"section\" data-settings=\"{&quot;background_background&quot;:&quot;classic&quot;}\">\n\t\t\t\t\t\t\t<div class=\"elementor-background-overlay\"><\/div>\n\t\t\t\t\t\t\t<div class=\"elementor-container elementor-column-gap-default\">\n\t\t\t\t\t<div class=\"elementor-column elementor-col-100 elementor-top-column elementor-element elementor-element-216b159\" data-id=\"216b159\" data-element_type=\"column\" data-e-type=\"column\">\n\t\t\t<div class=\"elementor-widget-wrap elementor-element-populated\">\n\t\t\t\t\t\t<section class=\"elementor-section elementor-inner-section elementor-element elementor-element-6006fba elementor-section-boxed elementor-section-height-default elementor-section-height-default\" data-id=\"6006fba\" data-element_type=\"section\" data-e-type=\"section\">\n\t\t\t\t\t\t<div class=\"elementor-container elementor-column-gap-default\">\n\t\t\t\t\t<div class=\"elementor-column elementor-col-100 elementor-inner-column elementor-element elementor-element-6e7f07a\" data-id=\"6e7f07a\" data-element_type=\"column\" data-e-type=\"column\">\n\t\t\t<div class=\"elementor-widget-wrap elementor-element-populated\">\n\t\t\t\t\t\t<div class=\"elementor-element elementor-element-e9405e4 elementor-widget elementor-widget-heading\" data-id=\"e9405e4\" data-element_type=\"widget\" data-e-type=\"widget\" data-widget_type=\"heading.default\">\n\t\t\t\t\t<h2 class=\"elementor-heading-title elementor-size-default\">Wo Qualit\u00e4t auf Zuverl\u00e4ssigkeit trifft<\/h2>\t\t\t\t<\/div>\n\t\t\t\t<div class=\"elementor-element elementor-element-16b9f4b elementor-widget elementor-widget-text-editor\" data-id=\"16b9f4b\" data-element_type=\"widget\" data-e-type=\"widget\" data-widget_type=\"text-editor.default\">\n\t\t\t\t\t\t\t\t\t<p>UMECs Team von \u00fcber 82 Qualit\u00e4tsingenieuren f\u00fchrt in jeder Phase gr\u00fcndliche Inspektionen durch, einschlie\u00dflich Vorproduktions-, Prozess- und Endinspektionen, um eine 99% Erstpass-Ertrag zu gew\u00e4hrleisten. Unsere ISO-zertifizierten Prozesse garantieren zuverl\u00e4ssige und qualitativ hochwertige Teile von der Prototypierung bis zur Vollfertigung.<\/p>\t\t\t\t\t\t\t\t<\/div>\n\t\t\t\t<div class=\"elementor-element elementor-element-fb16469 elementor-widget elementor-widget-image\" data-id=\"fb16469\" data-element_type=\"widget\" data-e-type=\"widget\" data-widget_type=\"image.default\">\n\t\t\t\t\t\t\t\t\t\t\t\t\t\t\t<img fetchpriority=\"high\" decoding=\"async\" width=\"800\" height=\"411\" src=\"https:\/\/www.unimpcb.com\/wp-content\/uploads\/2026\/02\/Quality-Assurance-1-1024x526.jpg\" class=\"attachment-large size-large wp-image-8251\" alt=\"Qualit\u00e4tssicherung\" srcset=\"https:\/\/www.unimpcb.com\/wp-content\/uploads\/2026\/02\/Quality-Assurance-1-1024x526.jpg 1024w, https:\/\/www.unimpcb.com\/wp-content\/uploads\/2026\/02\/Quality-Assurance-1-300x154.jpg 300w, https:\/\/www.unimpcb.com\/wp-content\/uploads\/2026\/02\/Quality-Assurance-1-768x395.jpg 768w, https:\/\/www.unimpcb.com\/wp-content\/uploads\/2026\/02\/Quality-Assurance-1-18x9.jpg 18w, https:\/\/www.unimpcb.com\/wp-content\/uploads\/2026\/02\/Quality-Assurance-1-600x308.jpg 600w, https:\/\/www.unimpcb.com\/wp-content\/uploads\/2026\/02\/Quality-Assurance-1.jpg 1074w\" sizes=\"(max-width: 800px) 100vw, 800px\" \/>\t\t\t\t\t\t\t\t\t\t\t\t\t\t\t<\/div>\n\t\t\t\t\t<\/div>\n\t\t<\/div>\n\t\t\t\t\t<\/div>\n\t\t<\/section>\n\t\t\t\t<section class=\"elementor-section elementor-inner-section elementor-element elementor-element-102653b elementor-section-boxed elementor-section-height-default elementor-section-height-default\" data-id=\"102653b\" data-element_type=\"section\" data-e-type=\"section\">\n\t\t\t\t\t\t<div class=\"elementor-container elementor-column-gap-default\">\n\t\t\t\t\t<div class=\"elementor-column elementor-col-100 elementor-inner-column elementor-element elementor-element-a419986\" data-id=\"a419986\" data-element_type=\"column\" data-e-type=\"column\">\n\t\t\t<div class=\"elementor-widget-wrap elementor-element-populated\">\n\t\t\t\t\t\t<div class=\"elementor-element elementor-element-b70e332 elementor-widget elementor-widget-icon-box\" data-id=\"b70e332\" data-element_type=\"widget\" data-e-type=\"widget\" data-widget_type=\"icon-box.default\">\n\t\t\t\t\t\t\t<div class=\"elementor-icon-box-wrapper\">\n\n\t\t\t\n\t\t\t\t\t\t<div class=\"elementor-icon-box-content\">\n\n\t\t\t\t\t\t\t\t\t<h3 class=\"elementor-icon-box-title\">\n\t\t\t\t\t\t<span  >\n\t\t\t\t\t\t\tFortgeschrittene PCB Fertigung Ausr\u00fcstung\t\t\t\t\t\t<\/span>\n\t\t\t\t\t<\/h3>\n\t\t\t\t\n\t\t\t\t\t\t\t\t\t<p class=\"elementor-icon-box-description\">\n\t\t\t\t\t\tModernste Anlagen mit fortschrittlichen Maschinen und Ausr\u00fcstungen wie 2\/4\/6\/8 Spindelbohrungen, Vakuumlaminierung, LDl, Laserbohrer, AVI\/AOI, Legend Printer und L\u00f6tmaskenspr\u00fchbeschichtungsmaschinen.\t\t\t\t\t<\/p>\n\t\t\t\t\n\t\t\t<\/div>\n\t\t\t\n\t\t<\/div>\n\t\t\t\t\t\t<\/div>\n\t\t\t\t<div class=\"elementor-element elementor-element-b10ed6e elementor-widget elementor-widget-icon-box\" data-id=\"b10ed6e\" data-element_type=\"widget\" data-e-type=\"widget\" data-widget_type=\"icon-box.default\">\n\t\t\t\t\t\t\t<div class=\"elementor-icon-box-wrapper\">\n\n\t\t\t\n\t\t\t\t\t\t<div class=\"elementor-icon-box-content\">\n\n\t\t\t\t\t\t\t\t\t<h3 class=\"elementor-icon-box-title\">\n\t\t\t\t\t\t<span  >\n\t\t\t\t\t\t\tStrenger PCBA-Inspektionsprozess\t\t\t\t\t\t<\/span>\n\t\t\t\t\t<\/h3>\n\t\t\t\t\n\t\t\t\t\t\t\t\t\t<p class=\"elementor-icon-box-description\">\n\t\t\t\t\t\tWir nutzen sowohl Online- als auch Offline-Inspektionen, einschlie\u00dflich der automatisierten optischen Inspektion (AOI),\nSerial Peripheral Interface (SPI), X-ray und First Article Inspection (FAI), um sicherzustellen, dass unsere\nEs werden strenge Qualit\u00e4tsanforderungen erf\u00fcllt. Unsere professionellen technischen Ingenieure unterst\u00fctzen auch Produkte in der Neuen Produkteinf\u00fchrung (NPI).\t\t\t\t\t<\/p>\n\t\t\t\t\n\t\t\t<\/div>\n\t\t\t\n\t\t<\/div>\n\t\t\t\t\t\t<\/div>\n\t\t\t\t<div class=\"elementor-element elementor-element-bec28d7 elementor-widget elementor-widget-icon-box\" data-id=\"bec28d7\" data-element_type=\"widget\" data-e-type=\"widget\" data-widget_type=\"icon-box.default\">\n\t\t\t\t\t\t\t<div class=\"elementor-icon-box-wrapper\">\n\n\t\t\t\n\t\t\t\t\t\t<div class=\"elementor-icon-box-content\">\n\n\t\t\t\t\t\t\t\t\t<h3 class=\"elementor-icon-box-title\">\n\t\t\t\t\t\t<span  >\n\t\t\t\t\t\t\tZertifizierter Herstellungspartner\t\t\t\t\t\t<\/span>\n\t\t\t\t\t<\/h3>\n\t\t\t\t\n\t\t\t\t\t\t\t\t\t<p class=\"elementor-icon-box-description\">\n\t\t\t\t\t\tBesitz von Zertifizierungen wie ISO 9001, ISO 13485, ISO 14001, ISO 45001, ISO 50001,\nIATF 16949, UL und CQC. UMEC ist ein vertrauensw\u00fcrdiger Partner f\u00fcr Branchen mit hoher Qualit\u00e4t\nAnforderungen wie Automobil, Medizinger\u00e4te, Kommunikation, Energie und Verbraucherelektronik.\t\t\t\t\t<\/p>\n\t\t\t\t\n\t\t\t<\/div>\n\t\t\t\n\t\t<\/div>\n\t\t\t\t\t\t<\/div>\n\t\t\t\t\t<\/div>\n\t\t<\/div>\n\t\t\t\t\t<\/div>\n\t\t<\/section>\n\t\t\t\t\t<\/div>\n\t\t<\/div>\n\t\t\t\t\t<\/div>\n\t\t<\/section>\n\t\t\t\t<section class=\"elementor-section elementor-top-section elementor-element elementor-element-9769b3b elementor-section-boxed elementor-section-height-default elementor-section-height-default\" data-id=\"9769b3b\" data-element_type=\"section\" data-e-type=\"section\" data-settings=\"{&quot;background_background&quot;:&quot;classic&quot;}\">\n\t\t\t\t\t\t\t<div class=\"elementor-background-overlay\"><\/div>\n\t\t\t\t\t\t\t<div class=\"elementor-container elementor-column-gap-default\">\n\t\t\t\t\t<div class=\"elementor-column elementor-col-100 elementor-top-column elementor-element elementor-element-8910039\" data-id=\"8910039\" data-element_type=\"column\" data-e-type=\"column\">\n\t\t\t<div class=\"elementor-widget-wrap elementor-element-populated\">\n\t\t\t\t\t\t<div class=\"elementor-element elementor-element-ced3e5d elementor-widget elementor-widget-heading\" data-id=\"ced3e5d\" data-element_type=\"widget\" data-e-type=\"widget\" data-widget_type=\"heading.default\">\n\t\t\t\t\t<h2 class=\"elementor-heading-title elementor-size-default\">Kontaktieren Sie uns und wir erz\u00e4hlen Ihnen mehr<\/h2>\t\t\t\t<\/div>\n\t\t\t\t<div class=\"elementor-element elementor-element-055a95d elementor-align-center elementor-widget elementor-widget-button\" data-id=\"055a95d\" data-element_type=\"widget\" data-e-type=\"widget\" data-widget_type=\"button.default\">\n\t\t\t\t\t\t\t\t\t\t<a class=\"elementor-button elementor-button-link elementor-size-sm\" href=\"https:\/\/www.unimpcb.com\/de\/contact\/\" target=\"_blank\">\n\t\t\t\t\t\t<span class=\"elementor-button-content-wrapper\">\n\t\t\t\t\t\t<span class=\"elementor-button-icon\">\n\t\t\t\t<svg aria-hidden=\"true\" class=\"e-font-icon-svg e-far-hand-point-up\" viewbox=\"0 0 448 512\" xmlns=\"http:\/\/www.w3.org\/2000\/svg\"><path d=\"M105.6 83.2v86.177a115.52 115.52 0 0 0-22.4-2.176c-47.914 0-83.2 35.072-83.2 92 0 45.314 48.537 57.002 78.784 75.707 12.413 7.735 23.317 16.994 33.253 25.851l.146.131.148.129C129.807 376.338 136 384.236 136 391.2v2.679c-4.952 5.747-8 13.536-8 22.12v64c0 17.673 12.894 32 28.8 32h230.4c15.906 0 28.8-14.327 28.8-32v-64c0-8.584-3.048-16.373-8-22.12V391.2c0-28.688 40-67.137 40-127.2v-21.299c0-62.542-38.658-98.8-91.145-99.94-17.813-12.482-40.785-18.491-62.791-15.985A93.148 93.148 0 0 0 272 118.847V83.2C272 37.765 234.416 0 188.8 0c-45.099 0-83.2 38.101-83.2 83.2zm118.4 0v91.026c14.669-12.837 42.825-14.415 61.05 4.95 19.646-11.227 45.624-1.687 53.625 12.925 39.128-6.524 61.325 10.076 61.325 50.6V264c0 45.491-35.913 77.21-39.676 120H183.571c-2.964-25.239-21.222-42.966-39.596-59.075-12.65-11.275-25.3-21.725-39.875-30.799C80.712 279.645 48 267.994 48 259.2c0-23.375 8.8-44 35.2-44 35.2 0 53.075 26.4 70.4 26.4V83.2c0-18.425 16.5-35.2 35.2-35.2 18.975 0 35.2 16.225 35.2 35.2zM352 424c13.255 0 24 10.745 24 24s-10.745 24-24 24-24-10.745-24-24 10.745-24 24-24z\"><\/path><\/svg>\t\t\t<\/span>\n\t\t\t\t\t\t\t\t\t<span class=\"elementor-button-text\">Kontaktieren Sie uns <\/span>\n\t\t\t\t\t<\/span>\n\t\t\t\t\t<\/a>\n\t\t\t\t\t\t\t\t<\/div>\n\t\t\t\t\t<\/div>\n\t\t<\/div>\n\t\t\t\t\t<\/div>\n\t\t<\/section>\n\t\t\t\t<\/div>","protected":false},"excerpt":{"rendered":"<p>A great China PCB Supplier with top engineers, management, equipment, and decades of experience. Where Quality Meets Reliability in Custom Manufacturing UMEC\u2019s team of over 82 quality engineers conducts thorough inspections at every stage, including pre-production, in-process, and final inspections, to ensure a 99% first-pass yield. Our ISO-certified processes guarantee reliable and high-quality parts from [&hellip;]<\/p>\n","protected":false},"author":1,"featured_media":0,"parent":0,"menu_order":2,"comment_status":"closed","ping_status":"closed","template":"elementor_header_footer","meta":{"footnotes":""},"class_list":["post-7956","page","type-page","status-publish","hentry"],"_links":{"self":[{"href":"https:\/\/www.unimpcb.com\/de\/wp-json\/wp\/v2\/pages\/7956","targetHints":{"allow":["GET"]}}],"collection":[{"href":"https:\/\/www.unimpcb.com\/de\/wp-json\/wp\/v2\/pages"}],"about":[{"href":"https:\/\/www.unimpcb.com\/de\/wp-json\/wp\/v2\/types\/page"}],"author":[{"embeddable":true,"href":"https:\/\/www.unimpcb.com\/de\/wp-json\/wp\/v2\/users\/1"}],"replies":[{"embeddable":true,"href":"https:\/\/www.unimpcb.com\/de\/wp-json\/wp\/v2\/comments?post=7956"}],"version-history":[{"count":0,"href":"https:\/\/www.unimpcb.com\/de\/wp-json\/wp\/v2\/pages\/7956\/revisions"}],"wp:attachment":[{"href":"https:\/\/www.unimpcb.com\/de\/wp-json\/wp\/v2\/media?parent=7956"}],"curies":[{"name":"WP","href":"https:\/\/api.w.org\/{rel}","templated":true}]}}